{"id":5854931,"date":"2026-02-18T18:41:22","date_gmt":"2026-02-18T17:41:22","guid":{"rendered":"https:\/\/stoic-curie.212-227-153-4.plesk.page\/product\/izvorni-gumeni-pokrivac-za-siftanje-za-suzuki-motore-kod-25223-94400\/"},"modified":"2026-02-25T00:02:11","modified_gmt":"2026-02-25T00:02:11","slug":"izvorni-gumeni-pokrivac-za-siftanje-za-suzuki-motore-kod-25223-94400","status":"publish","type":"product","link":"https:\/\/stoic-curie.212-227-153-4.plesk.page\/hr\/product\/izvorni-gumeni-pokrivac-za-siftanje-za-suzuki-motore-kod-25223-94400\/","title":{"rendered":"Izvorni Gumeni Pokriva\u010d za \u0160iftanje za Suzuki Motore &#8211; Kod 25223-94400"},"content":{"rendered":"<p>Izvorni Gumeni Pokriva\u010d za \u0160iftanje za Suzuki Motore &#8211; Kod 25223-94400 &#8211; <\/p>\n<p>Pokriva\u010d za \u0161iftanje dizajniran posebno za Suzuki vanbrodske motore. Ovo je kompatibilna zamjenska dijelova koja osigurava optimalne performanse i izdr\u017eljivost.<\/p>\n","protected":false},"excerpt":{"rendered":"<p>Izvorni Gumeni Pokriva\u010d za \u0160iftanje za Suzuki Motore &#8211; Kod 25223-94400 &#8211; Pokriva\u010d za \u0161iftanje dizajniran posebno za Suzuki vanbrodske<\/p>\n","protected":false},"featured_media":5852893,"comment_status":"open","ping_status":"closed","template":"","meta":[],"product_brand":[3391],"product_cat":[1832],"product_tag":[],"class_list":{"0":"post-5854931","1":"product","2":"type-product","3":"status-publish","4":"has-post-thumbnail","6":"product_brand-sierra-marine-hr","7":"product_cat-rezervni-dijelovi-za-vanbrodske-motore-suzuki","9":"first","10":"instock","11":"shipping-taxable","12":"purchasable","13":"product-type-simple"},"_links":{"self":[{"href":"https:\/\/stoic-curie.212-227-153-4.plesk.page\/hr\/wp-json\/wp\/v2\/product\/5854931","targetHints":{"allow":["GET"]}}],"collection":[{"href":"https:\/\/stoic-curie.212-227-153-4.plesk.page\/hr\/wp-json\/wp\/v2\/product"}],"about":[{"href":"https:\/\/stoic-curie.212-227-153-4.plesk.page\/hr\/wp-json\/wp\/v2\/types\/product"}],"replies":[{"embeddable":true,"href":"https:\/\/stoic-curie.212-227-153-4.plesk.page\/hr\/wp-json\/wp\/v2\/comments?post=5854931"}],"version-history":[{"count":0,"href":"https:\/\/stoic-curie.212-227-153-4.plesk.page\/hr\/wp-json\/wp\/v2\/product\/5854931\/revisions"}],"wp:featuredmedia":[{"embeddable":true,"href":"https:\/\/stoic-curie.212-227-153-4.plesk.page\/hr\/wp-json\/wp\/v2\/media\/5852893"}],"wp:attachment":[{"href":"https:\/\/stoic-curie.212-227-153-4.plesk.page\/hr\/wp-json\/wp\/v2\/media?parent=5854931"}],"wp:term":[{"taxonomy":"product_brand","embeddable":true,"href":"https:\/\/stoic-curie.212-227-153-4.plesk.page\/hr\/wp-json\/wp\/v2\/product_brand?post=5854931"},{"taxonomy":"product_cat","embeddable":true,"href":"https:\/\/stoic-curie.212-227-153-4.plesk.page\/hr\/wp-json\/wp\/v2\/product_cat?post=5854931"},{"taxonomy":"product_tag","embeddable":true,"href":"https:\/\/stoic-curie.212-227-153-4.plesk.page\/hr\/wp-json\/wp\/v2\/product_tag?post=5854931"}],"curies":[{"name":"wp","href":"https:\/\/api.w.org\/{rel}","templated":true}]}}