{"id":5854944,"date":"2026-02-18T18:41:30","date_gmt":"2026-02-18T17:41:30","guid":{"rendered":"https:\/\/stoic-curie.212-227-153-4.plesk.page\/product\/izvorno-kuciste-pumpe-za-vodu-za-yamaha-motore-66t-44311-00-f30-40\/"},"modified":"2026-02-25T00:02:11","modified_gmt":"2026-02-25T00:02:11","slug":"izvorno-kuciste-pumpe-za-vodu-za-yamaha-motore-66t-44311-00-f30-40","status":"publish","type":"product","link":"https:\/\/stoic-curie.212-227-153-4.plesk.page\/hr\/product\/izvorno-kuciste-pumpe-za-vodu-za-yamaha-motore-66t-44311-00-f30-40\/","title":{"rendered":"Izvorno ku\u0107i\u0161te pumpe za vodu za Yamaha motore 66T-44311-00 F30\/40"},"content":{"rendered":"<p>Izvorno ku\u0107i\u0161te pumpe za vodu za Yamaha motore 66T-44311-00 F30\/40 &#8211; <\/p>\n<p>Ku\u0107i\u0161ta pumpe za vodu posebno dizajnirana za Yamaha vanbrodske motore, osiguravaju\u0107i kompatibilnost i funkcionalnost. Kvalitetni rezervni dijelovi za pouzdanu izvedbu.<\/p>\n","protected":false},"excerpt":{"rendered":"<p>Izvorno ku\u0107i\u0161te pumpe za vodu za Yamaha motore 66T-44311-00 F30\/40 &#8211; Ku\u0107i\u0161ta pumpe za vodu posebno dizajnirana za Yamaha vanbrodske<\/p>\n","protected":false},"featured_media":5852974,"comment_status":"open","ping_status":"closed","template":"","meta":[],"product_brand":[3391],"product_cat":[1831],"product_tag":[],"class_list":{"0":"post-5854944","1":"product","2":"type-product","3":"status-publish","4":"has-post-thumbnail","6":"product_brand-sierra-marine-hr","7":"product_cat-rezervni-dijelovi-za-vanbrodske-motore-yamaha","9":"first","10":"instock","11":"shipping-taxable","12":"purchasable","13":"product-type-simple"},"_links":{"self":[{"href":"https:\/\/stoic-curie.212-227-153-4.plesk.page\/hr\/wp-json\/wp\/v2\/product\/5854944","targetHints":{"allow":["GET"]}}],"collection":[{"href":"https:\/\/stoic-curie.212-227-153-4.plesk.page\/hr\/wp-json\/wp\/v2\/product"}],"about":[{"href":"https:\/\/stoic-curie.212-227-153-4.plesk.page\/hr\/wp-json\/wp\/v2\/types\/product"}],"replies":[{"embeddable":true,"href":"https:\/\/stoic-curie.212-227-153-4.plesk.page\/hr\/wp-json\/wp\/v2\/comments?post=5854944"}],"version-history":[{"count":0,"href":"https:\/\/stoic-curie.212-227-153-4.plesk.page\/hr\/wp-json\/wp\/v2\/product\/5854944\/revisions"}],"wp:featuredmedia":[{"embeddable":true,"href":"https:\/\/stoic-curie.212-227-153-4.plesk.page\/hr\/wp-json\/wp\/v2\/media\/5852974"}],"wp:attachment":[{"href":"https:\/\/stoic-curie.212-227-153-4.plesk.page\/hr\/wp-json\/wp\/v2\/media?parent=5854944"}],"wp:term":[{"taxonomy":"product_brand","embeddable":true,"href":"https:\/\/stoic-curie.212-227-153-4.plesk.page\/hr\/wp-json\/wp\/v2\/product_brand?post=5854944"},{"taxonomy":"product_cat","embeddable":true,"href":"https:\/\/stoic-curie.212-227-153-4.plesk.page\/hr\/wp-json\/wp\/v2\/product_cat?post=5854944"},{"taxonomy":"product_tag","embeddable":true,"href":"https:\/\/stoic-curie.212-227-153-4.plesk.page\/hr\/wp-json\/wp\/v2\/product_tag?post=5854944"}],"curies":[{"name":"wp","href":"https:\/\/api.w.org\/{rel}","templated":true}]}}