{"id":5854950,"date":"2026-02-18T18:41:34","date_gmt":"2026-02-18T17:41:34","guid":{"rendered":"https:\/\/stoic-curie.212-227-153-4.plesk.page\/product\/set-za-popravak-pumpe-za-vodu-i-pogonske-jedinice-za-yamaha-vanbrodske-motore-original-682-w0078-a1-9-9-15-ks\/"},"modified":"2026-02-25T00:02:11","modified_gmt":"2026-02-25T00:02:11","slug":"set-za-popravak-pumpe-za-vodu-i-pogonske-jedinice-za-yamaha-vanbrodske-motore-original-682-w0078-a1-9-9-15-ks","status":"publish","type":"product","link":"https:\/\/stoic-curie.212-227-153-4.plesk.page\/hr\/product\/set-za-popravak-pumpe-za-vodu-i-pogonske-jedinice-za-yamaha-vanbrodske-motore-original-682-w0078-a1-9-9-15-ks\/","title":{"rendered":"Set za popravak pumpe za vodu i pogonske jedinice za Yamaha vanbrodske motore Original 682-W0078-A1 (9.9\/15 KS)"},"content":{"rendered":"<p>Set za popravak pumpe za vodu i pogonske jedinice za Yamaha vanbrodske motore Original 682-W0078-A1 (9.9\/15 KS) &#8211; Ovaj originalni set za popravak dizajniran je za Yamaha vanbrodske motore s modelom 682-W0078-A1. Sadr\u017ei sve potrebne komponente za u\u010dinkovitu popravku pumpe za vodu i pogonske jedinice, osiguravaju\u0107i optimalne performanse motora od 9.9 i 15 KS.<\/p>\n","protected":false},"excerpt":{"rendered":"<p>Set za popravak pumpe za vodu i pogonske jedinice za Yamaha vanbrodske motore Original 682-W0078-A1 (9.9\/15 KS) &#8211; Ovaj originalni<\/p>\n","protected":false},"featured_media":5735996,"comment_status":"open","ping_status":"closed","template":"","meta":[],"product_brand":[3391],"product_cat":[1831],"product_tag":[],"class_list":{"0":"post-5854950","1":"product","2":"type-product","3":"status-publish","4":"has-post-thumbnail","6":"product_brand-sierra-marine-hr","7":"product_cat-rezervni-dijelovi-za-vanbrodske-motore-yamaha","9":"first","10":"instock","11":"shipping-taxable","12":"purchasable","13":"product-type-simple"},"_links":{"self":[{"href":"https:\/\/stoic-curie.212-227-153-4.plesk.page\/hr\/wp-json\/wp\/v2\/product\/5854950","targetHints":{"allow":["GET"]}}],"collection":[{"href":"https:\/\/stoic-curie.212-227-153-4.plesk.page\/hr\/wp-json\/wp\/v2\/product"}],"about":[{"href":"https:\/\/stoic-curie.212-227-153-4.plesk.page\/hr\/wp-json\/wp\/v2\/types\/product"}],"replies":[{"embeddable":true,"href":"https:\/\/stoic-curie.212-227-153-4.plesk.page\/hr\/wp-json\/wp\/v2\/comments?post=5854950"}],"version-history":[{"count":0,"href":"https:\/\/stoic-curie.212-227-153-4.plesk.page\/hr\/wp-json\/wp\/v2\/product\/5854950\/revisions"}],"wp:featuredmedia":[{"embeddable":true,"href":"https:\/\/stoic-curie.212-227-153-4.plesk.page\/hr\/wp-json\/wp\/v2\/media\/5735996"}],"wp:attachment":[{"href":"https:\/\/stoic-curie.212-227-153-4.plesk.page\/hr\/wp-json\/wp\/v2\/media?parent=5854950"}],"wp:term":[{"taxonomy":"product_brand","embeddable":true,"href":"https:\/\/stoic-curie.212-227-153-4.plesk.page\/hr\/wp-json\/wp\/v2\/product_brand?post=5854950"},{"taxonomy":"product_cat","embeddable":true,"href":"https:\/\/stoic-curie.212-227-153-4.plesk.page\/hr\/wp-json\/wp\/v2\/product_cat?post=5854950"},{"taxonomy":"product_tag","embeddable":true,"href":"https:\/\/stoic-curie.212-227-153-4.plesk.page\/hr\/wp-json\/wp\/v2\/product_tag?post=5854950"}],"curies":[{"name":"wp","href":"https:\/\/api.w.org\/{rel}","templated":true}]}}