{"id":5854962,"date":"2026-02-18T18:41:43","date_gmt":"2026-02-18T17:41:43","guid":{"rendered":"https:\/\/stoic-curie.212-227-153-4.plesk.page\/product\/kit-za-popravak-vodene-pumpe-i-pogonske-jedinice-za-yamaha-vanbrodske-motore-original-6ce-w0078-00-f225-300\/"},"modified":"2026-02-25T00:02:11","modified_gmt":"2026-02-25T00:02:11","slug":"kit-za-popravak-vodene-pumpe-i-pogonske-jedinice-za-yamaha-vanbrodske-motore-original-6ce-w0078-00-f225-300","status":"publish","type":"product","link":"https:\/\/stoic-curie.212-227-153-4.plesk.page\/hr\/product\/kit-za-popravak-vodene-pumpe-i-pogonske-jedinice-za-yamaha-vanbrodske-motore-original-6ce-w0078-00-f225-300\/","title":{"rendered":"Kit za popravak vodene pumpe i pogonske jedinice za Yamaha vanbrodske motore &#8211; Original 6CE-W0078-00 (F225\/300)"},"content":{"rendered":"<p>Kit za popravak vodene pumpe i pogonske jedinice za Yamaha vanbrodske motore &#8211; Original 6CE-W0078-00 (F225\/300) &#8211; Ovaj originalni set za popravak posebno je dizajniran za Yamaha vanbrodske motore, osiguravaju\u0107i optimalne performanse i pouzdanost. Sadr\u017ei sve potrebne komponente za obnavljanje vodene pumpe i pogonske jedinice va\u0161eg motora.<\/p>\n","protected":false},"excerpt":{"rendered":"<p>Kit za popravak vodene pumpe i pogonske jedinice za Yamaha vanbrodske motore &#8211; Original 6CE-W0078-00 (F225\/300) &#8211; Ovaj originalni set<\/p>\n","protected":false},"featured_media":5735996,"comment_status":"open","ping_status":"closed","template":"","meta":[],"product_brand":[3391],"product_cat":[1831],"product_tag":[],"class_list":{"0":"post-5854962","1":"product","2":"type-product","3":"status-publish","4":"has-post-thumbnail","6":"product_brand-sierra-marine-hr","7":"product_cat-rezervni-dijelovi-za-vanbrodske-motore-yamaha","9":"first","10":"instock","11":"shipping-taxable","12":"purchasable","13":"product-type-simple"},"_links":{"self":[{"href":"https:\/\/stoic-curie.212-227-153-4.plesk.page\/hr\/wp-json\/wp\/v2\/product\/5854962","targetHints":{"allow":["GET"]}}],"collection":[{"href":"https:\/\/stoic-curie.212-227-153-4.plesk.page\/hr\/wp-json\/wp\/v2\/product"}],"about":[{"href":"https:\/\/stoic-curie.212-227-153-4.plesk.page\/hr\/wp-json\/wp\/v2\/types\/product"}],"replies":[{"embeddable":true,"href":"https:\/\/stoic-curie.212-227-153-4.plesk.page\/hr\/wp-json\/wp\/v2\/comments?post=5854962"}],"version-history":[{"count":0,"href":"https:\/\/stoic-curie.212-227-153-4.plesk.page\/hr\/wp-json\/wp\/v2\/product\/5854962\/revisions"}],"wp:featuredmedia":[{"embeddable":true,"href":"https:\/\/stoic-curie.212-227-153-4.plesk.page\/hr\/wp-json\/wp\/v2\/media\/5735996"}],"wp:attachment":[{"href":"https:\/\/stoic-curie.212-227-153-4.plesk.page\/hr\/wp-json\/wp\/v2\/media?parent=5854962"}],"wp:term":[{"taxonomy":"product_brand","embeddable":true,"href":"https:\/\/stoic-curie.212-227-153-4.plesk.page\/hr\/wp-json\/wp\/v2\/product_brand?post=5854962"},{"taxonomy":"product_cat","embeddable":true,"href":"https:\/\/stoic-curie.212-227-153-4.plesk.page\/hr\/wp-json\/wp\/v2\/product_cat?post=5854962"},{"taxonomy":"product_tag","embeddable":true,"href":"https:\/\/stoic-curie.212-227-153-4.plesk.page\/hr\/wp-json\/wp\/v2\/product_tag?post=5854962"}],"curies":[{"name":"wp","href":"https:\/\/api.w.org\/{rel}","templated":true}]}}