{"id":5854981,"date":"2026-02-18T18:41:56","date_gmt":"2026-02-18T17:41:56","guid":{"rendered":"https:\/\/stoic-curie.212-227-153-4.plesk.page\/product\/izvorna-ploca-za-zakljucavanje-za-yamaha-motore-703-48245-00\/"},"modified":"2026-02-25T00:02:11","modified_gmt":"2026-02-25T00:02:11","slug":"izvorna-ploca-za-zakljucavanje-za-yamaha-motore-703-48245-00","status":"publish","type":"product","link":"https:\/\/stoic-curie.212-227-153-4.plesk.page\/hr\/product\/izvorna-ploca-za-zakljucavanje-za-yamaha-motore-703-48245-00\/","title":{"rendered":"Izvorna plo\u010da za zaklju\u010davanje za Yamaha motore 703-48245-00"},"content":{"rendered":"<p>Izvorna plo\u010da za zaklju\u010davanje za Yamaha motore 703-48245-00 &#8211; <\/p>\n<p>Plo\u010da za zaklju\u010davanje dizajnirana za Yamaha vanbrodske motore. Ovaj dio mo\u017ee zamijeniti OEM komponentu.<\/p>\n","protected":false},"excerpt":{"rendered":"<p>Izvorna plo\u010da za zaklju\u010davanje za Yamaha motore 703-48245-00 &#8211; Plo\u010da za zaklju\u010davanje dizajnirana za Yamaha vanbrodske motore. Ovaj dio mo\u017ee<\/p>\n","protected":false},"featured_media":5853416,"comment_status":"open","ping_status":"closed","template":"","meta":[],"product_brand":[3391],"product_cat":[1831],"product_tag":[],"class_list":{"0":"post-5854981","1":"product","2":"type-product","3":"status-publish","4":"has-post-thumbnail","6":"product_brand-sierra-marine-hr","7":"product_cat-rezervni-dijelovi-za-vanbrodske-motore-yamaha","9":"first","10":"instock","11":"shipping-taxable","12":"purchasable","13":"product-type-simple"},"_links":{"self":[{"href":"https:\/\/stoic-curie.212-227-153-4.plesk.page\/hr\/wp-json\/wp\/v2\/product\/5854981","targetHints":{"allow":["GET"]}}],"collection":[{"href":"https:\/\/stoic-curie.212-227-153-4.plesk.page\/hr\/wp-json\/wp\/v2\/product"}],"about":[{"href":"https:\/\/stoic-curie.212-227-153-4.plesk.page\/hr\/wp-json\/wp\/v2\/types\/product"}],"replies":[{"embeddable":true,"href":"https:\/\/stoic-curie.212-227-153-4.plesk.page\/hr\/wp-json\/wp\/v2\/comments?post=5854981"}],"version-history":[{"count":0,"href":"https:\/\/stoic-curie.212-227-153-4.plesk.page\/hr\/wp-json\/wp\/v2\/product\/5854981\/revisions"}],"wp:featuredmedia":[{"embeddable":true,"href":"https:\/\/stoic-curie.212-227-153-4.plesk.page\/hr\/wp-json\/wp\/v2\/media\/5853416"}],"wp:attachment":[{"href":"https:\/\/stoic-curie.212-227-153-4.plesk.page\/hr\/wp-json\/wp\/v2\/media?parent=5854981"}],"wp:term":[{"taxonomy":"product_brand","embeddable":true,"href":"https:\/\/stoic-curie.212-227-153-4.plesk.page\/hr\/wp-json\/wp\/v2\/product_brand?post=5854981"},{"taxonomy":"product_cat","embeddable":true,"href":"https:\/\/stoic-curie.212-227-153-4.plesk.page\/hr\/wp-json\/wp\/v2\/product_cat?post=5854981"},{"taxonomy":"product_tag","embeddable":true,"href":"https:\/\/stoic-curie.212-227-153-4.plesk.page\/hr\/wp-json\/wp\/v2\/product_tag?post=5854981"}],"curies":[{"name":"wp","href":"https:\/\/api.w.org\/{rel}","templated":true}]}}