{"id":5854986,"date":"2026-02-18T18:41:59","date_gmt":"2026-02-18T17:41:59","guid":{"rendered":"https:\/\/stoic-curie.212-227-153-4.plesk.page\/product\/originalni-packingovi-nizi-elementi-za-honda-motore-19242-zv5-000\/"},"modified":"2026-02-25T00:02:11","modified_gmt":"2026-02-25T00:02:11","slug":"originalni-packingovi-nizi-elementi-za-honda-motore-19242-zv5-000","status":"publish","type":"product","link":"https:\/\/stoic-curie.212-227-153-4.plesk.page\/hr\/product\/originalni-packingovi-nizi-elementi-za-honda-motore-19242-zv5-000\/","title":{"rendered":"Originalni packingovi\/ni\u017ei elementi za Honda motore 19242-ZV5-000"},"content":{"rendered":"<p>Originalni packingovi\/ni\u017ei elementi za Honda motore 19242-ZV5-000 &#8211; <\/p>\n<p>Na\u0161i packingovi i ni\u017ei elementi su posebno dizajnirani za Honda vanbrodske motore. to su kompatibilni rezervni dijelovi koji osiguravaju optimalnu u\u010dinkovitost i trajnost.<\/p>\n","protected":false},"excerpt":{"rendered":"<p>Originalni packingovi\/ni\u017ei elementi za Honda motore 19242-ZV5-000 &#8211; Na\u0161i packingovi i ni\u017ei elementi su posebno dizajnirani za Honda vanbrodske motore.<\/p>\n","protected":false},"featured_media":5853422,"comment_status":"open","ping_status":"closed","template":"","meta":[],"product_brand":[3391],"product_cat":[1825],"product_tag":[],"class_list":{"0":"post-5854986","1":"product","2":"type-product","3":"status-publish","4":"has-post-thumbnail","6":"product_brand-sierra-marine-hr","7":"product_cat-rezervni-dijelovi-za-vanbrodske-motore-honda","9":"first","10":"instock","11":"shipping-taxable","12":"purchasable","13":"product-type-simple"},"_links":{"self":[{"href":"https:\/\/stoic-curie.212-227-153-4.plesk.page\/hr\/wp-json\/wp\/v2\/product\/5854986","targetHints":{"allow":["GET"]}}],"collection":[{"href":"https:\/\/stoic-curie.212-227-153-4.plesk.page\/hr\/wp-json\/wp\/v2\/product"}],"about":[{"href":"https:\/\/stoic-curie.212-227-153-4.plesk.page\/hr\/wp-json\/wp\/v2\/types\/product"}],"replies":[{"embeddable":true,"href":"https:\/\/stoic-curie.212-227-153-4.plesk.page\/hr\/wp-json\/wp\/v2\/comments?post=5854986"}],"version-history":[{"count":0,"href":"https:\/\/stoic-curie.212-227-153-4.plesk.page\/hr\/wp-json\/wp\/v2\/product\/5854986\/revisions"}],"wp:featuredmedia":[{"embeddable":true,"href":"https:\/\/stoic-curie.212-227-153-4.plesk.page\/hr\/wp-json\/wp\/v2\/media\/5853422"}],"wp:attachment":[{"href":"https:\/\/stoic-curie.212-227-153-4.plesk.page\/hr\/wp-json\/wp\/v2\/media?parent=5854986"}],"wp:term":[{"taxonomy":"product_brand","embeddable":true,"href":"https:\/\/stoic-curie.212-227-153-4.plesk.page\/hr\/wp-json\/wp\/v2\/product_brand?post=5854986"},{"taxonomy":"product_cat","embeddable":true,"href":"https:\/\/stoic-curie.212-227-153-4.plesk.page\/hr\/wp-json\/wp\/v2\/product_cat?post=5854986"},{"taxonomy":"product_tag","embeddable":true,"href":"https:\/\/stoic-curie.212-227-153-4.plesk.page\/hr\/wp-json\/wp\/v2\/product_tag?post=5854986"}],"curies":[{"name":"wp","href":"https:\/\/api.w.org\/{rel}","templated":true}]}}