{"id":5855024,"date":"2026-02-18T18:42:29","date_gmt":"2026-02-18T17:42:29","guid":{"rendered":"https:\/\/stoic-curie.212-227-153-4.plesk.page\/product\/svjecice-kod-bp6es-oem\/"},"modified":"2026-02-25T00:02:11","modified_gmt":"2026-02-25T00:02:11","slug":"svjecice-kod-bp6es-oem","status":"publish","type":"product","link":"https:\/\/stoic-curie.212-227-153-4.plesk.page\/hr\/product\/svjecice-kod-bp6es-oem\/","title":{"rendered":"Svje\u0107ice Kod BP6ES OEM"},"content":{"rendered":"<p>Svje\u0107ice Kod BP6ES OEM &#8211; <\/p>\n<p>Motomarine vs OEM referentna tablica.<br \/> Lijevi stupac sadr\u017ei kodove svje\u0107ica Motomarine, dok desni stupac sadr\u017ei kodove svje\u0107ica OEM.<\/p>\n","protected":false},"excerpt":{"rendered":"<p>Svje\u0107ice Kod BP6ES OEM &#8211; Motomarine vs OEM referentna tablica. Lijevi stupac sadr\u017ei kodove svje\u0107ica Motomarine, dok desni stupac sadr\u017ei<\/p>\n","protected":false},"featured_media":5940460,"comment_status":"open","ping_status":"closed","template":"","meta":[],"product_brand":[3391],"product_cat":[1819],"product_tag":[],"class_list":{"0":"post-5855024","1":"product","2":"type-product","3":"status-publish","4":"has-post-thumbnail","6":"product_brand-sierra-marine-hr","7":"product_cat-brodske-svjecice","9":"first","10":"instock","11":"shipping-taxable","12":"purchasable","13":"product-type-simple"},"_links":{"self":[{"href":"https:\/\/stoic-curie.212-227-153-4.plesk.page\/hr\/wp-json\/wp\/v2\/product\/5855024","targetHints":{"allow":["GET"]}}],"collection":[{"href":"https:\/\/stoic-curie.212-227-153-4.plesk.page\/hr\/wp-json\/wp\/v2\/product"}],"about":[{"href":"https:\/\/stoic-curie.212-227-153-4.plesk.page\/hr\/wp-json\/wp\/v2\/types\/product"}],"replies":[{"embeddable":true,"href":"https:\/\/stoic-curie.212-227-153-4.plesk.page\/hr\/wp-json\/wp\/v2\/comments?post=5855024"}],"version-history":[{"count":0,"href":"https:\/\/stoic-curie.212-227-153-4.plesk.page\/hr\/wp-json\/wp\/v2\/product\/5855024\/revisions"}],"wp:featuredmedia":[{"embeddable":true,"href":"https:\/\/stoic-curie.212-227-153-4.plesk.page\/hr\/wp-json\/wp\/v2\/media\/5940460"}],"wp:attachment":[{"href":"https:\/\/stoic-curie.212-227-153-4.plesk.page\/hr\/wp-json\/wp\/v2\/media?parent=5855024"}],"wp:term":[{"taxonomy":"product_brand","embeddable":true,"href":"https:\/\/stoic-curie.212-227-153-4.plesk.page\/hr\/wp-json\/wp\/v2\/product_brand?post=5855024"},{"taxonomy":"product_cat","embeddable":true,"href":"https:\/\/stoic-curie.212-227-153-4.plesk.page\/hr\/wp-json\/wp\/v2\/product_cat?post=5855024"},{"taxonomy":"product_tag","embeddable":true,"href":"https:\/\/stoic-curie.212-227-153-4.plesk.page\/hr\/wp-json\/wp\/v2\/product_tag?post=5855024"}],"curies":[{"name":"wp","href":"https:\/\/api.w.org\/{rel}","templated":true}]}}