{"id":5855038,"date":"2026-02-18T18:42:44","date_gmt":"2026-02-18T17:42:44","guid":{"rendered":"https:\/\/stoic-curie.212-227-153-4.plesk.page\/product\/izvlacivaci-impelera-spx-09-47163-01-za-model-09-821bt\/"},"modified":"2026-02-25T00:02:11","modified_gmt":"2026-02-25T00:02:11","slug":"izvlacivaci-impelera-spx-09-47163-01-za-model-09-821bt","status":"publish","type":"product","link":"https:\/\/stoic-curie.212-227-153-4.plesk.page\/hr\/product\/izvlacivaci-impelera-spx-09-47163-01-za-model-09-821bt\/","title":{"rendered":"Izvla\u010diva\u010di Impelera SPX 09-47163-01 za Model 09-821BT"},"content":{"rendered":"<p>Izvla\u010diva\u010di Impelera SPX 09-47163-01 za Model 09-821BT &#8211; <\/p>\n<p>Specijalno dizajnirani za uklanjanje impelera, na\u0161i izvla\u010diva\u010di osiguravaju bezbri\u017eno iskustvo.<\/p>\n","protected":false},"excerpt":{"rendered":"<p>Izvla\u010diva\u010di Impelera SPX 09-47163-01 za Model 09-821BT &#8211; Specijalno dizajnirani za uklanjanje impelera, na\u0161i izvla\u010diva\u010di osiguravaju bezbri\u017eno iskustvo.<\/p>\n","protected":false},"featured_media":5853663,"comment_status":"open","ping_status":"closed","template":"","meta":[],"product_brand":[3046],"product_cat":[1809],"product_tag":[],"class_list":{"0":"post-5855038","1":"product","2":"type-product","3":"status-publish","4":"has-post-thumbnail","6":"product_brand-johnson-marine-hr","7":"product_cat-pumpe-za-hladenje-motora","9":"first","10":"instock","11":"shipping-taxable","12":"purchasable","13":"product-type-simple"},"_links":{"self":[{"href":"https:\/\/stoic-curie.212-227-153-4.plesk.page\/hr\/wp-json\/wp\/v2\/product\/5855038","targetHints":{"allow":["GET"]}}],"collection":[{"href":"https:\/\/stoic-curie.212-227-153-4.plesk.page\/hr\/wp-json\/wp\/v2\/product"}],"about":[{"href":"https:\/\/stoic-curie.212-227-153-4.plesk.page\/hr\/wp-json\/wp\/v2\/types\/product"}],"replies":[{"embeddable":true,"href":"https:\/\/stoic-curie.212-227-153-4.plesk.page\/hr\/wp-json\/wp\/v2\/comments?post=5855038"}],"version-history":[{"count":0,"href":"https:\/\/stoic-curie.212-227-153-4.plesk.page\/hr\/wp-json\/wp\/v2\/product\/5855038\/revisions"}],"wp:featuredmedia":[{"embeddable":true,"href":"https:\/\/stoic-curie.212-227-153-4.plesk.page\/hr\/wp-json\/wp\/v2\/media\/5853663"}],"wp:attachment":[{"href":"https:\/\/stoic-curie.212-227-153-4.plesk.page\/hr\/wp-json\/wp\/v2\/media?parent=5855038"}],"wp:term":[{"taxonomy":"product_brand","embeddable":true,"href":"https:\/\/stoic-curie.212-227-153-4.plesk.page\/hr\/wp-json\/wp\/v2\/product_brand?post=5855038"},{"taxonomy":"product_cat","embeddable":true,"href":"https:\/\/stoic-curie.212-227-153-4.plesk.page\/hr\/wp-json\/wp\/v2\/product_cat?post=5855038"},{"taxonomy":"product_tag","embeddable":true,"href":"https:\/\/stoic-curie.212-227-153-4.plesk.page\/hr\/wp-json\/wp\/v2\/product_tag?post=5855038"}],"curies":[{"name":"wp","href":"https:\/\/api.w.org\/{rel}","templated":true}]}}