{"id":5855042,"date":"2026-02-18T18:42:47","date_gmt":"2026-02-18T17:42:47","guid":{"rendered":"https:\/\/stoic-curie.212-227-153-4.plesk.page\/product\/metricka-stezalica-za-rezanje-uzadi-za-osovinu-25-mm-o-vanjski-80-mm-o-debljina-18-mm\/"},"modified":"2026-02-25T00:02:11","modified_gmt":"2026-02-25T00:02:11","slug":"metricka-stezalica-za-rezanje-uzadi-za-osovinu-25-mm-o-vanjski-80-mm-o-debljina-18-mm","status":"publish","type":"product","link":"https:\/\/stoic-curie.212-227-153-4.plesk.page\/hr\/product\/metricka-stezalica-za-rezanje-uzadi-za-osovinu-25-mm-o-vanjski-80-mm-o-debljina-18-mm\/","title":{"rendered":"Metrick\u00e1 stezalica za rezanje u\u017eadi za osovinu 25 mm \u00d8 vanjski 80 mm \u00d8 debljina 18 mm"},"content":{"rendered":"<p>Metrick\u00e1 stezalica za rezanje u\u017eadi za osovinu 25 mm \u00d8 vanjski 80 mm \u00d8 debljina 18 mm &#8211; <\/p>\n<p>Ova stezalica za rezanje u\u017eadi izra\u0111ena je od AISI 316L nehr\u0111aju\u0107eg \u010delika i daje za\u0161titu propelera i osovine od u\u017eadi, kabela i otpada koji se mogu zaplesti tijekom rotacije. Sustav stezanja s vijcima omogu\u0107ava jednostavnu instalaciju bez uklanjanja propelera. O\u0161trice su dizajnirane da re\u017eu bez vibracija i rotiraju bez uzrokovanja kavitacije.<\/p>\n","protected":false},"excerpt":{"rendered":"<p>Metrick\u00e1 stezalica za rezanje u\u017eadi za osovinu 25 mm \u00d8 vanjski 80 mm \u00d8 debljina 18 mm &#8211; Ova stezalica<\/p>\n","protected":false},"featured_media":5853684,"comment_status":"open","ping_status":"closed","template":"","meta":[],"product_brand":[3466],"product_cat":[1798],"product_tag":[],"class_list":{"0":"post-5855042","1":"product","2":"type-product","3":"status-publish","4":"has-post-thumbnail","6":"product_brand-technodrive-hr","7":"product_cat-rezac-uzeta-za-osovinu","9":"first","10":"instock","11":"shipping-taxable","12":"purchasable","13":"product-type-simple"},"_links":{"self":[{"href":"https:\/\/stoic-curie.212-227-153-4.plesk.page\/hr\/wp-json\/wp\/v2\/product\/5855042","targetHints":{"allow":["GET"]}}],"collection":[{"href":"https:\/\/stoic-curie.212-227-153-4.plesk.page\/hr\/wp-json\/wp\/v2\/product"}],"about":[{"href":"https:\/\/stoic-curie.212-227-153-4.plesk.page\/hr\/wp-json\/wp\/v2\/types\/product"}],"replies":[{"embeddable":true,"href":"https:\/\/stoic-curie.212-227-153-4.plesk.page\/hr\/wp-json\/wp\/v2\/comments?post=5855042"}],"version-history":[{"count":0,"href":"https:\/\/stoic-curie.212-227-153-4.plesk.page\/hr\/wp-json\/wp\/v2\/product\/5855042\/revisions"}],"wp:featuredmedia":[{"embeddable":true,"href":"https:\/\/stoic-curie.212-227-153-4.plesk.page\/hr\/wp-json\/wp\/v2\/media\/5853684"}],"wp:attachment":[{"href":"https:\/\/stoic-curie.212-227-153-4.plesk.page\/hr\/wp-json\/wp\/v2\/media?parent=5855042"}],"wp:term":[{"taxonomy":"product_brand","embeddable":true,"href":"https:\/\/stoic-curie.212-227-153-4.plesk.page\/hr\/wp-json\/wp\/v2\/product_brand?post=5855042"},{"taxonomy":"product_cat","embeddable":true,"href":"https:\/\/stoic-curie.212-227-153-4.plesk.page\/hr\/wp-json\/wp\/v2\/product_cat?post=5855042"},{"taxonomy":"product_tag","embeddable":true,"href":"https:\/\/stoic-curie.212-227-153-4.plesk.page\/hr\/wp-json\/wp\/v2\/product_tag?post=5855042"}],"curies":[{"name":"wp","href":"https:\/\/api.w.org\/{rel}","templated":true}]}}