{"id":5855045,"date":"2026-02-18T18:42:49","date_gmt":"2026-02-18T17:42:49","guid":{"rendered":"https:\/\/stoic-curie.212-227-153-4.plesk.page\/product\/metrika-stezaljka-za-rezanje-konopa-za-osovinu-od-40-mm-vanjski-100-mm-debljina-18-mm\/"},"modified":"2026-02-25T00:02:11","modified_gmt":"2026-02-25T00:02:11","slug":"metrika-stezaljka-za-rezanje-konopa-za-osovinu-od-40-mm-vanjski-100-mm-debljina-18-mm","status":"publish","type":"product","link":"https:\/\/stoic-curie.212-227-153-4.plesk.page\/hr\/product\/metrika-stezaljka-za-rezanje-konopa-za-osovinu-od-40-mm-vanjski-100-mm-debljina-18-mm\/","title":{"rendered":"Metrika Stezaljka za Rezanje Konopa za Osovinu od 40 mm (Vanjski 100 mm, Debljina 18 mm)"},"content":{"rendered":"<p>Metrika Stezaljka za Rezanje Konopa za Osovinu od 40 mm (Vanjski 100 mm, Debljina 18 mm) &#8211; <\/p>\n<p>Ovaj reza\u010d konopa izra\u0111en je od nehr\u0111aju\u0107eg \u010delika AISI 316L, dizajniran za za\u0161titu propelera i osovinskog sustava od konopa, kabela i krhotina koje se mogu zaplesti tijekom rotacije. Sustav stezne stezaljke sa vijcima omogu\u0107uje jednostavnu instalaciju bez potrebe za uklanjanjem propelera. O\u0161trice su dizajnirane za rezanje bez vibracija i rotaciju bez uzrokovanja kavitation.<\/p>\n","protected":false},"excerpt":{"rendered":"<p>Metrika Stezaljka za Rezanje Konopa za Osovinu od 40 mm (Vanjski 100 mm, Debljina 18 mm) &#8211; Ovaj reza\u010d konopa<\/p>\n","protected":false},"featured_media":5853684,"comment_status":"open","ping_status":"closed","template":"","meta":[],"product_brand":[3466],"product_cat":[1798],"product_tag":[],"class_list":{"0":"post-5855045","1":"product","2":"type-product","3":"status-publish","4":"has-post-thumbnail","6":"product_brand-technodrive-hr","7":"product_cat-rezac-uzeta-za-osovinu","9":"first","10":"instock","11":"shipping-taxable","12":"purchasable","13":"product-type-simple"},"_links":{"self":[{"href":"https:\/\/stoic-curie.212-227-153-4.plesk.page\/hr\/wp-json\/wp\/v2\/product\/5855045","targetHints":{"allow":["GET"]}}],"collection":[{"href":"https:\/\/stoic-curie.212-227-153-4.plesk.page\/hr\/wp-json\/wp\/v2\/product"}],"about":[{"href":"https:\/\/stoic-curie.212-227-153-4.plesk.page\/hr\/wp-json\/wp\/v2\/types\/product"}],"replies":[{"embeddable":true,"href":"https:\/\/stoic-curie.212-227-153-4.plesk.page\/hr\/wp-json\/wp\/v2\/comments?post=5855045"}],"version-history":[{"count":0,"href":"https:\/\/stoic-curie.212-227-153-4.plesk.page\/hr\/wp-json\/wp\/v2\/product\/5855045\/revisions"}],"wp:featuredmedia":[{"embeddable":true,"href":"https:\/\/stoic-curie.212-227-153-4.plesk.page\/hr\/wp-json\/wp\/v2\/media\/5853684"}],"wp:attachment":[{"href":"https:\/\/stoic-curie.212-227-153-4.plesk.page\/hr\/wp-json\/wp\/v2\/media?parent=5855045"}],"wp:term":[{"taxonomy":"product_brand","embeddable":true,"href":"https:\/\/stoic-curie.212-227-153-4.plesk.page\/hr\/wp-json\/wp\/v2\/product_brand?post=5855045"},{"taxonomy":"product_cat","embeddable":true,"href":"https:\/\/stoic-curie.212-227-153-4.plesk.page\/hr\/wp-json\/wp\/v2\/product_cat?post=5855045"},{"taxonomy":"product_tag","embeddable":true,"href":"https:\/\/stoic-curie.212-227-153-4.plesk.page\/hr\/wp-json\/wp\/v2\/product_tag?post=5855045"}],"curies":[{"name":"wp","href":"https:\/\/api.w.org\/{rel}","templated":true}]}}