{"id":5855046,"date":"2026-02-18T18:42:49","date_gmt":"2026-02-18T17:42:49","guid":{"rendered":"https:\/\/stoic-curie.212-227-153-4.plesk.page\/product\/metricka-stezna-rezac-uzeta-za-osovinu-50-o-mm-vanjski-o-120-mm-debljina-20-mm\/"},"modified":"2026-02-25T00:02:11","modified_gmt":"2026-02-25T00:02:11","slug":"metricka-stezna-rezac-uzeta-za-osovinu-50-o-mm-vanjski-o-120-mm-debljina-20-mm","status":"publish","type":"product","link":"https:\/\/stoic-curie.212-227-153-4.plesk.page\/hr\/product\/metricka-stezna-rezac-uzeta-za-osovinu-50-o-mm-vanjski-o-120-mm-debljina-20-mm\/","title":{"rendered":"Metri\u010dka Stezna Reza\u010d U\u017eeta za Osovinu 50 \u00d8 mm, Vanjski \u00d8 120 mm, Debljina 20 mm"},"content":{"rendered":"<p>Metri\u010dka Stezna Reza\u010d U\u017eeta za Osovinu 50 \u00d8 mm, Vanjski \u00d8 120 mm, Debljina 20 mm &#8211; <\/p>\n<p>Reza\u010d u\u017eeta izra\u0111en je od AISI 316L nehr\u0111aju\u0107eg \u010delika, dizajniran da \u0161titi propelere i osovinsku liniju od u\u017eadi, kabela i otpada koji se mogu zaplesti tijekom rada. Sustav stege, osiguran vijcima, omogu\u0107ava jednostavnu instalaciju bez potrebe za uklanjanjem propelera. O\u0161trice su dizajnirane za rezanje bez vibracija i rotaciju bez izazivanja kavitatacije.<\/p>\n","protected":false},"excerpt":{"rendered":"<p>Metri\u010dka Stezna Reza\u010d U\u017eeta za Osovinu 50 \u00d8 mm, Vanjski \u00d8 120 mm, Debljina 20 mm &#8211; Reza\u010d u\u017eeta izra\u0111en<\/p>\n","protected":false},"featured_media":5853684,"comment_status":"open","ping_status":"closed","template":"","meta":[],"product_brand":[3466],"product_cat":[1798],"product_tag":[],"class_list":{"0":"post-5855046","1":"product","2":"type-product","3":"status-publish","4":"has-post-thumbnail","6":"product_brand-technodrive-hr","7":"product_cat-rezac-uzeta-za-osovinu","9":"first","10":"instock","11":"shipping-taxable","12":"purchasable","13":"product-type-simple"},"_links":{"self":[{"href":"https:\/\/stoic-curie.212-227-153-4.plesk.page\/hr\/wp-json\/wp\/v2\/product\/5855046","targetHints":{"allow":["GET"]}}],"collection":[{"href":"https:\/\/stoic-curie.212-227-153-4.plesk.page\/hr\/wp-json\/wp\/v2\/product"}],"about":[{"href":"https:\/\/stoic-curie.212-227-153-4.plesk.page\/hr\/wp-json\/wp\/v2\/types\/product"}],"replies":[{"embeddable":true,"href":"https:\/\/stoic-curie.212-227-153-4.plesk.page\/hr\/wp-json\/wp\/v2\/comments?post=5855046"}],"version-history":[{"count":0,"href":"https:\/\/stoic-curie.212-227-153-4.plesk.page\/hr\/wp-json\/wp\/v2\/product\/5855046\/revisions"}],"wp:featuredmedia":[{"embeddable":true,"href":"https:\/\/stoic-curie.212-227-153-4.plesk.page\/hr\/wp-json\/wp\/v2\/media\/5853684"}],"wp:attachment":[{"href":"https:\/\/stoic-curie.212-227-153-4.plesk.page\/hr\/wp-json\/wp\/v2\/media?parent=5855046"}],"wp:term":[{"taxonomy":"product_brand","embeddable":true,"href":"https:\/\/stoic-curie.212-227-153-4.plesk.page\/hr\/wp-json\/wp\/v2\/product_brand?post=5855046"},{"taxonomy":"product_cat","embeddable":true,"href":"https:\/\/stoic-curie.212-227-153-4.plesk.page\/hr\/wp-json\/wp\/v2\/product_cat?post=5855046"},{"taxonomy":"product_tag","embeddable":true,"href":"https:\/\/stoic-curie.212-227-153-4.plesk.page\/hr\/wp-json\/wp\/v2\/product_tag?post=5855046"}],"curies":[{"name":"wp","href":"https:\/\/api.w.org\/{rel}","templated":true}]}}