{"id":5871492,"date":"2026-02-19T19:57:12","date_gmt":"2026-02-19T18:57:12","guid":{"rendered":"https:\/\/stoic-curie.212-227-153-4.plesk.page\/product\/rezervna-elektronicka-jedinica-za-hladnjake-12-24v-115-220v-s-napajanjem\/"},"modified":"2026-02-25T00:01:28","modified_gmt":"2026-02-25T00:01:28","slug":"rezervna-elektronicka-jedinica-za-hladnjake-12-24v-115-220v-s-napajanjem","status":"publish","type":"product","link":"https:\/\/stoic-curie.212-227-153-4.plesk.page\/hr\/product\/rezervna-elektronicka-jedinica-za-hladnjake-12-24v-115-220v-s-napajanjem\/","title":{"rendered":"Rezervna elektroni\u010dka jedinica za hladnjake 12\/24V + 115\/220V s napajanjem"},"content":{"rendered":"<p>Rezervna elektroni\u010dka jedinica za hladnjake 12\/24V + 115\/220V s napajanjem &#8211; <\/p>\n<p>Rezervna elektroni\u010dka jedinica namijenjena kori\u0161tenju s Vitrifrigo hladnjacima i zamrziva\u010dima.<\/p>\n","protected":false},"excerpt":{"rendered":"<p>Rezervna elektroni\u010dka jedinica za hladnjake 12\/24V + 115\/220V s napajanjem &#8211; Rezervna elektroni\u010dka jedinica namijenjena kori\u0161tenju s Vitrifrigo hladnjacima i<\/p>\n","protected":false},"featured_media":5938832,"comment_status":"open","ping_status":"closed","template":"","meta":[],"product_brand":[3526],"product_cat":[1751],"product_tag":[],"class_list":{"0":"post-5871492","1":"product","2":"type-product","3":"status-publish","4":"has-post-thumbnail","6":"product_brand-vitrifrigo-hr","7":"product_cat-hladnjaci-i-zamrzivaci","9":"first","10":"instock","11":"shipping-taxable","12":"purchasable","13":"product-type-simple"},"_links":{"self":[{"href":"https:\/\/stoic-curie.212-227-153-4.plesk.page\/hr\/wp-json\/wp\/v2\/product\/5871492","targetHints":{"allow":["GET"]}}],"collection":[{"href":"https:\/\/stoic-curie.212-227-153-4.plesk.page\/hr\/wp-json\/wp\/v2\/product"}],"about":[{"href":"https:\/\/stoic-curie.212-227-153-4.plesk.page\/hr\/wp-json\/wp\/v2\/types\/product"}],"replies":[{"embeddable":true,"href":"https:\/\/stoic-curie.212-227-153-4.plesk.page\/hr\/wp-json\/wp\/v2\/comments?post=5871492"}],"version-history":[{"count":0,"href":"https:\/\/stoic-curie.212-227-153-4.plesk.page\/hr\/wp-json\/wp\/v2\/product\/5871492\/revisions"}],"wp:featuredmedia":[{"embeddable":true,"href":"https:\/\/stoic-curie.212-227-153-4.plesk.page\/hr\/wp-json\/wp\/v2\/media\/5938832"}],"wp:attachment":[{"href":"https:\/\/stoic-curie.212-227-153-4.plesk.page\/hr\/wp-json\/wp\/v2\/media?parent=5871492"}],"wp:term":[{"taxonomy":"product_brand","embeddable":true,"href":"https:\/\/stoic-curie.212-227-153-4.plesk.page\/hr\/wp-json\/wp\/v2\/product_brand?post=5871492"},{"taxonomy":"product_cat","embeddable":true,"href":"https:\/\/stoic-curie.212-227-153-4.plesk.page\/hr\/wp-json\/wp\/v2\/product_cat?post=5871492"},{"taxonomy":"product_tag","embeddable":true,"href":"https:\/\/stoic-curie.212-227-153-4.plesk.page\/hr\/wp-json\/wp\/v2\/product_tag?post=5871492"}],"curies":[{"name":"wp","href":"https:\/\/api.w.org\/{rel}","templated":true}]}}