{"id":5871495,"date":"2026-02-19T19:57:14","date_gmt":"2026-02-19T18:57:14","guid":{"rendered":"https:\/\/stoic-curie.212-227-153-4.plesk.page\/product\/broncana-45-koljena-f-f-g-11-2-niti\/"},"modified":"2026-02-25T00:01:28","modified_gmt":"2026-02-25T00:01:28","slug":"broncana-45-koljena-f-f-g-11-2-niti","status":"publish","type":"product","link":"https:\/\/stoic-curie.212-227-153-4.plesk.page\/hr\/product\/broncana-45-koljena-f-f-g-11-2-niti\/","title":{"rendered":"Bron\u010dana 45\u00b0 Koljena F-F G 1&#8243;1\/2 Niti"},"content":{"rendered":"<p>Bron\u010dana 45\u00b0 Koljena F-F G 1&#8243;1\/2 Niti &#8211; <\/p>\n<p>Bron\u010dana \u017eenski-\u017eenski 45\u00b0 koljeno.<\/p>\n","protected":false},"excerpt":{"rendered":"<p>Bron\u010dana 45\u00b0 Koljena F-F G 1&#8243;1\/2 Niti &#8211; Bron\u010dana \u017eenski-\u017eenski 45\u00b0 koljeno.<\/p>\n","protected":false},"featured_media":5718821,"comment_status":"open","ping_status":"closed","template":"","meta":[],"product_brand":[2996],"product_cat":[1669],"product_tag":[],"class_list":{"0":"post-5871495","1":"product","2":"type-product","3":"status-publish","4":"has-post-thumbnail","6":"product_brand-guidi-marine-hr","7":"product_cat-elementi-brodskog-sustava-vode-bronca","9":"first","10":"outofstock","11":"shipping-taxable","12":"purchasable","13":"product-type-simple"},"_links":{"self":[{"href":"https:\/\/stoic-curie.212-227-153-4.plesk.page\/hr\/wp-json\/wp\/v2\/product\/5871495","targetHints":{"allow":["GET"]}}],"collection":[{"href":"https:\/\/stoic-curie.212-227-153-4.plesk.page\/hr\/wp-json\/wp\/v2\/product"}],"about":[{"href":"https:\/\/stoic-curie.212-227-153-4.plesk.page\/hr\/wp-json\/wp\/v2\/types\/product"}],"replies":[{"embeddable":true,"href":"https:\/\/stoic-curie.212-227-153-4.plesk.page\/hr\/wp-json\/wp\/v2\/comments?post=5871495"}],"version-history":[{"count":0,"href":"https:\/\/stoic-curie.212-227-153-4.plesk.page\/hr\/wp-json\/wp\/v2\/product\/5871495\/revisions"}],"wp:featuredmedia":[{"embeddable":true,"href":"https:\/\/stoic-curie.212-227-153-4.plesk.page\/hr\/wp-json\/wp\/v2\/media\/5718821"}],"wp:attachment":[{"href":"https:\/\/stoic-curie.212-227-153-4.plesk.page\/hr\/wp-json\/wp\/v2\/media?parent=5871495"}],"wp:term":[{"taxonomy":"product_brand","embeddable":true,"href":"https:\/\/stoic-curie.212-227-153-4.plesk.page\/hr\/wp-json\/wp\/v2\/product_brand?post=5871495"},{"taxonomy":"product_cat","embeddable":true,"href":"https:\/\/stoic-curie.212-227-153-4.plesk.page\/hr\/wp-json\/wp\/v2\/product_cat?post=5871495"},{"taxonomy":"product_tag","embeddable":true,"href":"https:\/\/stoic-curie.212-227-153-4.plesk.page\/hr\/wp-json\/wp\/v2\/product_tag?post=5871495"}],"curies":[{"name":"wp","href":"https:\/\/api.w.org\/{rel}","templated":true}]}}