{"id":5871497,"date":"2026-02-19T19:57:17","date_gmt":"2026-02-19T18:57:17","guid":{"rendered":"https:\/\/stoic-curie.212-227-153-4.plesk.page\/product\/bep-prekidac-baterije-s-kontrolom-na-daljinu-dc-275a-ac-455a-pokretanje-1250a\/"},"modified":"2026-02-25T00:01:35","modified_gmt":"2026-02-25T00:01:35","slug":"bep-prekidac-baterije-s-kontrolom-na-daljinu-dc-275a-ac-455a-pokretanje-1250a","status":"publish","type":"product","link":"https:\/\/stoic-curie.212-227-153-4.plesk.page\/hr\/product\/bep-prekidac-baterije-s-kontrolom-na-daljinu-dc-275a-ac-455a-pokretanje-1250a\/","title":{"rendered":"BEP Prekida\u010d Baterije s Kontrolom na Daljinu DC 275A AC 455A Pokretanje 1250A"},"content":{"rendered":"<p>BEP Prekida\u010d Baterije s Kontrolom na Daljinu DC 275A AC 455A Pokretanje 1250A &#8211; <\/p>\n<p>BEP prekida\u010d baterije ima izdr\u017eljivu tipku i pocin\u010dane bakrene M10\/M12 pinove, osiguravaju\u0107i pouzdane veze. Opremljen je s 9-32V konektorom za daljinsko upravljanje. Ovaj prekida\u010d omogu\u0107uje instalaciju blizu baterije, smanjuju\u0107i duljinu kabela i povezane tro\u0161kove. Temeljito je testiran zbog kapaciteta struje i ispunjava zahtjeve za eksplozijsku za\u0161titu. <br \/> Struja = Maksimalni kapacitet<\/p>\n","protected":false},"excerpt":{"rendered":"<p>BEP Prekida\u010d Baterije s Kontrolom na Daljinu DC 275A AC 455A Pokretanje 1250A &#8211; BEP prekida\u010d baterije ima izdr\u017eljivu tipku<\/p>\n","protected":false},"featured_media":5870040,"comment_status":"open","ping_status":"closed","template":"","meta":[],"product_brand":[2826],"product_cat":[1745],"product_tag":[],"class_list":{"0":"post-5871497","1":"product","2":"type-product","3":"status-publish","4":"has-post-thumbnail","6":"product_brand-bep-marine-hr","7":"product_cat-prekidaci-baterija","9":"first","10":"instock","11":"shipping-taxable","12":"purchasable","13":"product-type-simple"},"_links":{"self":[{"href":"https:\/\/stoic-curie.212-227-153-4.plesk.page\/hr\/wp-json\/wp\/v2\/product\/5871497","targetHints":{"allow":["GET"]}}],"collection":[{"href":"https:\/\/stoic-curie.212-227-153-4.plesk.page\/hr\/wp-json\/wp\/v2\/product"}],"about":[{"href":"https:\/\/stoic-curie.212-227-153-4.plesk.page\/hr\/wp-json\/wp\/v2\/types\/product"}],"replies":[{"embeddable":true,"href":"https:\/\/stoic-curie.212-227-153-4.plesk.page\/hr\/wp-json\/wp\/v2\/comments?post=5871497"}],"version-history":[{"count":0,"href":"https:\/\/stoic-curie.212-227-153-4.plesk.page\/hr\/wp-json\/wp\/v2\/product\/5871497\/revisions"}],"wp:featuredmedia":[{"embeddable":true,"href":"https:\/\/stoic-curie.212-227-153-4.plesk.page\/hr\/wp-json\/wp\/v2\/media\/5870040"}],"wp:attachment":[{"href":"https:\/\/stoic-curie.212-227-153-4.plesk.page\/hr\/wp-json\/wp\/v2\/media?parent=5871497"}],"wp:term":[{"taxonomy":"product_brand","embeddable":true,"href":"https:\/\/stoic-curie.212-227-153-4.plesk.page\/hr\/wp-json\/wp\/v2\/product_brand?post=5871497"},{"taxonomy":"product_cat","embeddable":true,"href":"https:\/\/stoic-curie.212-227-153-4.plesk.page\/hr\/wp-json\/wp\/v2\/product_cat?post=5871497"},{"taxonomy":"product_tag","embeddable":true,"href":"https:\/\/stoic-curie.212-227-153-4.plesk.page\/hr\/wp-json\/wp\/v2\/product_tag?post=5871497"}],"curies":[{"name":"wp","href":"https:\/\/api.w.org\/{rel}","templated":true}]}}