{"id":5871499,"date":"2026-02-19T19:57:18","date_gmt":"2026-02-19T18:57:18","guid":{"rendered":"https:\/\/stoic-curie.212-227-153-4.plesk.page\/product\/bep-uredaj-za-odabir-baterije-na-daljinu-s-hitnim-paralelnim-referencom-701-md-vss-dc-275a-ac-455a-struja-pokretanja-1250a-dimenzije-68-x-68-x-h100-mm\/"},"modified":"2026-02-25T00:01:35","modified_gmt":"2026-02-25T00:01:35","slug":"bep-uredaj-za-odabir-baterije-na-daljinu-s-hitnim-paralelnim-referencom-701-md-vss-dc-275a-ac-455a-struja-pokretanja-1250a-dimenzije-68-x-68-x-h100-mm","status":"publish","type":"product","link":"https:\/\/stoic-curie.212-227-153-4.plesk.page\/hr\/product\/bep-uredaj-za-odabir-baterije-na-daljinu-s-hitnim-paralelnim-referencom-701-md-vss-dc-275a-ac-455a-struja-pokretanja-1250a-dimenzije-68-x-68-x-h100-mm\/","title":{"rendered":"BEP Ure\u0111aj za Odabir Baterije na Daljinu s Hitnim Paralelnim Referencom 701-MD-VSS DC 275A AC 455A Struja Pokretanja 1250A Dimenzije 68 x 68 x H100 mm"},"content":{"rendered":"<p>BEP Ure\u0111aj za Odabir Baterije na Daljinu s Hitnim Paralelnim Referencom 701-MD-VSS DC 275A AC 455A Struja Pokretanja 1250A Dimenzije 68 x 68 x H100 mm &#8211; <\/p>\n<p>Ovaj ure\u0111aj za odabir baterije ima gumb i pocin\u010dane M10 pinove od bakra. Omogu\u0107uje povezivanje baterija paralelno u slu\u010daju nu\u017ede. VSS (Ure\u0111aj osjetljiv na napon) model automatski detektira napon i puni baterije kao da su jedna jedina jedinica, u\u010dinkovito odabiru\u0107i aktivni izvor punjenja. Dolazi s 9-32V priklju\u010dkom za daljinsko upravljanje. Ovaj proizvod je testiran za struju i ispunjava zahtjeve za za\u0161titu od eksplozije.<br \/> Struja = Maksimalni kapacitet<\/p>\n","protected":false},"excerpt":{"rendered":"<p>BEP Ure\u0111aj za Odabir Baterije na Daljinu s Hitnim Paralelnim Referencom 701-MD-VSS DC 275A AC 455A Struja Pokretanja 1250A Dimenzije<\/p>\n","protected":false},"featured_media":5870050,"comment_status":"open","ping_status":"closed","template":"","meta":[],"product_brand":[2826],"product_cat":[1745],"product_tag":[],"class_list":{"0":"post-5871499","1":"product","2":"type-product","3":"status-publish","4":"has-post-thumbnail","6":"product_brand-bep-marine-hr","7":"product_cat-prekidaci-baterija","9":"first","10":"instock","11":"shipping-taxable","12":"purchasable","13":"product-type-simple"},"_links":{"self":[{"href":"https:\/\/stoic-curie.212-227-153-4.plesk.page\/hr\/wp-json\/wp\/v2\/product\/5871499","targetHints":{"allow":["GET"]}}],"collection":[{"href":"https:\/\/stoic-curie.212-227-153-4.plesk.page\/hr\/wp-json\/wp\/v2\/product"}],"about":[{"href":"https:\/\/stoic-curie.212-227-153-4.plesk.page\/hr\/wp-json\/wp\/v2\/types\/product"}],"replies":[{"embeddable":true,"href":"https:\/\/stoic-curie.212-227-153-4.plesk.page\/hr\/wp-json\/wp\/v2\/comments?post=5871499"}],"version-history":[{"count":0,"href":"https:\/\/stoic-curie.212-227-153-4.plesk.page\/hr\/wp-json\/wp\/v2\/product\/5871499\/revisions"}],"wp:featuredmedia":[{"embeddable":true,"href":"https:\/\/stoic-curie.212-227-153-4.plesk.page\/hr\/wp-json\/wp\/v2\/media\/5870050"}],"wp:attachment":[{"href":"https:\/\/stoic-curie.212-227-153-4.plesk.page\/hr\/wp-json\/wp\/v2\/media?parent=5871499"}],"wp:term":[{"taxonomy":"product_brand","embeddable":true,"href":"https:\/\/stoic-curie.212-227-153-4.plesk.page\/hr\/wp-json\/wp\/v2\/product_brand?post=5871499"},{"taxonomy":"product_cat","embeddable":true,"href":"https:\/\/stoic-curie.212-227-153-4.plesk.page\/hr\/wp-json\/wp\/v2\/product_cat?post=5871499"},{"taxonomy":"product_tag","embeddable":true,"href":"https:\/\/stoic-curie.212-227-153-4.plesk.page\/hr\/wp-json\/wp\/v2\/product_tag?post=5871499"}],"curies":[{"name":"wp","href":"https:\/\/api.w.org\/{rel}","templated":true}]}}