{"id":5871500,"date":"2026-02-19T19:57:19","date_gmt":"2026-02-19T18:57:19","guid":{"rendered":"https:\/\/stoic-curie.212-227-153-4.plesk.page\/product\/bep-prekidac-za-odabir-baterija-s-hitnom-paralelom\/"},"modified":"2026-02-25T00:01:35","modified_gmt":"2026-02-25T00:01:35","slug":"bep-prekidac-za-odabir-baterija-s-hitnom-paralelom","status":"publish","type":"product","link":"https:\/\/stoic-curie.212-227-153-4.plesk.page\/hr\/product\/bep-prekidac-za-odabir-baterija-s-hitnom-paralelom\/","title":{"rendered":"BEP prekida\u010d za odabir baterija s hitnom paralelom"},"content":{"rendered":"<p>BEP prekida\u010d za odabir baterija s hitnom paralelom &#8211; <\/p>\n<p>Ovaj prekida\u010d za odabir baterija ima dugme i pocin\u010dane M10 priklju\u010dke od bakra. Omogu\u0107uje vam povezivanje baterija paralelno u hitnim slu\u010dajevima. VSS (prekida\u010d osjetljiv na napetost) model automatski prepoznaje napon i puni baterije kao da su jedna jedinica, samostalno odabiru\u0107i aktivni izvor punjenja. Dolazi s 9-32V priklju\u010dkom za daljinsko upravljanje. Ovaj prekida\u010d je testiran za vrijednosti struje i ispunjava zahtjeve za za\u0161titu od eksplozije. <br \/>Struja = Maksimalni kapacitet<\/p>\n","protected":false},"excerpt":{"rendered":"<p>BEP prekida\u010d za odabir baterija s hitnom paralelom &#8211; Ovaj prekida\u010d za odabir baterija ima dugme i pocin\u010dane M10 priklju\u010dke<\/p>\n","protected":false},"featured_media":5870050,"comment_status":"open","ping_status":"closed","template":"","meta":[],"product_brand":[2826],"product_cat":[1745],"product_tag":[],"class_list":{"0":"post-5871500","1":"product","2":"type-product","3":"status-publish","4":"has-post-thumbnail","6":"product_brand-bep-marine-hr","7":"product_cat-prekidaci-baterija","9":"first","10":"instock","11":"shipping-taxable","12":"purchasable","13":"product-type-simple"},"_links":{"self":[{"href":"https:\/\/stoic-curie.212-227-153-4.plesk.page\/hr\/wp-json\/wp\/v2\/product\/5871500","targetHints":{"allow":["GET"]}}],"collection":[{"href":"https:\/\/stoic-curie.212-227-153-4.plesk.page\/hr\/wp-json\/wp\/v2\/product"}],"about":[{"href":"https:\/\/stoic-curie.212-227-153-4.plesk.page\/hr\/wp-json\/wp\/v2\/types\/product"}],"replies":[{"embeddable":true,"href":"https:\/\/stoic-curie.212-227-153-4.plesk.page\/hr\/wp-json\/wp\/v2\/comments?post=5871500"}],"version-history":[{"count":0,"href":"https:\/\/stoic-curie.212-227-153-4.plesk.page\/hr\/wp-json\/wp\/v2\/product\/5871500\/revisions"}],"wp:featuredmedia":[{"embeddable":true,"href":"https:\/\/stoic-curie.212-227-153-4.plesk.page\/hr\/wp-json\/wp\/v2\/media\/5870050"}],"wp:attachment":[{"href":"https:\/\/stoic-curie.212-227-153-4.plesk.page\/hr\/wp-json\/wp\/v2\/media?parent=5871500"}],"wp:term":[{"taxonomy":"product_brand","embeddable":true,"href":"https:\/\/stoic-curie.212-227-153-4.plesk.page\/hr\/wp-json\/wp\/v2\/product_brand?post=5871500"},{"taxonomy":"product_cat","embeddable":true,"href":"https:\/\/stoic-curie.212-227-153-4.plesk.page\/hr\/wp-json\/wp\/v2\/product_cat?post=5871500"},{"taxonomy":"product_tag","embeddable":true,"href":"https:\/\/stoic-curie.212-227-153-4.plesk.page\/hr\/wp-json\/wp\/v2\/product_tag?post=5871500"}],"curies":[{"name":"wp","href":"https:\/\/api.w.org\/{rel}","templated":true}]}}