{"id":5871502,"date":"2026-02-19T19:57:20","date_gmt":"2026-02-19T18:57:20","guid":{"rendered":"https:\/\/stoic-curie.212-227-153-4.plesk.page\/product\/napuhavajuci-prsluk-za-spasavanje-za-djecu-vsg-solas-med-150-crni\/"},"modified":"2026-02-25T00:01:41","modified_gmt":"2026-02-25T00:01:41","slug":"napuhavajuci-prsluk-za-spasavanje-za-djecu-vsg-solas-med-150-crni","status":"publish","type":"product","link":"https:\/\/stoic-curie.212-227-153-4.plesk.page\/hr\/product\/napuhavajuci-prsluk-za-spasavanje-za-djecu-vsg-solas-med-150-crni\/","title":{"rendered":"Napuhavaju\u0107i Prsluk za Spa\u0161avanje za Djecu VSG Solas MED 150 &#8211; Crni"},"content":{"rendered":"<p>Napuhavaju\u0107i Prsluk za Spa\u0161avanje za Djecu VSG Solas MED 150 &#8211; Crni &#8211; <\/p>\n<p>Napuhavaju\u0107i prsluk za spa\u0161avanje za djecu VSG Solas MED 150 s pojasom.<br \/>\u2022 Solas MED certificiran (valjan uz dodatak svjetla, prodaje se odvojeno) za komercijalno i rekreativno plovidbu bez ograni\u010denja.<br \/>\u2022 EN ISO12401 certificirani pojas s dvostrukom trakama za me\u0111uno\u017eje, neopren cijevi i ru\u010dke za podizanje\/oporavak.<br \/>\u2022 Klasa uzgon od 150N (stvarno 150N).<br \/>\u2022 Automatska i ru\u010dna aktivacija.<br \/>\u2022 Plutaju\u0107i mjehur visoke vidljivosti s odvojenim unutarnjim odjeljcima i stra\u017enjim stabilizatorom.<br \/>\u2022 Sustav brze isporuke s bo\u010dno podesivim kop\u010danjem.<br \/>\u2022 Jedna veli\u010dina odgovara djeci te\u017eine izme\u0111u 15 i 43 kg.<\/p>\n","protected":false},"excerpt":{"rendered":"<p>Napuhavaju\u0107i Prsluk za Spa\u0161avanje za Djecu VSG Solas MED 150 &#8211; Crni &#8211; Napuhavaju\u0107i prsluk za spa\u0161avanje za djecu VSG<\/p>\n","protected":false},"featured_media":5870109,"comment_status":"open","ping_status":"closed","template":"","meta":[],"product_brand":[3516],"product_cat":[1606],"product_tag":[],"class_list":{"0":"post-5871502","1":"product","2":"type-product","3":"status-publish","4":"has-post-thumbnail","6":"product_brand-veleria-san-giorgio-hr","7":"product_cat-djecji-prsluci-za-spasavanje","9":"first","10":"outofstock","11":"shipping-taxable","12":"purchasable","13":"product-type-simple"},"_links":{"self":[{"href":"https:\/\/stoic-curie.212-227-153-4.plesk.page\/hr\/wp-json\/wp\/v2\/product\/5871502","targetHints":{"allow":["GET"]}}],"collection":[{"href":"https:\/\/stoic-curie.212-227-153-4.plesk.page\/hr\/wp-json\/wp\/v2\/product"}],"about":[{"href":"https:\/\/stoic-curie.212-227-153-4.plesk.page\/hr\/wp-json\/wp\/v2\/types\/product"}],"replies":[{"embeddable":true,"href":"https:\/\/stoic-curie.212-227-153-4.plesk.page\/hr\/wp-json\/wp\/v2\/comments?post=5871502"}],"version-history":[{"count":0,"href":"https:\/\/stoic-curie.212-227-153-4.plesk.page\/hr\/wp-json\/wp\/v2\/product\/5871502\/revisions"}],"wp:featuredmedia":[{"embeddable":true,"href":"https:\/\/stoic-curie.212-227-153-4.plesk.page\/hr\/wp-json\/wp\/v2\/media\/5870109"}],"wp:attachment":[{"href":"https:\/\/stoic-curie.212-227-153-4.plesk.page\/hr\/wp-json\/wp\/v2\/media?parent=5871502"}],"wp:term":[{"taxonomy":"product_brand","embeddable":true,"href":"https:\/\/stoic-curie.212-227-153-4.plesk.page\/hr\/wp-json\/wp\/v2\/product_brand?post=5871502"},{"taxonomy":"product_cat","embeddable":true,"href":"https:\/\/stoic-curie.212-227-153-4.plesk.page\/hr\/wp-json\/wp\/v2\/product_cat?post=5871502"},{"taxonomy":"product_tag","embeddable":true,"href":"https:\/\/stoic-curie.212-227-153-4.plesk.page\/hr\/wp-json\/wp\/v2\/product_tag?post=5871502"}],"curies":[{"name":"wp","href":"https:\/\/api.w.org\/{rel}","templated":true}]}}