{"id":5871503,"date":"2026-02-19T19:57:21","date_gmt":"2026-02-19T18:57:21","guid":{"rendered":"https:\/\/stoic-curie.212-227-153-4.plesk.page\/product\/jobe-infinity-vodena-hamaka\/"},"modified":"2026-02-25T00:01:41","modified_gmt":"2026-02-25T00:01:41","slug":"jobe-infinity-vodena-hamaka","status":"publish","type":"product","link":"https:\/\/stoic-curie.212-227-153-4.plesk.page\/hr\/product\/jobe-infinity-vodena-hamaka\/","title":{"rendered":"Jobe Infinity Vodena Hamaka"},"content":{"rendered":"<p>Jobe Infinity Vodena Hamaka &#8211; <\/p>\n<p>Opustite se u stilu i udobnosti na vodi s Jobe Infinity Vodena Hamaka. Dimenzija 277 x 277 cm, ova prostrana i izdr\u017eljiva hamaka sadr\u017ei \u010dvrstu najlonsku cijev i mre\u017easti centar za optimalnu prozra\u010dnost. Dolazi s 6 \u010dvrstih ru\u010dki za lako preno\u0161enje i 6 nehr\u0111aju\u0107ih \u010deli\u010dnih D-prstenova za prakti\u010dno povezivanje s drugim predmetima.<\/p>\n","protected":false},"excerpt":{"rendered":"<p>Jobe Infinity Vodena Hamaka &#8211; Opustite se u stilu i udobnosti na vodi s Jobe Infinity Vodena Hamaka. Dimenzija 277<\/p>\n","protected":false},"featured_media":5870114,"comment_status":"open","ping_status":"closed","template":"","meta":[],"product_brand":[3041],"product_cat":[1846],"product_tag":[],"class_list":{"0":"post-5871503","1":"product","2":"type-product","3":"status-publish","4":"has-post-thumbnail","6":"product_brand-jobe-sports-hr","7":"product_cat-oprema-za-skijanje-na-vodi","9":"first","10":"outofstock","11":"shipping-taxable","12":"purchasable","13":"product-type-simple"},"_links":{"self":[{"href":"https:\/\/stoic-curie.212-227-153-4.plesk.page\/hr\/wp-json\/wp\/v2\/product\/5871503","targetHints":{"allow":["GET"]}}],"collection":[{"href":"https:\/\/stoic-curie.212-227-153-4.plesk.page\/hr\/wp-json\/wp\/v2\/product"}],"about":[{"href":"https:\/\/stoic-curie.212-227-153-4.plesk.page\/hr\/wp-json\/wp\/v2\/types\/product"}],"replies":[{"embeddable":true,"href":"https:\/\/stoic-curie.212-227-153-4.plesk.page\/hr\/wp-json\/wp\/v2\/comments?post=5871503"}],"version-history":[{"count":0,"href":"https:\/\/stoic-curie.212-227-153-4.plesk.page\/hr\/wp-json\/wp\/v2\/product\/5871503\/revisions"}],"wp:featuredmedia":[{"embeddable":true,"href":"https:\/\/stoic-curie.212-227-153-4.plesk.page\/hr\/wp-json\/wp\/v2\/media\/5870114"}],"wp:attachment":[{"href":"https:\/\/stoic-curie.212-227-153-4.plesk.page\/hr\/wp-json\/wp\/v2\/media?parent=5871503"}],"wp:term":[{"taxonomy":"product_brand","embeddable":true,"href":"https:\/\/stoic-curie.212-227-153-4.plesk.page\/hr\/wp-json\/wp\/v2\/product_brand?post=5871503"},{"taxonomy":"product_cat","embeddable":true,"href":"https:\/\/stoic-curie.212-227-153-4.plesk.page\/hr\/wp-json\/wp\/v2\/product_cat?post=5871503"},{"taxonomy":"product_tag","embeddable":true,"href":"https:\/\/stoic-curie.212-227-153-4.plesk.page\/hr\/wp-json\/wp\/v2\/product_tag?post=5871503"}],"curies":[{"name":"wp","href":"https:\/\/api.w.org\/{rel}","templated":true}]}}