{"id":5871511,"date":"2026-02-19T19:57:28","date_gmt":"2026-02-19T18:57:28","guid":{"rendered":"https:\/\/stoic-curie.212-227-153-4.plesk.page\/product\/keelshield-3m-samoljepljiva-obloga-l-152-5-cm-boja-bijela\/"},"modified":"2026-02-25T00:01:53","modified_gmt":"2026-02-25T00:01:53","slug":"keelshield-3m-samoljepljiva-obloga-l-152-5-cm-boja-bijela","status":"publish","type":"product","link":"https:\/\/stoic-curie.212-227-153-4.plesk.page\/hr\/product\/keelshield-3m-samoljepljiva-obloga-l-152-5-cm-boja-bijela\/","title":{"rendered":"Keelshield 3m samoljepljiva obloga L 152 (5&#8242;) cm boja bijela"},"content":{"rendered":"<p>Keelshield 3m samoljepljiva obloga L 152 (5&#8242;) cm boja bijela &#8211; <\/p>\n<p>Obloga za za\u0161titu kormila od \u010distog poliuretana s 3M ljepilom, spremna za upotrebu. Lako se i brzo instalira, pru\u017eaju\u0107i izvrsnu za\u0161titu kormilu od udaraca i ogrebotina, \u010dime se sprje\u010davaju skupi popravci. \u0160irina: 125 mm. Za najbolju primjenu preporu\u010duje se kori\u0161tenje 3M temeljnog premaza 5722402.<\/p>\n","protected":false},"excerpt":{"rendered":"<p>Keelshield 3m samoljepljiva obloga L 152 (5&#8242;) cm boja bijela &#8211; Obloga za za\u0161titu kormila od \u010distog poliuretana s 3M<\/p>\n","protected":false},"featured_media":5870188,"comment_status":"open","ping_status":"closed","template":"","meta":[],"product_brand":[2771],"product_cat":[1634],"product_tag":[],"class_list":{"0":"post-5871511","1":"product","2":"type-product","3":"status-publish","4":"has-post-thumbnail","6":"product_brand-3m-marine-hr","7":"product_cat-brodske-boje","9":"first","10":"instock","11":"shipping-taxable","12":"purchasable","13":"product-type-simple"},"_links":{"self":[{"href":"https:\/\/stoic-curie.212-227-153-4.plesk.page\/hr\/wp-json\/wp\/v2\/product\/5871511","targetHints":{"allow":["GET"]}}],"collection":[{"href":"https:\/\/stoic-curie.212-227-153-4.plesk.page\/hr\/wp-json\/wp\/v2\/product"}],"about":[{"href":"https:\/\/stoic-curie.212-227-153-4.plesk.page\/hr\/wp-json\/wp\/v2\/types\/product"}],"replies":[{"embeddable":true,"href":"https:\/\/stoic-curie.212-227-153-4.plesk.page\/hr\/wp-json\/wp\/v2\/comments?post=5871511"}],"version-history":[{"count":0,"href":"https:\/\/stoic-curie.212-227-153-4.plesk.page\/hr\/wp-json\/wp\/v2\/product\/5871511\/revisions"}],"wp:featuredmedia":[{"embeddable":true,"href":"https:\/\/stoic-curie.212-227-153-4.plesk.page\/hr\/wp-json\/wp\/v2\/media\/5870188"}],"wp:attachment":[{"href":"https:\/\/stoic-curie.212-227-153-4.plesk.page\/hr\/wp-json\/wp\/v2\/media?parent=5871511"}],"wp:term":[{"taxonomy":"product_brand","embeddable":true,"href":"https:\/\/stoic-curie.212-227-153-4.plesk.page\/hr\/wp-json\/wp\/v2\/product_brand?post=5871511"},{"taxonomy":"product_cat","embeddable":true,"href":"https:\/\/stoic-curie.212-227-153-4.plesk.page\/hr\/wp-json\/wp\/v2\/product_cat?post=5871511"},{"taxonomy":"product_tag","embeddable":true,"href":"https:\/\/stoic-curie.212-227-153-4.plesk.page\/hr\/wp-json\/wp\/v2\/product_tag?post=5871511"}],"curies":[{"name":"wp","href":"https:\/\/api.w.org\/{rel}","templated":true}]}}