{"id":5871512,"date":"2026-02-19T19:57:29","date_gmt":"2026-02-19T18:57:29","guid":{"rendered":"https:\/\/stoic-curie.212-227-153-4.plesk.page\/product\/keelshield-3m-samoljepljiva-obloga-l-183-6-cm-boja-crna\/"},"modified":"2026-02-25T00:01:53","modified_gmt":"2026-02-25T00:01:53","slug":"keelshield-3m-samoljepljiva-obloga-l-183-6-cm-boja-crna","status":"publish","type":"product","link":"https:\/\/stoic-curie.212-227-153-4.plesk.page\/hr\/product\/keelshield-3m-samoljepljiva-obloga-l-183-6-cm-boja-crna\/","title":{"rendered":"Keelshield 3m Samoljepljiva Obloga L 183 (6&#8242;) cm Boja Crna"},"content":{"rendered":"<p>Keelshield 3m Samoljepljiva Obloga L 183 (6&#8242;) cm Boja Crna &#8211; <\/p>\n<p>Keelshield je za\u0161titna obloga napravljena od \u010distog poliuretana s jakim 3M ljepilom, spremna za jednostavnu primjenu. Dizajnirana je za za\u0161titu kobilice od udaraca i ogrebanja, \u0161to poma\u017ee u sprje\u010davanju skupih popravaka. \u0160irina je 125 mm. Za optimalno prianjanje preporu\u010duje se kori\u0161tenje 3M premaza 5722402.<\/p>\n","protected":false},"excerpt":{"rendered":"<p>Keelshield 3m Samoljepljiva Obloga L 183 (6&#8242;) cm Boja Crna &#8211; Keelshield je za\u0161titna obloga napravljena od \u010distog poliuretana s<\/p>\n","protected":false},"featured_media":5870188,"comment_status":"open","ping_status":"closed","template":"","meta":[],"product_brand":[2771],"product_cat":[1634],"product_tag":[],"class_list":{"0":"post-5871512","1":"product","2":"type-product","3":"status-publish","4":"has-post-thumbnail","6":"product_brand-3m-marine-hr","7":"product_cat-brodske-boje","9":"first","10":"instock","11":"shipping-taxable","12":"purchasable","13":"product-type-simple"},"_links":{"self":[{"href":"https:\/\/stoic-curie.212-227-153-4.plesk.page\/hr\/wp-json\/wp\/v2\/product\/5871512","targetHints":{"allow":["GET"]}}],"collection":[{"href":"https:\/\/stoic-curie.212-227-153-4.plesk.page\/hr\/wp-json\/wp\/v2\/product"}],"about":[{"href":"https:\/\/stoic-curie.212-227-153-4.plesk.page\/hr\/wp-json\/wp\/v2\/types\/product"}],"replies":[{"embeddable":true,"href":"https:\/\/stoic-curie.212-227-153-4.plesk.page\/hr\/wp-json\/wp\/v2\/comments?post=5871512"}],"version-history":[{"count":0,"href":"https:\/\/stoic-curie.212-227-153-4.plesk.page\/hr\/wp-json\/wp\/v2\/product\/5871512\/revisions"}],"wp:featuredmedia":[{"embeddable":true,"href":"https:\/\/stoic-curie.212-227-153-4.plesk.page\/hr\/wp-json\/wp\/v2\/media\/5870188"}],"wp:attachment":[{"href":"https:\/\/stoic-curie.212-227-153-4.plesk.page\/hr\/wp-json\/wp\/v2\/media?parent=5871512"}],"wp:term":[{"taxonomy":"product_brand","embeddable":true,"href":"https:\/\/stoic-curie.212-227-153-4.plesk.page\/hr\/wp-json\/wp\/v2\/product_brand?post=5871512"},{"taxonomy":"product_cat","embeddable":true,"href":"https:\/\/stoic-curie.212-227-153-4.plesk.page\/hr\/wp-json\/wp\/v2\/product_cat?post=5871512"},{"taxonomy":"product_tag","embeddable":true,"href":"https:\/\/stoic-curie.212-227-153-4.plesk.page\/hr\/wp-json\/wp\/v2\/product_tag?post=5871512"}],"curies":[{"name":"wp","href":"https:\/\/api.w.org\/{rel}","templated":true}]}}