{"id":5871519,"date":"2026-02-19T19:57:33","date_gmt":"2026-02-19T18:57:33","guid":{"rendered":"https:\/\/stoic-curie.212-227-153-4.plesk.page\/product\/propeler-za-yamaha-9-7-8x14\/"},"modified":"2026-02-25T00:01:53","modified_gmt":"2026-02-25T00:01:53","slug":"propeler-za-yamaha-9-7-8x14","status":"publish","type":"product","link":"https:\/\/stoic-curie.212-227-153-4.plesk.page\/hr\/product\/propeler-za-yamaha-9-7-8x14\/","title":{"rendered":"Propeler za Yamaha 9 7\/8&#215;14"},"content":{"rendered":"<p>Propeler za Yamaha 9 7\/8&#215;14 &#8211; <\/p>\n<p>Alice aluminijski propelera su dizajnirani za Yamaha vanbrodske motore. Izra\u0111eni su od aluminijsko-titanijske legure primijenjene u zrakoplovstvu i imaju 3D lasersko skeniranje za preciznu stati\u010dku i dinami\u010dku kontrolu. Robotska AkzoNobel prah- premaza osigurava izdr\u017eljivost, dok posebno dizajnirane oblade pru\u017eaju visoku efikasnost i smanjenu potro\u0161nju goriva zahvaljuju\u0107i optimalnom oblikovanju. Napominjemo da se monta\u017eni set mora naru\u010diti odvojeno ako trebate zamijeniti matice, podlo\u0161ke i razmaknice. Kompatibilno s Yamaha vanbrodskim motorima: 20C\/D (2-takt) [19961997], 25B\/D\/N\/V (2-takt) [1980&gt;], F25A\/D\/G (4-takt) [2010&gt;], 30\/A\/D\/G (2-takt) [19792002].<\/p>\n","protected":false},"excerpt":{"rendered":"<p>Propeler za Yamaha 9 7\/8&#215;14 &#8211; Alice aluminijski propelera su dizajnirani za Yamaha vanbrodske motore. Izra\u0111eni su od aluminijsko-titanijske legure<\/p>\n","protected":false},"featured_media":5949028,"comment_status":"open","ping_status":"closed","template":"","meta":[],"product_brand":[3391],"product_cat":[1803,1831],"product_tag":[],"class_list":{"0":"post-5871519","1":"product","2":"type-product","3":"status-publish","4":"has-post-thumbnail","6":"product_brand-sierra-marine-hr","7":"product_cat-propeleri-za-vanbrodske-motore","8":"product_cat-rezervni-dijelovi-za-vanbrodske-motore-yamaha","10":"first","11":"instock","12":"shipping-taxable","13":"purchasable","14":"product-type-simple"},"_links":{"self":[{"href":"https:\/\/stoic-curie.212-227-153-4.plesk.page\/hr\/wp-json\/wp\/v2\/product\/5871519","targetHints":{"allow":["GET"]}}],"collection":[{"href":"https:\/\/stoic-curie.212-227-153-4.plesk.page\/hr\/wp-json\/wp\/v2\/product"}],"about":[{"href":"https:\/\/stoic-curie.212-227-153-4.plesk.page\/hr\/wp-json\/wp\/v2\/types\/product"}],"replies":[{"embeddable":true,"href":"https:\/\/stoic-curie.212-227-153-4.plesk.page\/hr\/wp-json\/wp\/v2\/comments?post=5871519"}],"version-history":[{"count":0,"href":"https:\/\/stoic-curie.212-227-153-4.plesk.page\/hr\/wp-json\/wp\/v2\/product\/5871519\/revisions"}],"wp:featuredmedia":[{"embeddable":true,"href":"https:\/\/stoic-curie.212-227-153-4.plesk.page\/hr\/wp-json\/wp\/v2\/media\/5949028"}],"wp:attachment":[{"href":"https:\/\/stoic-curie.212-227-153-4.plesk.page\/hr\/wp-json\/wp\/v2\/media?parent=5871519"}],"wp:term":[{"taxonomy":"product_brand","embeddable":true,"href":"https:\/\/stoic-curie.212-227-153-4.plesk.page\/hr\/wp-json\/wp\/v2\/product_brand?post=5871519"},{"taxonomy":"product_cat","embeddable":true,"href":"https:\/\/stoic-curie.212-227-153-4.plesk.page\/hr\/wp-json\/wp\/v2\/product_cat?post=5871519"},{"taxonomy":"product_tag","embeddable":true,"href":"https:\/\/stoic-curie.212-227-153-4.plesk.page\/hr\/wp-json\/wp\/v2\/product_tag?post=5871519"}],"curies":[{"name":"wp","href":"https:\/\/api.w.org\/{rel}","templated":true}]}}