{"id":5871560,"date":"2026-02-19T19:58:05","date_gmt":"2026-02-19T18:58:05","guid":{"rendered":"https:\/\/stoic-curie.212-227-153-4.plesk.page\/product\/metrika-stezna-k-cutter-za-uze-za-osovinu-45-mm-vanjski-promjer-120-mm-debljina-20-mm\/"},"modified":"2026-02-25T00:02:11","modified_gmt":"2026-02-25T00:02:11","slug":"metrika-stezna-k-cutter-za-uze-za-osovinu-45-mm-vanjski-promjer-120-mm-debljina-20-mm","status":"publish","type":"product","link":"https:\/\/stoic-curie.212-227-153-4.plesk.page\/hr\/product\/metrika-stezna-k-cutter-za-uze-za-osovinu-45-mm-vanjski-promjer-120-mm-debljina-20-mm\/","title":{"rendered":"Metrika Stezna K Cutter za U\u017ee za Osovinu 45 mm &#8211; Vanjski Promjer 120 mm, Debljina 20 mm"},"content":{"rendered":"<p>Metrika Stezna K Cutter za U\u017ee za Osovinu 45 mm &#8211; Vanjski Promjer 120 mm, Debljina 20 mm &#8211; <\/p>\n<p>Ovaj reza\u010d u\u017eeta izra\u0111en je od AISI 316L nehr\u0111aju\u0107eg \u010delika i dizajniran je za za\u0161titu propelera i vratila od u\u017eadi, kabela i otpada koji se mogu zapetljati tijekom rotacije. Sustav stezanja s vijcima omogu\u0107ava jednostavnu instalaciju bez potrebe za va\u0111enjem propelera. O\u0161trice su dizajnirane da re\u017eu bez vibracija i rotiraju bez izazivanja kavitation.<\/p>\n","protected":false},"excerpt":{"rendered":"<p>Metrika Stezna K Cutter za U\u017ee za Osovinu 45 mm &#8211; Vanjski Promjer 120 mm, Debljina 20 mm &#8211; Ovaj<\/p>\n","protected":false},"featured_media":5853684,"comment_status":"open","ping_status":"closed","template":"","meta":[],"product_brand":[3466],"product_cat":[1798],"product_tag":[],"class_list":{"0":"post-5871560","1":"product","2":"type-product","3":"status-publish","4":"has-post-thumbnail","6":"product_brand-technodrive-hr","7":"product_cat-rezac-uzeta-za-osovinu","9":"first","10":"instock","11":"shipping-taxable","12":"purchasable","13":"product-type-simple"},"_links":{"self":[{"href":"https:\/\/stoic-curie.212-227-153-4.plesk.page\/hr\/wp-json\/wp\/v2\/product\/5871560","targetHints":{"allow":["GET"]}}],"collection":[{"href":"https:\/\/stoic-curie.212-227-153-4.plesk.page\/hr\/wp-json\/wp\/v2\/product"}],"about":[{"href":"https:\/\/stoic-curie.212-227-153-4.plesk.page\/hr\/wp-json\/wp\/v2\/types\/product"}],"replies":[{"embeddable":true,"href":"https:\/\/stoic-curie.212-227-153-4.plesk.page\/hr\/wp-json\/wp\/v2\/comments?post=5871560"}],"version-history":[{"count":0,"href":"https:\/\/stoic-curie.212-227-153-4.plesk.page\/hr\/wp-json\/wp\/v2\/product\/5871560\/revisions"}],"wp:featuredmedia":[{"embeddable":true,"href":"https:\/\/stoic-curie.212-227-153-4.plesk.page\/hr\/wp-json\/wp\/v2\/media\/5853684"}],"wp:attachment":[{"href":"https:\/\/stoic-curie.212-227-153-4.plesk.page\/hr\/wp-json\/wp\/v2\/media?parent=5871560"}],"wp:term":[{"taxonomy":"product_brand","embeddable":true,"href":"https:\/\/stoic-curie.212-227-153-4.plesk.page\/hr\/wp-json\/wp\/v2\/product_brand?post=5871560"},{"taxonomy":"product_cat","embeddable":true,"href":"https:\/\/stoic-curie.212-227-153-4.plesk.page\/hr\/wp-json\/wp\/v2\/product_cat?post=5871560"},{"taxonomy":"product_tag","embeddable":true,"href":"https:\/\/stoic-curie.212-227-153-4.plesk.page\/hr\/wp-json\/wp\/v2\/product_tag?post=5871560"}],"curies":[{"name":"wp","href":"https:\/\/api.w.org\/{rel}","templated":true}]}}