{"id":5871561,"date":"2026-02-19T19:58:06","date_gmt":"2026-02-19T18:58:06","guid":{"rendered":"https:\/\/stoic-curie.212-227-153-4.plesk.page\/product\/metricky-steznik-za-uze-za-55-mm-osovinu-o-140-mm-vanjski-promjer-22-mm-debljina\/"},"modified":"2026-02-25T00:02:11","modified_gmt":"2026-02-25T00:02:11","slug":"metricky-steznik-za-uze-za-55-mm-osovinu-o-140-mm-vanjski-promjer-22-mm-debljina","status":"publish","type":"product","link":"https:\/\/stoic-curie.212-227-153-4.plesk.page\/hr\/product\/metricky-steznik-za-uze-za-55-mm-osovinu-o-140-mm-vanjski-promjer-22-mm-debljina\/","title":{"rendered":"Metrick\u00fd Steznik za U\u017ee za 55 mm Osovinu \u00d8 140 mm Vanjski Promjer, 22 mm Debljina"},"content":{"rendered":"<p>Metrick\u00fd Steznik za U\u017ee za 55 mm Osovinu \u00d8 140 mm Vanjski Promjer, 22 mm Debljina &#8211; <\/p>\n<p>Ovaj steznik za u\u017ee izra\u0111en je od AISI 316L nehr\u0111aju\u0107eg \u010delika kako bi za\u0161titio propeler i osovinsku liniju od u\u017eadi, kabela i otpadaka koji se mogu uhvatiti tijekom rada. Sustav s steznim vijkom omogu\u0107uje jednostavnu instalaciju bez potrebe za uklanjanjem proplera. O\u0161trice su dizajnirane da re\u017eu bez vibracija i rotiraju bez izazivanja kavitationa.<\/p>\n","protected":false},"excerpt":{"rendered":"<p>Metrick\u00fd Steznik za U\u017ee za 55 mm Osovinu \u00d8 140 mm Vanjski Promjer, 22 mm Debljina &#8211; Ovaj steznik za<\/p>\n","protected":false},"featured_media":5853684,"comment_status":"open","ping_status":"closed","template":"","meta":[],"product_brand":[3466],"product_cat":[1798],"product_tag":[],"class_list":{"0":"post-5871561","1":"product","2":"type-product","3":"status-publish","4":"has-post-thumbnail","6":"product_brand-technodrive-hr","7":"product_cat-rezac-uzeta-za-osovinu","9":"first","10":"outofstock","11":"shipping-taxable","12":"purchasable","13":"product-type-simple"},"_links":{"self":[{"href":"https:\/\/stoic-curie.212-227-153-4.plesk.page\/hr\/wp-json\/wp\/v2\/product\/5871561","targetHints":{"allow":["GET"]}}],"collection":[{"href":"https:\/\/stoic-curie.212-227-153-4.plesk.page\/hr\/wp-json\/wp\/v2\/product"}],"about":[{"href":"https:\/\/stoic-curie.212-227-153-4.plesk.page\/hr\/wp-json\/wp\/v2\/types\/product"}],"replies":[{"embeddable":true,"href":"https:\/\/stoic-curie.212-227-153-4.plesk.page\/hr\/wp-json\/wp\/v2\/comments?post=5871561"}],"version-history":[{"count":0,"href":"https:\/\/stoic-curie.212-227-153-4.plesk.page\/hr\/wp-json\/wp\/v2\/product\/5871561\/revisions"}],"wp:featuredmedia":[{"embeddable":true,"href":"https:\/\/stoic-curie.212-227-153-4.plesk.page\/hr\/wp-json\/wp\/v2\/media\/5853684"}],"wp:attachment":[{"href":"https:\/\/stoic-curie.212-227-153-4.plesk.page\/hr\/wp-json\/wp\/v2\/media?parent=5871561"}],"wp:term":[{"taxonomy":"product_brand","embeddable":true,"href":"https:\/\/stoic-curie.212-227-153-4.plesk.page\/hr\/wp-json\/wp\/v2\/product_brand?post=5871561"},{"taxonomy":"product_cat","embeddable":true,"href":"https:\/\/stoic-curie.212-227-153-4.plesk.page\/hr\/wp-json\/wp\/v2\/product_cat?post=5871561"},{"taxonomy":"product_tag","embeddable":true,"href":"https:\/\/stoic-curie.212-227-153-4.plesk.page\/hr\/wp-json\/wp\/v2\/product_tag?post=5871561"}],"curies":[{"name":"wp","href":"https:\/\/api.w.org\/{rel}","templated":true}]}}