{"id":5871562,"date":"2026-02-19T19:58:06","date_gmt":"2026-02-19T18:58:06","guid":{"rendered":"https:\/\/stoic-curie.212-227-153-4.plesk.page\/product\/vetus-prigusivac-ispusnih-plinova-h-168-mm-d-580-mm-s-158-mm-za-cijev-o-102-mm\/"},"modified":"2026-02-25T00:02:11","modified_gmt":"2026-02-25T00:02:11","slug":"vetus-prigusivac-ispusnih-plinova-h-168-mm-d-580-mm-s-158-mm-za-cijev-o-102-mm","status":"publish","type":"product","link":"https:\/\/stoic-curie.212-227-153-4.plesk.page\/hr\/product\/vetus-prigusivac-ispusnih-plinova-h-168-mm-d-580-mm-s-158-mm-za-cijev-o-102-mm\/","title":{"rendered":"Vetus Prigu\u0161iva\u010d Ispu\u0161nih Plinova H 168 mm D 580 mm \u0160 158 mm za Cijev \u00d8 102 mm"},"content":{"rendered":"<p>Vetus Prigu\u0161iva\u010d Ispu\u0161nih Plinova H 168 mm D 580 mm \u0160 158 mm za Cijev \u00d8 102 mm &#8211; <\/p>\n<p>Visokokvalitetni prigu\u0161iva\u010d ispu\u0161nih plinova namijenjen malim i srednjim motorima.<\/p>\n","protected":false},"excerpt":{"rendered":"<p>Vetus Prigu\u0161iva\u010d Ispu\u0161nih Plinova H 168 mm D 580 mm \u0160 158 mm za Cijev \u00d8 102 mm &#8211; Visokokvalitetni<\/p>\n","protected":false},"featured_media":5940504,"comment_status":"open","ping_status":"closed","template":"","meta":[],"product_brand":[3521],"product_cat":[1794],"product_tag":[],"class_list":{"0":"post-5871562","1":"product","2":"type-product","3":"status-publish","4":"has-post-thumbnail","6":"product_brand-vetus-hr","7":"product_cat-ispusne-vode-i-prigusivaci","9":"first","10":"instock","11":"shipping-taxable","12":"purchasable","13":"product-type-simple"},"_links":{"self":[{"href":"https:\/\/stoic-curie.212-227-153-4.plesk.page\/hr\/wp-json\/wp\/v2\/product\/5871562","targetHints":{"allow":["GET"]}}],"collection":[{"href":"https:\/\/stoic-curie.212-227-153-4.plesk.page\/hr\/wp-json\/wp\/v2\/product"}],"about":[{"href":"https:\/\/stoic-curie.212-227-153-4.plesk.page\/hr\/wp-json\/wp\/v2\/types\/product"}],"replies":[{"embeddable":true,"href":"https:\/\/stoic-curie.212-227-153-4.plesk.page\/hr\/wp-json\/wp\/v2\/comments?post=5871562"}],"version-history":[{"count":0,"href":"https:\/\/stoic-curie.212-227-153-4.plesk.page\/hr\/wp-json\/wp\/v2\/product\/5871562\/revisions"}],"wp:featuredmedia":[{"embeddable":true,"href":"https:\/\/stoic-curie.212-227-153-4.plesk.page\/hr\/wp-json\/wp\/v2\/media\/5940504"}],"wp:attachment":[{"href":"https:\/\/stoic-curie.212-227-153-4.plesk.page\/hr\/wp-json\/wp\/v2\/media?parent=5871562"}],"wp:term":[{"taxonomy":"product_brand","embeddable":true,"href":"https:\/\/stoic-curie.212-227-153-4.plesk.page\/hr\/wp-json\/wp\/v2\/product_brand?post=5871562"},{"taxonomy":"product_cat","embeddable":true,"href":"https:\/\/stoic-curie.212-227-153-4.plesk.page\/hr\/wp-json\/wp\/v2\/product_cat?post=5871562"},{"taxonomy":"product_tag","embeddable":true,"href":"https:\/\/stoic-curie.212-227-153-4.plesk.page\/hr\/wp-json\/wp\/v2\/product_tag?post=5871562"}],"curies":[{"name":"wp","href":"https:\/\/api.w.org\/{rel}","templated":true}]}}