{"id":5871563,"date":"2026-02-19T19:58:07","date_gmt":"2026-02-19T18:58:07","guid":{"rendered":"https:\/\/stoic-curie.212-227-153-4.plesk.page\/product\/zamjenska-rucka-za-tor-marine-kormila-dugacka-rucka-za-osovinu-d40-235-mm\/"},"modified":"2026-02-25T00:02:11","modified_gmt":"2026-02-25T00:02:11","slug":"zamjenska-rucka-za-tor-marine-kormila-dugacka-rucka-za-osovinu-d40-235-mm","status":"publish","type":"product","link":"https:\/\/stoic-curie.212-227-153-4.plesk.page\/hr\/product\/zamjenska-rucka-za-tor-marine-kormila-dugacka-rucka-za-osovinu-d40-235-mm\/","title":{"rendered":"Zamjenska Ru\u010dka za Tor-Marine Kormila (Duga\u010dka Ru\u010dka za Osovinu D40, 235 mm)"},"content":{"rendered":"<p>Zamjenska Ru\u010dka za Tor-Marine Kormila (Duga\u010dka Ru\u010dka za Osovinu D40, 235 mm) &#8211; <\/p>\n<p>Zamjenska ru\u010dka za Tor-Marine kormila. Standardna ru\u010dka isporu\u010duje se sa svim kormilima, dok je duga\u010dka ru\u010dka opcionalno pobolj\u0161anje.<\/p>\n","protected":false},"excerpt":{"rendered":"<p>Zamjenska Ru\u010dka za Tor-Marine Kormila (Duga\u010dka Ru\u010dka za Osovinu D40, 235 mm) &#8211; Zamjenska ru\u010dka za Tor-Marine kormila. Standardna ru\u010dka<\/p>\n","protected":false},"featured_media":5870422,"comment_status":"open","ping_status":"closed","template":"","meta":[],"product_brand":[2931],"product_cat":[1783],"product_tag":[],"class_list":{"0":"post-5871563","1":"product","2":"type-product","3":"status-publish","4":"has-post-thumbnail","6":"product_brand-exalto-marine-hr","7":"product_cat-kormila","9":"first","10":"outofstock","11":"shipping-taxable","12":"purchasable","13":"product-type-simple"},"_links":{"self":[{"href":"https:\/\/stoic-curie.212-227-153-4.plesk.page\/hr\/wp-json\/wp\/v2\/product\/5871563","targetHints":{"allow":["GET"]}}],"collection":[{"href":"https:\/\/stoic-curie.212-227-153-4.plesk.page\/hr\/wp-json\/wp\/v2\/product"}],"about":[{"href":"https:\/\/stoic-curie.212-227-153-4.plesk.page\/hr\/wp-json\/wp\/v2\/types\/product"}],"replies":[{"embeddable":true,"href":"https:\/\/stoic-curie.212-227-153-4.plesk.page\/hr\/wp-json\/wp\/v2\/comments?post=5871563"}],"version-history":[{"count":0,"href":"https:\/\/stoic-curie.212-227-153-4.plesk.page\/hr\/wp-json\/wp\/v2\/product\/5871563\/revisions"}],"wp:featuredmedia":[{"embeddable":true,"href":"https:\/\/stoic-curie.212-227-153-4.plesk.page\/hr\/wp-json\/wp\/v2\/media\/5870422"}],"wp:attachment":[{"href":"https:\/\/stoic-curie.212-227-153-4.plesk.page\/hr\/wp-json\/wp\/v2\/media?parent=5871563"}],"wp:term":[{"taxonomy":"product_brand","embeddable":true,"href":"https:\/\/stoic-curie.212-227-153-4.plesk.page\/hr\/wp-json\/wp\/v2\/product_brand?post=5871563"},{"taxonomy":"product_cat","embeddable":true,"href":"https:\/\/stoic-curie.212-227-153-4.plesk.page\/hr\/wp-json\/wp\/v2\/product_cat?post=5871563"},{"taxonomy":"product_tag","embeddable":true,"href":"https:\/\/stoic-curie.212-227-153-4.plesk.page\/hr\/wp-json\/wp\/v2\/product_tag?post=5871563"}],"curies":[{"name":"wp","href":"https:\/\/api.w.org\/{rel}","templated":true}]}}