{"id":5871564,"date":"2026-02-19T19:58:12","date_gmt":"2026-02-19T18:58:12","guid":{"rendered":"https:\/\/stoic-curie.212-227-153-4.plesk.page\/product\/3m-g020f-dvostrana-ljepljiva-traka\/"},"modified":"2026-02-25T00:02:19","modified_gmt":"2026-02-25T00:02:19","slug":"3m-g020f-dvostrana-ljepljiva-traka","status":"publish","type":"product","link":"https:\/\/stoic-curie.212-227-153-4.plesk.page\/hr\/product\/3m-g020f-dvostrana-ljepljiva-traka\/","title":{"rendered":"3M G020F dvostrana ljepljiva traka"},"content":{"rendered":"<p>3M G020F dvostrana ljepljiva traka &#8211; Ova visokou\u010dinkovita dvostrana ljepljiva traka od 3M dizajnirana je za \u0161irok spektar primjena. Pru\u017ea sna\u017enu adheziju, izvrsnu izdr\u017eljivost i savr\u0161ena je za unutarnju i vanjsku upotrebu.<\/p>\n","protected":false},"excerpt":{"rendered":"<p>3M G020F dvostrana ljepljiva traka &#8211; Ova visokou\u010dinkovita dvostrana ljepljiva traka od 3M dizajnirana je za \u0161irok spektar primjena. Pru\u017ea<\/p>\n","protected":false},"featured_media":5870433,"comment_status":"open","ping_status":"closed","template":"","meta":[],"product_brand":[2771],"product_cat":[1627],"product_tag":[],"class_list":{"0":"post-5871564","1":"product","2":"type-product","3":"status-publish","4":"has-post-thumbnail","6":"product_brand-3m-marine-hr","7":"product_cat-vrpce-za-popravak","9":"first","10":"instock","11":"shipping-taxable","12":"purchasable","13":"product-type-simple"},"_links":{"self":[{"href":"https:\/\/stoic-curie.212-227-153-4.plesk.page\/hr\/wp-json\/wp\/v2\/product\/5871564","targetHints":{"allow":["GET"]}}],"collection":[{"href":"https:\/\/stoic-curie.212-227-153-4.plesk.page\/hr\/wp-json\/wp\/v2\/product"}],"about":[{"href":"https:\/\/stoic-curie.212-227-153-4.plesk.page\/hr\/wp-json\/wp\/v2\/types\/product"}],"replies":[{"embeddable":true,"href":"https:\/\/stoic-curie.212-227-153-4.plesk.page\/hr\/wp-json\/wp\/v2\/comments?post=5871564"}],"version-history":[{"count":0,"href":"https:\/\/stoic-curie.212-227-153-4.plesk.page\/hr\/wp-json\/wp\/v2\/product\/5871564\/revisions"}],"wp:featuredmedia":[{"embeddable":true,"href":"https:\/\/stoic-curie.212-227-153-4.plesk.page\/hr\/wp-json\/wp\/v2\/media\/5870433"}],"wp:attachment":[{"href":"https:\/\/stoic-curie.212-227-153-4.plesk.page\/hr\/wp-json\/wp\/v2\/media?parent=5871564"}],"wp:term":[{"taxonomy":"product_brand","embeddable":true,"href":"https:\/\/stoic-curie.212-227-153-4.plesk.page\/hr\/wp-json\/wp\/v2\/product_brand?post=5871564"},{"taxonomy":"product_cat","embeddable":true,"href":"https:\/\/stoic-curie.212-227-153-4.plesk.page\/hr\/wp-json\/wp\/v2\/product_cat?post=5871564"},{"taxonomy":"product_tag","embeddable":true,"href":"https:\/\/stoic-curie.212-227-153-4.plesk.page\/hr\/wp-json\/wp\/v2\/product_tag?post=5871564"}],"curies":[{"name":"wp","href":"https:\/\/api.w.org\/{rel}","templated":true}]}}