{"id":5871567,"date":"2026-02-19T19:58:14","date_gmt":"2026-02-19T18:58:14","guid":{"rendered":"https:\/\/stoic-curie.212-227-153-4.plesk.page\/product\/radijalni-ventilatori-flex-mount-spx-80-47420-02-kod-ref-airv-4-550-flex-mount\/"},"modified":"2026-02-25T00:02:19","modified_gmt":"2026-02-25T00:02:19","slug":"radijalni-ventilatori-flex-mount-spx-80-47420-02-kod-ref-airv-4-550-flex-mount","status":"publish","type":"product","link":"https:\/\/stoic-curie.212-227-153-4.plesk.page\/hr\/product\/radijalni-ventilatori-flex-mount-spx-80-47420-02-kod-ref-airv-4-550-flex-mount\/","title":{"rendered":"Radijalni Ventilatori &#8211; Flex Mount SPX 80-47420-02 Kod Ref AIRV 4-550 Flex Mount"},"content":{"rendered":"<p>Radijalni Ventilatori &#8211; Flex Mount SPX 80-47420-02 Kod Ref AIRV 4-550 Flex Mount &#8211; <\/p>\n<p>Pomorski radijalni ventilatori posebno su dizajnirani za ventilaciju motorskih prostorija prije pokretanja. Idealni su za usis ili ispu\u0161tanje zraka u dnu broda, kuhinjama, smje\u0161tajnim prostorima i drugim prostorijama. Ovaj model ima motor s dvostrukim kugli\u010dnim le\u017eajem, ku\u0107i\u0161te od ABS-a otporno na udarce te osovinu i vijke od nehr\u0111aju\u0107eg \u010delika.<\/p>\n","protected":false},"excerpt":{"rendered":"<p>Radijalni Ventilatori &#8211; Flex Mount SPX 80-47420-02 Kod Ref AIRV 4-550 Flex Mount &#8211; Pomorski radijalni ventilatori posebno su dizajnirani<\/p>\n","protected":false},"featured_media":5870437,"comment_status":"open","ping_status":"closed","template":"","meta":[],"product_brand":[3046],"product_cat":[1826,1732],"product_tag":[],"class_list":{"0":"post-5871567","1":"product","2":"type-product","3":"status-publish","4":"has-post-thumbnail","6":"product_brand-johnson-marine-hr","7":"product_cat-sustavi-odzracivanja-motora","8":"product_cat-ventilatori-za-provjetravanje-kaljuze","10":"first","11":"instock","12":"shipping-taxable","13":"purchasable","14":"product-type-simple"},"_links":{"self":[{"href":"https:\/\/stoic-curie.212-227-153-4.plesk.page\/hr\/wp-json\/wp\/v2\/product\/5871567","targetHints":{"allow":["GET"]}}],"collection":[{"href":"https:\/\/stoic-curie.212-227-153-4.plesk.page\/hr\/wp-json\/wp\/v2\/product"}],"about":[{"href":"https:\/\/stoic-curie.212-227-153-4.plesk.page\/hr\/wp-json\/wp\/v2\/types\/product"}],"replies":[{"embeddable":true,"href":"https:\/\/stoic-curie.212-227-153-4.plesk.page\/hr\/wp-json\/wp\/v2\/comments?post=5871567"}],"version-history":[{"count":0,"href":"https:\/\/stoic-curie.212-227-153-4.plesk.page\/hr\/wp-json\/wp\/v2\/product\/5871567\/revisions"}],"wp:featuredmedia":[{"embeddable":true,"href":"https:\/\/stoic-curie.212-227-153-4.plesk.page\/hr\/wp-json\/wp\/v2\/media\/5870437"}],"wp:attachment":[{"href":"https:\/\/stoic-curie.212-227-153-4.plesk.page\/hr\/wp-json\/wp\/v2\/media?parent=5871567"}],"wp:term":[{"taxonomy":"product_brand","embeddable":true,"href":"https:\/\/stoic-curie.212-227-153-4.plesk.page\/hr\/wp-json\/wp\/v2\/product_brand?post=5871567"},{"taxonomy":"product_cat","embeddable":true,"href":"https:\/\/stoic-curie.212-227-153-4.plesk.page\/hr\/wp-json\/wp\/v2\/product_cat?post=5871567"},{"taxonomy":"product_tag","embeddable":true,"href":"https:\/\/stoic-curie.212-227-153-4.plesk.page\/hr\/wp-json\/wp\/v2\/product_tag?post=5871567"}],"curies":[{"name":"wp","href":"https:\/\/api.w.org\/{rel}","templated":true}]}}