{"id":5871570,"date":"2026-02-19T19:58:16","date_gmt":"2026-02-19T18:58:16","guid":{"rendered":"https:\/\/stoic-curie.212-227-153-4.plesk.page\/product\/aquat-tiha-elektricna-konverzija-kit-spx-81-47240-01\/"},"modified":"2026-02-25T00:02:19","modified_gmt":"2026-02-25T00:02:19","slug":"aquat-tiha-elektricna-konverzija-kit-spx-81-47240-01","status":"publish","type":"product","link":"https:\/\/stoic-curie.212-227-153-4.plesk.page\/hr\/product\/aquat-tiha-elektricna-konverzija-kit-spx-81-47240-01\/","title":{"rendered":"AquaT Tiha Elektri\u010dna Konverzija Kit SPX 81-47240-01"},"content":{"rendered":"<p>AquaT Tiha Elektri\u010dna Konverzija Kit SPX 81-47240-01 &#8211; <\/p>\n<p>AquaT tihi elektri\u010dni konverzijski kit dizajniran je za kompaktne ili udobne posude. Podr\u017eava odvojeni vanjski sustav ispiranja s pumpom za ispiranje ili se integri\u0161e s postoje\u0107im centraliziranim sustavom svje\u017ee vode putem solenoida. Ovaj kit u\u010dinkovito upravlja funkcijama ispiranja i ispu\u0161tanja preko dva odvojena gumba na kontrolnoj plo\u010di. Uklju\u010duje pumpu za ispu\u0161tanje, bazu, priklju\u010dke i kontrolnu plo\u010du s dva prekida\u010da.<\/p>\n","protected":false},"excerpt":{"rendered":"<p>AquaT Tiha Elektri\u010dna Konverzija Kit SPX 81-47240-01 &#8211; AquaT tihi elektri\u010dni konverzijski kit dizajniran je za kompaktne ili udobne posude.<\/p>\n","protected":false},"featured_media":5870445,"comment_status":"open","ping_status":"closed","template":"","meta":[],"product_brand":[3046],"product_cat":[1675],"product_tag":[],"class_list":{"0":"post-5871570","1":"product","2":"type-product","3":"status-publish","4":"has-post-thumbnail","6":"product_brand-johnson-marine-hr","7":"product_cat-brodski-wc","9":"first","10":"outofstock","11":"shipping-taxable","12":"purchasable","13":"product-type-simple"},"_links":{"self":[{"href":"https:\/\/stoic-curie.212-227-153-4.plesk.page\/hr\/wp-json\/wp\/v2\/product\/5871570","targetHints":{"allow":["GET"]}}],"collection":[{"href":"https:\/\/stoic-curie.212-227-153-4.plesk.page\/hr\/wp-json\/wp\/v2\/product"}],"about":[{"href":"https:\/\/stoic-curie.212-227-153-4.plesk.page\/hr\/wp-json\/wp\/v2\/types\/product"}],"replies":[{"embeddable":true,"href":"https:\/\/stoic-curie.212-227-153-4.plesk.page\/hr\/wp-json\/wp\/v2\/comments?post=5871570"}],"version-history":[{"count":0,"href":"https:\/\/stoic-curie.212-227-153-4.plesk.page\/hr\/wp-json\/wp\/v2\/product\/5871570\/revisions"}],"wp:featuredmedia":[{"embeddable":true,"href":"https:\/\/stoic-curie.212-227-153-4.plesk.page\/hr\/wp-json\/wp\/v2\/media\/5870445"}],"wp:attachment":[{"href":"https:\/\/stoic-curie.212-227-153-4.plesk.page\/hr\/wp-json\/wp\/v2\/media?parent=5871570"}],"wp:term":[{"taxonomy":"product_brand","embeddable":true,"href":"https:\/\/stoic-curie.212-227-153-4.plesk.page\/hr\/wp-json\/wp\/v2\/product_brand?post=5871570"},{"taxonomy":"product_cat","embeddable":true,"href":"https:\/\/stoic-curie.212-227-153-4.plesk.page\/hr\/wp-json\/wp\/v2\/product_cat?post=5871570"},{"taxonomy":"product_tag","embeddable":true,"href":"https:\/\/stoic-curie.212-227-153-4.plesk.page\/hr\/wp-json\/wp\/v2\/product_tag?post=5871570"}],"curies":[{"name":"wp","href":"https:\/\/api.w.org\/{rel}","templated":true}]}}