{"id":5871571,"date":"2026-02-19T19:58:16","date_gmt":"2026-02-19T18:58:16","guid":{"rendered":"https:\/\/stoic-curie.212-227-153-4.plesk.page\/product\/aquat-silent-electric-set-za-konverziju-spx-81-47240-02\/"},"modified":"2026-02-25T00:02:19","modified_gmt":"2026-02-25T00:02:19","slug":"aquat-silent-electric-set-za-konverziju-spx-81-47240-02","status":"publish","type":"product","link":"https:\/\/stoic-curie.212-227-153-4.plesk.page\/hr\/product\/aquat-silent-electric-set-za-konverziju-spx-81-47240-02\/","title":{"rendered":"Aquat Silent Electric Set za Konverziju SPX 81-47240-02"},"content":{"rendered":"<p>Aquat Silent Electric Set za Konverziju SPX 81-47240-02 &#8211; <\/p>\n<p>AquaT Silent Electric set za konverziju dizajniran je za kompaktne ili udobne posude. Kompatibilan je s odvojenim vanjskim sustavom ispiranja s pumpom ili se mo\u017ee koristiti s postoje\u0107im centraliziranim sustavom svje\u017ee vode pomo\u0107u solenoida. Kit omogu\u0107uje upravljanje funkcijama ispiranja i pra\u017enjenja s dva odvojena gumba na kontrolnoj plo\u010di. Uklju\u010deni su pumpa za ispu\u0161tanje, baza, konektori i kontrolna plo\u010da sa dva prekida\u010da.<\/p>\n","protected":false},"excerpt":{"rendered":"<p>Aquat Silent Electric Set za Konverziju SPX 81-47240-02 &#8211; AquaT Silent Electric set za konverziju dizajniran je za kompaktne ili<\/p>\n","protected":false},"featured_media":5870445,"comment_status":"open","ping_status":"closed","template":"","meta":[],"product_brand":[3046],"product_cat":[1675],"product_tag":[],"class_list":{"0":"post-5871571","1":"product","2":"type-product","3":"status-publish","4":"has-post-thumbnail","6":"product_brand-johnson-marine-hr","7":"product_cat-brodski-wc","9":"first","10":"outofstock","11":"shipping-taxable","12":"purchasable","13":"product-type-simple"},"_links":{"self":[{"href":"https:\/\/stoic-curie.212-227-153-4.plesk.page\/hr\/wp-json\/wp\/v2\/product\/5871571","targetHints":{"allow":["GET"]}}],"collection":[{"href":"https:\/\/stoic-curie.212-227-153-4.plesk.page\/hr\/wp-json\/wp\/v2\/product"}],"about":[{"href":"https:\/\/stoic-curie.212-227-153-4.plesk.page\/hr\/wp-json\/wp\/v2\/types\/product"}],"replies":[{"embeddable":true,"href":"https:\/\/stoic-curie.212-227-153-4.plesk.page\/hr\/wp-json\/wp\/v2\/comments?post=5871571"}],"version-history":[{"count":0,"href":"https:\/\/stoic-curie.212-227-153-4.plesk.page\/hr\/wp-json\/wp\/v2\/product\/5871571\/revisions"}],"wp:featuredmedia":[{"embeddable":true,"href":"https:\/\/stoic-curie.212-227-153-4.plesk.page\/hr\/wp-json\/wp\/v2\/media\/5870445"}],"wp:attachment":[{"href":"https:\/\/stoic-curie.212-227-153-4.plesk.page\/hr\/wp-json\/wp\/v2\/media?parent=5871571"}],"wp:term":[{"taxonomy":"product_brand","embeddable":true,"href":"https:\/\/stoic-curie.212-227-153-4.plesk.page\/hr\/wp-json\/wp\/v2\/product_brand?post=5871571"},{"taxonomy":"product_cat","embeddable":true,"href":"https:\/\/stoic-curie.212-227-153-4.plesk.page\/hr\/wp-json\/wp\/v2\/product_cat?post=5871571"},{"taxonomy":"product_tag","embeddable":true,"href":"https:\/\/stoic-curie.212-227-153-4.plesk.page\/hr\/wp-json\/wp\/v2\/product_tag?post=5871571"}],"curies":[{"name":"wp","href":"https:\/\/api.w.org\/{rel}","templated":true}]}}