{"id":5887793,"date":"2026-02-20T19:08:19","date_gmt":"2026-02-20T18:08:19","guid":{"rendered":"https:\/\/stoic-curie.212-227-153-4.plesk.page\/product\/275a-bep-easyfit-prekidac-za-baterije-dc-275a-ac-455a-pokretanje-1250a-struja\/"},"modified":"2026-02-25T00:01:35","modified_gmt":"2026-02-25T00:01:35","slug":"275a-bep-easyfit-prekidac-za-baterije-dc-275a-ac-455a-pokretanje-1250a-struja","status":"publish","type":"product","link":"https:\/\/stoic-curie.212-227-153-4.plesk.page\/hr\/product\/275a-bep-easyfit-prekidac-za-baterije-dc-275a-ac-455a-pokretanje-1250a-struja\/","title":{"rendered":"275A Bep Easyfit Prekida\u010d za baterije DC 275A AC 455A Pokretanje 1250A Struja"},"content":{"rendered":"<p>275A Bep Easyfit Prekida\u010d za baterije DC 275A AC 455A Pokretanje 1250A Struja &#8211; <\/p>\n<p>Ovaj prekida\u010d za baterije ima tipku i pocin\u010dane bakrene M10 pinove. Zahvaljuju\u0107i Easyfit navojnom pinu, mo\u017ee se ugraditi ravno s jednostavnom rupu od 24 mm na panelima debljine do 19 mm. Temeljito je testiran na vrijednosti struje i udovoljava zahtjevima za\u0161tite od eksplozija.<br \/>Struja = Maksimalni kapacitet<\/p>\n","protected":false},"excerpt":{"rendered":"<p>275A Bep Easyfit Prekida\u010d za baterije DC 275A AC 455A Pokretanje 1250A Struja &#8211; Ovaj prekida\u010d za baterije ima tipku<\/p>\n","protected":false},"featured_media":5886332,"comment_status":"open","ping_status":"closed","template":"","meta":[],"product_brand":[2826],"product_cat":[1745],"product_tag":[],"class_list":{"0":"post-5887793","1":"product","2":"type-product","3":"status-publish","4":"has-post-thumbnail","6":"product_brand-bep-marine-hr","7":"product_cat-prekidaci-baterija","9":"first","10":"instock","11":"shipping-taxable","12":"purchasable","13":"product-type-simple"},"_links":{"self":[{"href":"https:\/\/stoic-curie.212-227-153-4.plesk.page\/hr\/wp-json\/wp\/v2\/product\/5887793","targetHints":{"allow":["GET"]}}],"collection":[{"href":"https:\/\/stoic-curie.212-227-153-4.plesk.page\/hr\/wp-json\/wp\/v2\/product"}],"about":[{"href":"https:\/\/stoic-curie.212-227-153-4.plesk.page\/hr\/wp-json\/wp\/v2\/types\/product"}],"replies":[{"embeddable":true,"href":"https:\/\/stoic-curie.212-227-153-4.plesk.page\/hr\/wp-json\/wp\/v2\/comments?post=5887793"}],"version-history":[{"count":0,"href":"https:\/\/stoic-curie.212-227-153-4.plesk.page\/hr\/wp-json\/wp\/v2\/product\/5887793\/revisions"}],"wp:featuredmedia":[{"embeddable":true,"href":"https:\/\/stoic-curie.212-227-153-4.plesk.page\/hr\/wp-json\/wp\/v2\/media\/5886332"}],"wp:attachment":[{"href":"https:\/\/stoic-curie.212-227-153-4.plesk.page\/hr\/wp-json\/wp\/v2\/media?parent=5887793"}],"wp:term":[{"taxonomy":"product_brand","embeddable":true,"href":"https:\/\/stoic-curie.212-227-153-4.plesk.page\/hr\/wp-json\/wp\/v2\/product_brand?post=5887793"},{"taxonomy":"product_cat","embeddable":true,"href":"https:\/\/stoic-curie.212-227-153-4.plesk.page\/hr\/wp-json\/wp\/v2\/product_cat?post=5887793"},{"taxonomy":"product_tag","embeddable":true,"href":"https:\/\/stoic-curie.212-227-153-4.plesk.page\/hr\/wp-json\/wp\/v2\/product_tag?post=5887793"}],"curies":[{"name":"wp","href":"https:\/\/api.w.org\/{rel}","templated":true}]}}