{"id":5887794,"date":"2026-02-20T19:08:19","date_gmt":"2026-02-20T18:08:19","guid":{"rendered":"https:\/\/stoic-curie.212-227-153-4.plesk.page\/product\/bep-pro-installer-prekidac-baterije-400a-ref-770-dp\/"},"modified":"2026-02-25T00:01:35","modified_gmt":"2026-02-25T00:01:35","slug":"bep-pro-installer-prekidac-baterije-400a-ref-770-dp","status":"publish","type":"product","link":"https:\/\/stoic-curie.212-227-153-4.plesk.page\/hr\/product\/bep-pro-installer-prekidac-baterije-400a-ref-770-dp\/","title":{"rendered":"BEP Pro Installer Prekida\u010d Baterije 400A Ref 770-DP"},"content":{"rendered":"<p>BEP Pro Installer Prekida\u010d Baterije 400A Ref 770-DP &#8211; <\/p>\n<p>Prekida\u010d za baterije s dvostrukim polom s dugmetom i pocin\u010danim M10 bakrenim pinovima. Ovaj prekida\u010d podr\u017eava monta\u017eu na povr\u0161inu, zadnju ili prednju plo\u010du. EZ verzija omogu\u0107uje jednostavnu monta\u017eu sprijeda. Testiran je za vrijednosti struje i udovoljava zahtjevima za za\u0161titu od eksplozije.<br \/>Struja = Max kapacitet<\/p>\n","protected":false},"excerpt":{"rendered":"<p>BEP Pro Installer Prekida\u010d Baterije 400A Ref 770-DP &#8211; Prekida\u010d za baterije s dvostrukim polom s dugmetom i pocin\u010danim M10<\/p>\n","protected":false},"featured_media":5886336,"comment_status":"open","ping_status":"closed","template":"","meta":[],"product_brand":[2826],"product_cat":[1745],"product_tag":[],"class_list":{"0":"post-5887794","1":"product","2":"type-product","3":"status-publish","4":"has-post-thumbnail","6":"product_brand-bep-marine-hr","7":"product_cat-prekidaci-baterija","9":"first","10":"instock","11":"shipping-taxable","12":"purchasable","13":"product-type-simple"},"_links":{"self":[{"href":"https:\/\/stoic-curie.212-227-153-4.plesk.page\/hr\/wp-json\/wp\/v2\/product\/5887794","targetHints":{"allow":["GET"]}}],"collection":[{"href":"https:\/\/stoic-curie.212-227-153-4.plesk.page\/hr\/wp-json\/wp\/v2\/product"}],"about":[{"href":"https:\/\/stoic-curie.212-227-153-4.plesk.page\/hr\/wp-json\/wp\/v2\/types\/product"}],"replies":[{"embeddable":true,"href":"https:\/\/stoic-curie.212-227-153-4.plesk.page\/hr\/wp-json\/wp\/v2\/comments?post=5887794"}],"version-history":[{"count":0,"href":"https:\/\/stoic-curie.212-227-153-4.plesk.page\/hr\/wp-json\/wp\/v2\/product\/5887794\/revisions"}],"wp:featuredmedia":[{"embeddable":true,"href":"https:\/\/stoic-curie.212-227-153-4.plesk.page\/hr\/wp-json\/wp\/v2\/media\/5886336"}],"wp:attachment":[{"href":"https:\/\/stoic-curie.212-227-153-4.plesk.page\/hr\/wp-json\/wp\/v2\/media?parent=5887794"}],"wp:term":[{"taxonomy":"product_brand","embeddable":true,"href":"https:\/\/stoic-curie.212-227-153-4.plesk.page\/hr\/wp-json\/wp\/v2\/product_brand?post=5887794"},{"taxonomy":"product_cat","embeddable":true,"href":"https:\/\/stoic-curie.212-227-153-4.plesk.page\/hr\/wp-json\/wp\/v2\/product_cat?post=5887794"},{"taxonomy":"product_tag","embeddable":true,"href":"https:\/\/stoic-curie.212-227-153-4.plesk.page\/hr\/wp-json\/wp\/v2\/product_tag?post=5887794"}],"curies":[{"name":"wp","href":"https:\/\/api.w.org\/{rel}","templated":true}]}}