{"id":5887805,"date":"2026-02-20T19:08:26","date_gmt":"2026-02-20T18:08:26","guid":{"rendered":"https:\/\/stoic-curie.212-227-153-4.plesk.page\/product\/crveno-zeleno-navigacijsko-svetlo-na-odvojivom-stupu-1nm-ce-za-plovila-12m-bicolor\/"},"modified":"2026-02-25T00:01:35","modified_gmt":"2026-02-25T00:01:35","slug":"crveno-zeleno-navigacijsko-svetlo-na-odvojivom-stupu-1nm-ce-za-plovila-12m-bicolor","status":"publish","type":"product","link":"https:\/\/stoic-curie.212-227-153-4.plesk.page\/hr\/product\/crveno-zeleno-navigacijsko-svetlo-na-odvojivom-stupu-1nm-ce-za-plovila-12m-bicolor\/","title":{"rendered":"Crveno\/Zeleno Navigacijsko Svetlo na Odvojivom Stupu 1nm (CE) za Plovila &lt;12m &#8211; Bicolor"},"content":{"rendered":"<p>Crveno\/Zeleno Navigacijsko Svetlo na Odvojivom Stupu 1nm (CE) za Plovila &lt;12m &#8211; Bicolor &#8211; Ova visokokvalitetna crvena i zelena navigacijska svjetlost dizajnirana je za plovila manja od 12 metara. Sadr\u017ei odvojivi stup za jednostavnu instalaciju i pohranu, osiguravaju\u0107i uskla\u0111enost s CE standardima.<\/p>\n","protected":false},"excerpt":{"rendered":"<p>Crveno\/Zeleno Navigacijsko Svetlo na Odvojivom Stupu 1nm (CE) za Plovila &lt;12m &#8211; Bicolor &#8211; Ova visokokvalitetna crvena i zelena navigacijska<\/p>\n","protected":false},"featured_media":5886380,"comment_status":"open","ping_status":"closed","template":"","meta":[],"product_brand":[3491],"product_cat":[1741],"product_tag":[],"class_list":{"0":"post-5887805","1":"product","2":"type-product","3":"status-publish","4":"has-post-thumbnail","6":"product_brand-trem-hr","7":"product_cat-navigacijska-svjetla","9":"first","10":"outofstock","11":"shipping-taxable","12":"purchasable","13":"product-type-simple"},"_links":{"self":[{"href":"https:\/\/stoic-curie.212-227-153-4.plesk.page\/hr\/wp-json\/wp\/v2\/product\/5887805","targetHints":{"allow":["GET"]}}],"collection":[{"href":"https:\/\/stoic-curie.212-227-153-4.plesk.page\/hr\/wp-json\/wp\/v2\/product"}],"about":[{"href":"https:\/\/stoic-curie.212-227-153-4.plesk.page\/hr\/wp-json\/wp\/v2\/types\/product"}],"replies":[{"embeddable":true,"href":"https:\/\/stoic-curie.212-227-153-4.plesk.page\/hr\/wp-json\/wp\/v2\/comments?post=5887805"}],"version-history":[{"count":0,"href":"https:\/\/stoic-curie.212-227-153-4.plesk.page\/hr\/wp-json\/wp\/v2\/product\/5887805\/revisions"}],"wp:featuredmedia":[{"embeddable":true,"href":"https:\/\/stoic-curie.212-227-153-4.plesk.page\/hr\/wp-json\/wp\/v2\/media\/5886380"}],"wp:attachment":[{"href":"https:\/\/stoic-curie.212-227-153-4.plesk.page\/hr\/wp-json\/wp\/v2\/media?parent=5887805"}],"wp:term":[{"taxonomy":"product_brand","embeddable":true,"href":"https:\/\/stoic-curie.212-227-153-4.plesk.page\/hr\/wp-json\/wp\/v2\/product_brand?post=5887805"},{"taxonomy":"product_cat","embeddable":true,"href":"https:\/\/stoic-curie.212-227-153-4.plesk.page\/hr\/wp-json\/wp\/v2\/product_cat?post=5887805"},{"taxonomy":"product_tag","embeddable":true,"href":"https:\/\/stoic-curie.212-227-153-4.plesk.page\/hr\/wp-json\/wp\/v2\/product_tag?post=5887805"}],"curies":[{"name":"wp","href":"https:\/\/api.w.org\/{rel}","templated":true}]}}