{"id":5887807,"date":"2026-02-20T19:08:28","date_gmt":"2026-02-20T18:08:28","guid":{"rendered":"https:\/\/stoic-curie.212-227-153-4.plesk.page\/product\/riviera-zenith-bz2-kompas-visoka-brzina-crna\/"},"modified":"2026-02-25T00:01:35","modified_gmt":"2026-02-25T00:01:35","slug":"riviera-zenith-bz2-kompas-visoka-brzina-crna","status":"publish","type":"product","link":"https:\/\/stoic-curie.212-227-153-4.plesk.page\/hr\/product\/riviera-zenith-bz2-kompas-visoka-brzina-crna\/","title":{"rendered":"Riviera Zenith BZ2 Kompas &#8211; Visoka Brzina &#8211; Crna"},"content":{"rendered":"<p>Riviera Zenith BZ2 Kompas &#8211; Visoka Brzina &#8211; Crna &#8211; <\/p>\n<p>Zenith BZ1 kompaktni kompas za monta\u017eu ima ekran za za\u0161titu od odsjaja. Dostupan je u standardnoj i verziji visoke brzine, posebno dizajniranoj za brze \u010damce. <br \/> \u2022 Ugra\u0111ena funkcija kompenzacije <br \/> \u2022 Interni gimbal <br \/> \u2022 Osvjetljenje: 12V (24V na zahtjev) <br \/> \u2022 Vidljivi promjer karte: 3 in\u010da &#8211; 80 mm <br \/> \u2022 \u010citanje s le\u0111a (graduacija karte 5\u00b0) <br \/> \u2022 Pogodno za standardne i brze \u010damce <br \/> \u2022 Jamstvo od 3 godine <br \/> * MED certifikacija (ako je potrebno) mora se zatra\u017eiti prije kupnje.<\/p>\n","protected":false},"excerpt":{"rendered":"<p>Riviera Zenith BZ2 Kompas &#8211; Visoka Brzina &#8211; Crna &#8211; Zenith BZ1 kompaktni kompas za monta\u017eu ima ekran za za\u0161titu<\/p>\n","protected":false},"featured_media":5886391,"comment_status":"open","ping_status":"closed","template":"","meta":[],"product_brand":[3306],"product_cat":[1780],"product_tag":[],"class_list":{"0":"post-5887807","1":"product","2":"type-product","3":"status-publish","4":"has-post-thumbnail","6":"product_brand-riviera-hr","7":"product_cat-navigacijski-kompas","9":"first","10":"instock","11":"shipping-taxable","12":"purchasable","13":"product-type-simple"},"_links":{"self":[{"href":"https:\/\/stoic-curie.212-227-153-4.plesk.page\/hr\/wp-json\/wp\/v2\/product\/5887807","targetHints":{"allow":["GET"]}}],"collection":[{"href":"https:\/\/stoic-curie.212-227-153-4.plesk.page\/hr\/wp-json\/wp\/v2\/product"}],"about":[{"href":"https:\/\/stoic-curie.212-227-153-4.plesk.page\/hr\/wp-json\/wp\/v2\/types\/product"}],"replies":[{"embeddable":true,"href":"https:\/\/stoic-curie.212-227-153-4.plesk.page\/hr\/wp-json\/wp\/v2\/comments?post=5887807"}],"version-history":[{"count":0,"href":"https:\/\/stoic-curie.212-227-153-4.plesk.page\/hr\/wp-json\/wp\/v2\/product\/5887807\/revisions"}],"wp:featuredmedia":[{"embeddable":true,"href":"https:\/\/stoic-curie.212-227-153-4.plesk.page\/hr\/wp-json\/wp\/v2\/media\/5886391"}],"wp:attachment":[{"href":"https:\/\/stoic-curie.212-227-153-4.plesk.page\/hr\/wp-json\/wp\/v2\/media?parent=5887807"}],"wp:term":[{"taxonomy":"product_brand","embeddable":true,"href":"https:\/\/stoic-curie.212-227-153-4.plesk.page\/hr\/wp-json\/wp\/v2\/product_brand?post=5887807"},{"taxonomy":"product_cat","embeddable":true,"href":"https:\/\/stoic-curie.212-227-153-4.plesk.page\/hr\/wp-json\/wp\/v2\/product_cat?post=5887807"},{"taxonomy":"product_tag","embeddable":true,"href":"https:\/\/stoic-curie.212-227-153-4.plesk.page\/hr\/wp-json\/wp\/v2\/product_tag?post=5887807"}],"curies":[{"name":"wp","href":"https:\/\/api.w.org\/{rel}","templated":true}]}}