{"id":5887815,"date":"2026-02-20T19:08:34","date_gmt":"2026-02-20T18:08:34","guid":{"rendered":"https:\/\/stoic-curie.212-227-153-4.plesk.page\/product\/aquapac-vodootporna-torba-za-montazu-na-sinu-ref-111-unutrasnje-185-mm-h-x-215-mm-c\/"},"modified":"2026-02-25T00:01:49","modified_gmt":"2026-02-25T00:01:49","slug":"aquapac-vodootporna-torba-za-montazu-na-sinu-ref-111-unutrasnje-185-mm-h-x-215-mm-c","status":"publish","type":"product","link":"https:\/\/stoic-curie.212-227-153-4.plesk.page\/hr\/product\/aquapac-vodootporna-torba-za-montazu-na-sinu-ref-111-unutrasnje-185-mm-h-x-215-mm-c\/","title":{"rendered":"Aquapac Vodootporna Torba za Monta\u017eu na \u0160inu Ref 111 (Unutra\u0161nje 185 mm h x 215 mm c)"},"content":{"rendered":"<p>Aquapac Vodootporna Torba za Monta\u017eu na \u0160inu Ref 111 (Unutra\u0161nje 185 mm h x 215 mm c) &#8211; <\/p>\n<p>Ova vodootporna torba je ocjenjena za dubine do 10 metara i dizajnirana je za pametne telefone. Ima kuku za pri\u010dvr\u0161\u0107ivanje koja se uklapa na cijevi do 32 mm promjera. Torba omogu\u0107uje kori\u0161tenje pametnog telefona u podesivom okomitoj poziciji tijekom svih nauti\u010dkih i vanjskih aktivnosti. Potpuna funkcionalnost gumba i osjetljivog ekrana zagarantovana je \u010dak i kroz torbu.<\/p>\n","protected":false},"excerpt":{"rendered":"<p>Aquapac Vodootporna Torba za Monta\u017eu na \u0160inu Ref 111 (Unutra\u0161nje 185 mm h x 215 mm c) &#8211; Ova vodootporna<\/p>\n","protected":false},"featured_media":5886529,"comment_status":"open","ping_status":"closed","template":"","meta":[],"product_brand":[2796],"product_cat":[1855],"product_tag":[],"class_list":{"0":"post-5887815","1":"product","2":"type-product","3":"status-publish","4":"has-post-thumbnail","6":"product_brand-aquapac-hr","7":"product_cat-suhe-torbe","9":"first","10":"outofstock","11":"shipping-taxable","12":"purchasable","13":"product-type-simple"},"_links":{"self":[{"href":"https:\/\/stoic-curie.212-227-153-4.plesk.page\/hr\/wp-json\/wp\/v2\/product\/5887815","targetHints":{"allow":["GET"]}}],"collection":[{"href":"https:\/\/stoic-curie.212-227-153-4.plesk.page\/hr\/wp-json\/wp\/v2\/product"}],"about":[{"href":"https:\/\/stoic-curie.212-227-153-4.plesk.page\/hr\/wp-json\/wp\/v2\/types\/product"}],"replies":[{"embeddable":true,"href":"https:\/\/stoic-curie.212-227-153-4.plesk.page\/hr\/wp-json\/wp\/v2\/comments?post=5887815"}],"version-history":[{"count":0,"href":"https:\/\/stoic-curie.212-227-153-4.plesk.page\/hr\/wp-json\/wp\/v2\/product\/5887815\/revisions"}],"wp:featuredmedia":[{"embeddable":true,"href":"https:\/\/stoic-curie.212-227-153-4.plesk.page\/hr\/wp-json\/wp\/v2\/media\/5886529"}],"wp:attachment":[{"href":"https:\/\/stoic-curie.212-227-153-4.plesk.page\/hr\/wp-json\/wp\/v2\/media?parent=5887815"}],"wp:term":[{"taxonomy":"product_brand","embeddable":true,"href":"https:\/\/stoic-curie.212-227-153-4.plesk.page\/hr\/wp-json\/wp\/v2\/product_brand?post=5887815"},{"taxonomy":"product_cat","embeddable":true,"href":"https:\/\/stoic-curie.212-227-153-4.plesk.page\/hr\/wp-json\/wp\/v2\/product_cat?post=5887815"},{"taxonomy":"product_tag","embeddable":true,"href":"https:\/\/stoic-curie.212-227-153-4.plesk.page\/hr\/wp-json\/wp\/v2\/product_tag?post=5887815"}],"curies":[{"name":"wp","href":"https:\/\/api.w.org\/{rel}","templated":true}]}}