{"id":5887821,"date":"2026-02-20T19:08:39","date_gmt":"2026-02-20T18:08:39","guid":{"rendered":"https:\/\/stoic-curie.212-227-153-4.plesk.page\/product\/propeler-za-volvo-penta-duoprop-854826-prednji-b5f\/"},"modified":"2026-02-25T00:01:53","modified_gmt":"2026-02-25T00:01:53","slug":"propeler-za-volvo-penta-duoprop-854826-prednji-b5f","status":"publish","type":"product","link":"https:\/\/stoic-curie.212-227-153-4.plesk.page\/hr\/product\/propeler-za-volvo-penta-duoprop-854826-prednji-b5f\/","title":{"rendered":"Propeler za Volvo Penta Duoprop 854826 Prednji-B5F"},"content":{"rendered":"<p>Propeler za Volvo Penta Duoprop 854826 Prednji-B5F &#8211; <\/p>\n<p>Alice aluminijske propelere za Volvo Penta Duo-Prop A-B tip motore, dizajnirane za osovinu s 27 zubaca (OEM 854826), imaju promjer od 14,75 in\u010da, korak od 21 in\u010da i lijevu rotaciju s tri o\u0161trice. Ovi propelere su izra\u0111eni od zrakoplovne aluminijski-titan legure i koriste 3D lasersko skeniranje za stati\u010dku i dinami\u010dku kontrolu. Robotizirana AkzoNobel pra\u0161kasta prevlaka osigurava trajnost, dok inovativni dizajn o\u0161trica posti\u017ee visoku u\u010dinkovitost i smanjuje potro\u0161nju goriva.<\/p>\n","protected":false},"excerpt":{"rendered":"<p>Propeler za Volvo Penta Duoprop 854826 Prednji-B5F &#8211; Alice aluminijske propelere za Volvo Penta Duo-Prop A-B tip motore, dizajnirane za<\/p>\n","protected":false},"featured_media":5790032,"comment_status":"open","ping_status":"closed","template":"","meta":[],"product_brand":[3391],"product_cat":[1829],"product_tag":[],"class_list":{"0":"post-5887821","1":"product","2":"type-product","3":"status-publish","4":"has-post-thumbnail","6":"product_brand-sierra-marine-hr","7":"product_cat-rezervni-dijelovi-za-motore-volvo-penta","9":"first","10":"instock","11":"shipping-taxable","12":"purchasable","13":"product-type-simple"},"_links":{"self":[{"href":"https:\/\/stoic-curie.212-227-153-4.plesk.page\/hr\/wp-json\/wp\/v2\/product\/5887821","targetHints":{"allow":["GET"]}}],"collection":[{"href":"https:\/\/stoic-curie.212-227-153-4.plesk.page\/hr\/wp-json\/wp\/v2\/product"}],"about":[{"href":"https:\/\/stoic-curie.212-227-153-4.plesk.page\/hr\/wp-json\/wp\/v2\/types\/product"}],"replies":[{"embeddable":true,"href":"https:\/\/stoic-curie.212-227-153-4.plesk.page\/hr\/wp-json\/wp\/v2\/comments?post=5887821"}],"version-history":[{"count":0,"href":"https:\/\/stoic-curie.212-227-153-4.plesk.page\/hr\/wp-json\/wp\/v2\/product\/5887821\/revisions"}],"wp:featuredmedia":[{"embeddable":true,"href":"https:\/\/stoic-curie.212-227-153-4.plesk.page\/hr\/wp-json\/wp\/v2\/media\/5790032"}],"wp:attachment":[{"href":"https:\/\/stoic-curie.212-227-153-4.plesk.page\/hr\/wp-json\/wp\/v2\/media?parent=5887821"}],"wp:term":[{"taxonomy":"product_brand","embeddable":true,"href":"https:\/\/stoic-curie.212-227-153-4.plesk.page\/hr\/wp-json\/wp\/v2\/product_brand?post=5887821"},{"taxonomy":"product_cat","embeddable":true,"href":"https:\/\/stoic-curie.212-227-153-4.plesk.page\/hr\/wp-json\/wp\/v2\/product_cat?post=5887821"},{"taxonomy":"product_tag","embeddable":true,"href":"https:\/\/stoic-curie.212-227-153-4.plesk.page\/hr\/wp-json\/wp\/v2\/product_tag?post=5887821"}],"curies":[{"name":"wp","href":"https:\/\/api.w.org\/{rel}","templated":true}]}}