{"id":5887829,"date":"2026-02-20T19:08:44","date_gmt":"2026-02-20T18:08:44","guid":{"rendered":"https:\/\/stoic-curie.212-227-153-4.plesk.page\/product\/kavez-zastite-propellera-za-propeler-od-9-228-cm-max-o-za-motor-od-99-20-ks-zuta\/"},"modified":"2026-02-25T00:01:53","modified_gmt":"2026-02-25T00:01:53","slug":"kavez-zastite-propellera-za-propeler-od-9-228-cm-max-o-za-motor-od-99-20-ks-zuta","status":"publish","type":"product","link":"https:\/\/stoic-curie.212-227-153-4.plesk.page\/hr\/product\/kavez-zastite-propellera-za-propeler-od-9-228-cm-max-o-za-motor-od-99-20-ks-zuta\/","title":{"rendered":"Kavez za\u0161tite propellera za propeler od 9&#8243; (22,8 cm) &#8211; Max \u00d8 za motor od 9,9-20 KS &#8211; \u017duta"},"content":{"rendered":"<p>Kavez za\u0161tite propellera za propeler od 9&#8243; (22,8 cm) &#8211; Max \u00d8 za motor od 9,9-20 KS &#8211; \u017duta &#8211; <\/p>\n<p>Oja\u010dana polimera za\u0161tita propellera. Dolazi s vijcima i lako se montira na bilo koji vanbrodski motor i pogonsku jedinicu. \u0160titi propeler od udaraca stranim tijelima i minimizira rizik od ozljede pliva\u010da i morskih stvorenja, \u0161to ga \u010dini idealnim za spasila\u010dke brodove. Zahvaljuju\u0107i tunelskom efektu, smanjuje potro\u0161nju goriva i pobolj\u0161ava upravljivost i stabilnost.<\/p>\n","protected":false},"excerpt":{"rendered":"<p>Kavez za\u0161tite propellera za propeler od 9&#8243; (22,8 cm) &#8211; Max \u00d8 za motor od 9,9-20 KS &#8211; \u017duta &#8211;<\/p>\n","protected":false},"featured_media":5886576,"comment_status":"open","ping_status":"closed","template":"","meta":[],"product_brand":[3391],"product_cat":[1803],"product_tag":[],"class_list":{"0":"post-5887829","1":"product","2":"type-product","3":"status-publish","4":"has-post-thumbnail","6":"product_brand-sierra-marine-hr","7":"product_cat-propeleri-za-vanbrodske-motore","9":"first","10":"instock","11":"shipping-taxable","12":"purchasable","13":"product-type-simple"},"_links":{"self":[{"href":"https:\/\/stoic-curie.212-227-153-4.plesk.page\/hr\/wp-json\/wp\/v2\/product\/5887829","targetHints":{"allow":["GET"]}}],"collection":[{"href":"https:\/\/stoic-curie.212-227-153-4.plesk.page\/hr\/wp-json\/wp\/v2\/product"}],"about":[{"href":"https:\/\/stoic-curie.212-227-153-4.plesk.page\/hr\/wp-json\/wp\/v2\/types\/product"}],"replies":[{"embeddable":true,"href":"https:\/\/stoic-curie.212-227-153-4.plesk.page\/hr\/wp-json\/wp\/v2\/comments?post=5887829"}],"version-history":[{"count":0,"href":"https:\/\/stoic-curie.212-227-153-4.plesk.page\/hr\/wp-json\/wp\/v2\/product\/5887829\/revisions"}],"wp:featuredmedia":[{"embeddable":true,"href":"https:\/\/stoic-curie.212-227-153-4.plesk.page\/hr\/wp-json\/wp\/v2\/media\/5886576"}],"wp:attachment":[{"href":"https:\/\/stoic-curie.212-227-153-4.plesk.page\/hr\/wp-json\/wp\/v2\/media?parent=5887829"}],"wp:term":[{"taxonomy":"product_brand","embeddable":true,"href":"https:\/\/stoic-curie.212-227-153-4.plesk.page\/hr\/wp-json\/wp\/v2\/product_brand?post=5887829"},{"taxonomy":"product_cat","embeddable":true,"href":"https:\/\/stoic-curie.212-227-153-4.plesk.page\/hr\/wp-json\/wp\/v2\/product_cat?post=5887829"},{"taxonomy":"product_tag","embeddable":true,"href":"https:\/\/stoic-curie.212-227-153-4.plesk.page\/hr\/wp-json\/wp\/v2\/product_tag?post=5887829"}],"curies":[{"name":"wp","href":"https:\/\/api.w.org\/{rel}","templated":true}]}}