{"id":5887850,"date":"2026-02-20T19:09:01","date_gmt":"2026-02-20T18:09:01","guid":{"rendered":"https:\/\/stoic-curie.212-227-153-4.plesk.page\/product\/ravna-tanjur-promjer-26-cm-pakiranje-od-6\/"},"modified":"2026-02-25T00:02:19","modified_gmt":"2026-02-25T00:02:19","slug":"ravna-tanjur-promjer-26-cm-pakiranje-od-6","status":"publish","type":"product","link":"https:\/\/stoic-curie.212-227-153-4.plesk.page\/hr\/product\/ravna-tanjur-promjer-26-cm-pakiranje-od-6\/","title":{"rendered":"Ravna Tanjur Promjer 26 cm, Pakiranje od 6"},"content":{"rendered":"<p>Ravna Tanjur Promjer 26 cm, Pakiranje od 6 &#8211; <\/p>\n<p>Ravni tanjur ukra\u0161en Maldivama s protukliznom podlogom. Izra\u0111en od 100% certificiranog melamina koji je siguran za hranu. Prikladan za perilicu posu\u0111a, nenlomljiv i otporan na mrlje. Dolazi u pakiranjima od 6 komada.<\/p>\n","protected":false},"excerpt":{"rendered":"<p>Ravna Tanjur Promjer 26 cm, Pakiranje od 6 &#8211; Ravni tanjur ukra\u0161en Maldivama s protukliznom podlogom. Izra\u0111en od 100% certificiranog<\/p>\n","protected":false},"featured_media":5886708,"comment_status":"open","ping_status":"closed","template":"","meta":[],"product_brand":[3111],"product_cat":[1645],"product_tag":[],"class_list":{"0":"post-5887850","1":"product","2":"type-product","3":"status-publish","4":"has-post-thumbnail","6":"product_brand-marine-business-mb-hr","7":"product_cat-brodsko-posude","9":"first","10":"instock","11":"shipping-taxable","12":"purchasable","13":"product-type-simple"},"_links":{"self":[{"href":"https:\/\/stoic-curie.212-227-153-4.plesk.page\/hr\/wp-json\/wp\/v2\/product\/5887850","targetHints":{"allow":["GET"]}}],"collection":[{"href":"https:\/\/stoic-curie.212-227-153-4.plesk.page\/hr\/wp-json\/wp\/v2\/product"}],"about":[{"href":"https:\/\/stoic-curie.212-227-153-4.plesk.page\/hr\/wp-json\/wp\/v2\/types\/product"}],"replies":[{"embeddable":true,"href":"https:\/\/stoic-curie.212-227-153-4.plesk.page\/hr\/wp-json\/wp\/v2\/comments?post=5887850"}],"version-history":[{"count":0,"href":"https:\/\/stoic-curie.212-227-153-4.plesk.page\/hr\/wp-json\/wp\/v2\/product\/5887850\/revisions"}],"wp:featuredmedia":[{"embeddable":true,"href":"https:\/\/stoic-curie.212-227-153-4.plesk.page\/hr\/wp-json\/wp\/v2\/media\/5886708"}],"wp:attachment":[{"href":"https:\/\/stoic-curie.212-227-153-4.plesk.page\/hr\/wp-json\/wp\/v2\/media?parent=5887850"}],"wp:term":[{"taxonomy":"product_brand","embeddable":true,"href":"https:\/\/stoic-curie.212-227-153-4.plesk.page\/hr\/wp-json\/wp\/v2\/product_brand?post=5887850"},{"taxonomy":"product_cat","embeddable":true,"href":"https:\/\/stoic-curie.212-227-153-4.plesk.page\/hr\/wp-json\/wp\/v2\/product_cat?post=5887850"},{"taxonomy":"product_tag","embeddable":true,"href":"https:\/\/stoic-curie.212-227-153-4.plesk.page\/hr\/wp-json\/wp\/v2\/product_tag?post=5887850"}],"curies":[{"name":"wp","href":"https:\/\/api.w.org\/{rel}","templated":true}]}}