{"id":5887854,"date":"2026-02-20T19:09:03","date_gmt":"2026-02-20T18:09:03","guid":{"rendered":"https:\/\/stoic-curie.212-227-153-4.plesk.page\/product\/posluzavni-tanjuri-o-26-o-18-cm\/"},"modified":"2026-02-25T00:02:19","modified_gmt":"2026-02-25T00:02:19","slug":"posluzavni-tanjuri-o-26-o-18-cm","status":"publish","type":"product","link":"https:\/\/stoic-curie.212-227-153-4.plesk.page\/hr\/product\/posluzavni-tanjuri-o-26-o-18-cm\/","title":{"rendered":"Poslu\u017eavni Tanjuri \u00d8 26 \/ \u00d8 18 cm"},"content":{"rendered":"<p>Poslu\u017eavni Tanjuri \u00d8 26 \/ \u00d8 18 cm &#8211; <\/p>\n<p>Poslu\u017eavni tanjuri ukra\u0161eni Maldivama. Napravljeni od 100% certificirane melamine sigurne za hranu. Mo\u017ee se prati u perilici posu\u0111a, neuni\u0161tivi i otporni na mrlje. 2 kom\/pakiranje.<\/p>\n","protected":false},"excerpt":{"rendered":"<p>Poslu\u017eavni Tanjuri \u00d8 26 \/ \u00d8 18 cm &#8211; Poslu\u017eavni tanjuri ukra\u0161eni Maldivama. Napravljeni od 100% certificirane melamine sigurne za<\/p>\n","protected":false},"featured_media":5886720,"comment_status":"open","ping_status":"closed","template":"","meta":[],"product_brand":[3111],"product_cat":[1645],"product_tag":[],"class_list":{"0":"post-5887854","1":"product","2":"type-product","3":"status-publish","4":"has-post-thumbnail","6":"product_brand-marine-business-mb-hr","7":"product_cat-brodsko-posude","9":"first","10":"instock","11":"shipping-taxable","12":"purchasable","13":"product-type-simple"},"_links":{"self":[{"href":"https:\/\/stoic-curie.212-227-153-4.plesk.page\/hr\/wp-json\/wp\/v2\/product\/5887854","targetHints":{"allow":["GET"]}}],"collection":[{"href":"https:\/\/stoic-curie.212-227-153-4.plesk.page\/hr\/wp-json\/wp\/v2\/product"}],"about":[{"href":"https:\/\/stoic-curie.212-227-153-4.plesk.page\/hr\/wp-json\/wp\/v2\/types\/product"}],"replies":[{"embeddable":true,"href":"https:\/\/stoic-curie.212-227-153-4.plesk.page\/hr\/wp-json\/wp\/v2\/comments?post=5887854"}],"version-history":[{"count":0,"href":"https:\/\/stoic-curie.212-227-153-4.plesk.page\/hr\/wp-json\/wp\/v2\/product\/5887854\/revisions"}],"wp:featuredmedia":[{"embeddable":true,"href":"https:\/\/stoic-curie.212-227-153-4.plesk.page\/hr\/wp-json\/wp\/v2\/media\/5886720"}],"wp:attachment":[{"href":"https:\/\/stoic-curie.212-227-153-4.plesk.page\/hr\/wp-json\/wp\/v2\/media?parent=5887854"}],"wp:term":[{"taxonomy":"product_brand","embeddable":true,"href":"https:\/\/stoic-curie.212-227-153-4.plesk.page\/hr\/wp-json\/wp\/v2\/product_brand?post=5887854"},{"taxonomy":"product_cat","embeddable":true,"href":"https:\/\/stoic-curie.212-227-153-4.plesk.page\/hr\/wp-json\/wp\/v2\/product_cat?post=5887854"},{"taxonomy":"product_tag","embeddable":true,"href":"https:\/\/stoic-curie.212-227-153-4.plesk.page\/hr\/wp-json\/wp\/v2\/product_tag?post=5887854"}],"curies":[{"name":"wp","href":"https:\/\/api.w.org\/{rel}","templated":true}]}}