{"id":5887865,"date":"2026-02-20T19:09:10","date_gmt":"2026-02-20T18:09:10","guid":{"rendered":"https:\/\/stoic-curie.212-227-153-4.plesk.page\/product\/johnson-pump-f7b-3000-10-24209-1\/"},"modified":"2026-02-25T00:02:19","modified_gmt":"2026-02-25T00:02:19","slug":"johnson-pump-f7b-3000-10-24209-1","status":"publish","type":"product","link":"https:\/\/stoic-curie.212-227-153-4.plesk.page\/hr\/product\/johnson-pump-f7b-3000-10-24209-1\/","title":{"rendered":"Johnson Pump F7B-3000 10-24209-1"},"content":{"rendered":"<p>Johnson Pump F7B-3000 10-24209-1 &#8211; <\/p>\n<p>Kad god vam je potrebna ve\u0107a snaga ili usluga od pumpe, upotrijebite ekstra te\u0161ku fleksibilnu impeler pumpu sa odvojenim ku\u0107i\u0161tem le\u017eaja i mehani\u010dkim pe\u010datom za manju abraziju i du\u017ei vijek trajanja. Ove pumpe pokrivaju cijeli raspon morskih aplikacija i mogu se koristiti kao pumpe za rashladnu vodu, pumpe za odvodnju, pumpe za pranje palube, hitne pumpe i pumpe za ga\u0161enje po\u017eara, itd. Dostupne u veli\u010dinama od \u00be&#8221; do 2 \u00bd&#8221; (13 l\/min do 625 l\/min). Dijelovi za tro\u0161enje su lako zamjenjivi, a kompletni za servis su dostupni za sve standardne modele. Ure\u0111aj za vakuum je tako\u0111er dostupna kao dodatna oprema, vidi dolje.<\/p>\n","protected":false},"excerpt":{"rendered":"<p>Johnson Pump F7B-3000 10-24209-1 &#8211; Kad god vam je potrebna ve\u0107a snaga ili usluga od pumpe, upotrijebite ekstra te\u0161ku fleksibilnu<\/p>\n","protected":false},"featured_media":5949737,"comment_status":"open","ping_status":"closed","template":"","meta":[],"product_brand":[3046],"product_cat":[1809],"product_tag":[],"class_list":{"0":"post-5887865","1":"product","2":"type-product","3":"status-publish","4":"has-post-thumbnail","6":"product_brand-johnson-marine-hr","7":"product_cat-pumpe-za-hladenje-motora","9":"first","10":"instock","11":"shipping-taxable","12":"purchasable","13":"product-type-simple"},"_links":{"self":[{"href":"https:\/\/stoic-curie.212-227-153-4.plesk.page\/hr\/wp-json\/wp\/v2\/product\/5887865","targetHints":{"allow":["GET"]}}],"collection":[{"href":"https:\/\/stoic-curie.212-227-153-4.plesk.page\/hr\/wp-json\/wp\/v2\/product"}],"about":[{"href":"https:\/\/stoic-curie.212-227-153-4.plesk.page\/hr\/wp-json\/wp\/v2\/types\/product"}],"replies":[{"embeddable":true,"href":"https:\/\/stoic-curie.212-227-153-4.plesk.page\/hr\/wp-json\/wp\/v2\/comments?post=5887865"}],"version-history":[{"count":0,"href":"https:\/\/stoic-curie.212-227-153-4.plesk.page\/hr\/wp-json\/wp\/v2\/product\/5887865\/revisions"}],"wp:featuredmedia":[{"embeddable":true,"href":"https:\/\/stoic-curie.212-227-153-4.plesk.page\/hr\/wp-json\/wp\/v2\/media\/5949737"}],"wp:attachment":[{"href":"https:\/\/stoic-curie.212-227-153-4.plesk.page\/hr\/wp-json\/wp\/v2\/media?parent=5887865"}],"wp:term":[{"taxonomy":"product_brand","embeddable":true,"href":"https:\/\/stoic-curie.212-227-153-4.plesk.page\/hr\/wp-json\/wp\/v2\/product_brand?post=5887865"},{"taxonomy":"product_cat","embeddable":true,"href":"https:\/\/stoic-curie.212-227-153-4.plesk.page\/hr\/wp-json\/wp\/v2\/product_cat?post=5887865"},{"taxonomy":"product_tag","embeddable":true,"href":"https:\/\/stoic-curie.212-227-153-4.plesk.page\/hr\/wp-json\/wp\/v2\/product_tag?post=5887865"}],"curies":[{"name":"wp","href":"https:\/\/api.w.org\/{rel}","templated":true}]}}