{"id":5950803,"date":"2026-02-25T00:00:29","date_gmt":"2026-02-24T23:00:29","guid":{"rendered":"https:\/\/stoic-curie.212-227-153-4.plesk.page\/product\/brodski-wc-johnson-aquat-standardni-elektricni-kompaktni-12v\/"},"modified":"2026-02-25T00:00:29","modified_gmt":"2026-02-24T23:00:29","slug":"brodski-wc-johnson-aquat-standardni-elektricni-kompaktni-12v","status":"publish","type":"product","link":"https:\/\/stoic-curie.212-227-153-4.plesk.page\/hr\/product\/brodski-wc-johnson-aquat-standardni-elektricni-kompaktni-12v\/","title":{"rendered":"Brodski WC Johnson AquaT standardni elektricni kompaktni 12V"},"content":{"rendered":"<p>Brodski WC Johnson AquaT standardni elektricni kompaktni 12V &#8211; <\/p>\n<p>Toalet Johnson AquaT Standard opremljen je kombiniranom 12V ili 24V pumpom za odvod i ispiranje: centrifugalnom pumpom sa funkcijom usitnjavanja za odvodnju i tihom impeler pumpom za punjenje vode. Radi s slatkom i slanom vodom, a mo\u017ee se montirati iznad ili ispod razine vode. Dostupan u tri modela: \u00e2\u0080\u00a2 Kompaktno \u00e2\u0080\u0093 manji za ograni\u010dene prostore s okruglim sjedi\u0161tem \u00e2\u0080\u00a2 Komfort \u00e2\u0080\u0093 ve\u0107i i udobniji s ovalnim sjedi\u0161tem \u00e2\u0080\u00a2 Super Kompakt &#8211; manji i lak\u0161i s okruglim sjedi\u0161tem. Izra\u0111en od iznimno kvalitetne bijele staklenkaste porculane za savr\u0161enu higijenu. Ugra\u0111ena pumpa za ispiranje sa sna\u017enim vrtlo\u017enim djelovanjem za u\u010dinkovito ispiranje. Uklju\u010dena kontrolna plo\u010da, dugme za vi\u0161efunkcijsko pra\u017enjenje i ispiranje. Pristupa\u010dne monta\u017ene to\u010dke za br\u017eu instalaciju bez posebnog alata. Fleksibilan uzorak rupa na bazi za jednostavnu zamjenu s naj\u010de\u0161\u0107im WC-ima na tr\u017ei\u0161tu. Ulaz \u00c3\u00b8 20 mm \/ izlaz \u00c3\u00b8 25 mm. Trogodi\u0161nje jamstvo.<\/p>\n","protected":false},"excerpt":{"rendered":"<p>Brodski WC Johnson AquaT standardni elektricni kompaktni 12V &#8211; Toalet Johnson AquaT Standard opremljen je kombiniranom 12V ili 24V pumpom<\/p>\n","protected":false},"featured_media":5935982,"comment_status":"open","ping_status":"closed","template":"","meta":[],"product_brand":[3046],"product_cat":[1675],"product_tag":[],"class_list":{"0":"post-5950803","1":"product","2":"type-product","3":"status-publish","4":"has-post-thumbnail","6":"product_brand-johnson-marine-hr","7":"product_cat-brodski-wc","9":"first","10":"instock","11":"shipping-taxable","12":"purchasable","13":"product-type-simple"},"_links":{"self":[{"href":"https:\/\/stoic-curie.212-227-153-4.plesk.page\/hr\/wp-json\/wp\/v2\/product\/5950803","targetHints":{"allow":["GET"]}}],"collection":[{"href":"https:\/\/stoic-curie.212-227-153-4.plesk.page\/hr\/wp-json\/wp\/v2\/product"}],"about":[{"href":"https:\/\/stoic-curie.212-227-153-4.plesk.page\/hr\/wp-json\/wp\/v2\/types\/product"}],"replies":[{"embeddable":true,"href":"https:\/\/stoic-curie.212-227-153-4.plesk.page\/hr\/wp-json\/wp\/v2\/comments?post=5950803"}],"version-history":[{"count":0,"href":"https:\/\/stoic-curie.212-227-153-4.plesk.page\/hr\/wp-json\/wp\/v2\/product\/5950803\/revisions"}],"wp:featuredmedia":[{"embeddable":true,"href":"https:\/\/stoic-curie.212-227-153-4.plesk.page\/hr\/wp-json\/wp\/v2\/media\/5935982"}],"wp:attachment":[{"href":"https:\/\/stoic-curie.212-227-153-4.plesk.page\/hr\/wp-json\/wp\/v2\/media?parent=5950803"}],"wp:term":[{"taxonomy":"product_brand","embeddable":true,"href":"https:\/\/stoic-curie.212-227-153-4.plesk.page\/hr\/wp-json\/wp\/v2\/product_brand?post=5950803"},{"taxonomy":"product_cat","embeddable":true,"href":"https:\/\/stoic-curie.212-227-153-4.plesk.page\/hr\/wp-json\/wp\/v2\/product_cat?post=5950803"},{"taxonomy":"product_tag","embeddable":true,"href":"https:\/\/stoic-curie.212-227-153-4.plesk.page\/hr\/wp-json\/wp\/v2\/product_tag?post=5950803"}],"curies":[{"name":"wp","href":"https:\/\/api.w.org\/{rel}","templated":true}]}}