{"id":5950804,"date":"2026-02-25T00:00:29","date_gmt":"2026-02-24T23:00:29","guid":{"rendered":"https:\/\/stoic-curie.212-227-153-4.plesk.page\/product\/brodskii-wc-johnson-aquat-standardni-elektricni-kompaktni-24v\/"},"modified":"2026-02-25T00:00:29","modified_gmt":"2026-02-24T23:00:29","slug":"brodskii-wc-johnson-aquat-standardni-elektricni-kompaktni-24v","status":"publish","type":"product","link":"https:\/\/stoic-curie.212-227-153-4.plesk.page\/hr\/product\/brodskii-wc-johnson-aquat-standardni-elektricni-kompaktni-24v\/","title":{"rendered":"Brodskii WC Johnson AquaT standardni elektricni kompaktni 24V"},"content":{"rendered":"<p>Brodskii WC Johnson AquaT standardni elektricni kompaktni 24V &#8211; <\/p>\n<p>Johnson AquaT standardna WC \u0161koljka opremljena je kombiniranom 12V ili 24V pumpom za odlaganje i ispiranje: centrifugalnom pumpom s funkcijom usitnjavanja za odlaganje i tihom pumpom s impelerom za punjenje vodom. Funkcionira s slatkom i slanom vodom te se mo\u017ee montirati iznad ili ispod razine vode. Dostupna u tri modela: <\/p>\n<ul>\n<li>Kompaktno \u2013 manja za ograni\u010dene prostore s okruglim sjedalom<\/li>\n<li>Udobnost \u2013 ve\u0107a i udobnija s ovalnim sjedalom<\/li>\n<li>Super kompaktno \u2013 manja i lak\u0161a s okruglim sjedalom<\/li>\n<\/ul>\n<p>Izra\u0111ena od iznimno kvalitetne bijele staklokeramike za savr\u0161enu higijenu. Ugra\u0111ena pumpa za ispiranje s jakim vrtlo\u017enim djelovanjem za u\u010dinkovito ispiranje. Uklju\u010dena kontrolna plo\u010da, jedno dugme za vi\u0161efunkcionalno ispu\u0161tanje i ispiranje. Pristupa\u010dne monta\u017ene to\u010dke za br\u017eu instalaciju bez posebnih alata. Fleksibilan uzorak rupa na bazi za jednostavnu zamjenu s naj\u010de\u0161\u0107im WC \u0161koljkama na tr\u017ei\u0161tu. Ulaz \u00d8 20 mm \/ izlaz \u00d8 25 mm. Jamstvo 3 godine.<\/p>\n","protected":false},"excerpt":{"rendered":"<p>Brodskii WC Johnson AquaT standardni elektricni kompaktni 24V &#8211; Johnson AquaT standardna WC \u0161koljka opremljena je kombiniranom 12V ili 24V<\/p>\n","protected":false},"featured_media":5935982,"comment_status":"open","ping_status":"closed","template":"","meta":[],"product_brand":[3046],"product_cat":[1675],"product_tag":[],"class_list":{"0":"post-5950804","1":"product","2":"type-product","3":"status-publish","4":"has-post-thumbnail","6":"product_brand-johnson-marine-hr","7":"product_cat-brodski-wc","9":"first","10":"instock","11":"shipping-taxable","12":"purchasable","13":"product-type-simple"},"_links":{"self":[{"href":"https:\/\/stoic-curie.212-227-153-4.plesk.page\/hr\/wp-json\/wp\/v2\/product\/5950804","targetHints":{"allow":["GET"]}}],"collection":[{"href":"https:\/\/stoic-curie.212-227-153-4.plesk.page\/hr\/wp-json\/wp\/v2\/product"}],"about":[{"href":"https:\/\/stoic-curie.212-227-153-4.plesk.page\/hr\/wp-json\/wp\/v2\/types\/product"}],"replies":[{"embeddable":true,"href":"https:\/\/stoic-curie.212-227-153-4.plesk.page\/hr\/wp-json\/wp\/v2\/comments?post=5950804"}],"version-history":[{"count":0,"href":"https:\/\/stoic-curie.212-227-153-4.plesk.page\/hr\/wp-json\/wp\/v2\/product\/5950804\/revisions"}],"wp:featuredmedia":[{"embeddable":true,"href":"https:\/\/stoic-curie.212-227-153-4.plesk.page\/hr\/wp-json\/wp\/v2\/media\/5935982"}],"wp:attachment":[{"href":"https:\/\/stoic-curie.212-227-153-4.plesk.page\/hr\/wp-json\/wp\/v2\/media?parent=5950804"}],"wp:term":[{"taxonomy":"product_brand","embeddable":true,"href":"https:\/\/stoic-curie.212-227-153-4.plesk.page\/hr\/wp-json\/wp\/v2\/product_brand?post=5950804"},{"taxonomy":"product_cat","embeddable":true,"href":"https:\/\/stoic-curie.212-227-153-4.plesk.page\/hr\/wp-json\/wp\/v2\/product_cat?post=5950804"},{"taxonomy":"product_tag","embeddable":true,"href":"https:\/\/stoic-curie.212-227-153-4.plesk.page\/hr\/wp-json\/wp\/v2\/product_tag?post=5950804"}],"curies":[{"name":"wp","href":"https:\/\/api.w.org\/{rel}","templated":true}]}}