{"id":5950805,"date":"2026-02-25T00:00:30","date_gmt":"2026-02-24T23:00:30","guid":{"rendered":"https:\/\/stoic-curie.212-227-153-4.plesk.page\/product\/wc-johnson-aquat-standard-elektricni-comfort-12v\/"},"modified":"2026-02-25T00:00:30","modified_gmt":"2026-02-24T23:00:30","slug":"wc-johnson-aquat-standard-elektricni-comfort-12v","status":"publish","type":"product","link":"https:\/\/stoic-curie.212-227-153-4.plesk.page\/hr\/product\/wc-johnson-aquat-standard-elektricni-comfort-12v\/","title":{"rendered":"WC Johnson AquaT Standard elektri\u010dni Comfort 12V"},"content":{"rendered":"<p>WC Johnson AquaT Standard elektri\u010dni Comfort 12V &#8211; <\/p>\n<p>WC \u0161koljka Johnson AquaT Standard opremljena je kombiniranom 12V ili 24V pumpom za ispu\u0161tanje i ispiranje: centrifugalna pumpa s funkcijom drobljenja za ispu\u0161tanje i tihi impeler s pumpom za punjenje vodom. Radi s slatkom i morskom vodom i mo\u017ee se montirati iznad ili ispod razine vode. Dostupna je u tri modela: <br \/>\u2022 Kompakt \u2013 kompaktniji za ograni\u010dene prostore s okruglim sjedi\u0161tem <br \/>\u2022 Udobnost \u2013 ve\u0107i i udobniji s ovalnim sjedi\u0161tem <br \/>\u2022 Super kompakt \u2013 manji i lak\u0161i s okruglim sjedi\u0161tem <br \/>Izra\u0111ena od izvanredne kvalitete bijele visokokvalitetne porculanske keramike za savr\u0161enu higijenu. Ugra\u0111ena pumpa za ispiranje s sna\u017enom vrtlo\u017enom akcijom za u\u010dinkovito ispiranje. Uklju\u010dena kontrolna plo\u010da, vi\u0161efunkcijska odvodnja i ispiranje jednim gumbom. Pristupne to\u010dke za monta\u017eu za br\u017eu instalaciju bez posebnih alata. Fleksibilan uzorak rupa na bazi za jednostavnu zamjenu s naj\u010de\u0161\u0107im WC-ima na tr\u017ei\u0161tu. Ulaz \u00d8 20 mm \/ izlaz \u00d8 25 mm. 3 godine jamstva.<\/p>\n","protected":false},"excerpt":{"rendered":"<p>WC Johnson AquaT Standard elektri\u010dni Comfort 12V &#8211; WC \u0161koljka Johnson AquaT Standard opremljena je kombiniranom 12V ili 24V pumpom<\/p>\n","protected":false},"featured_media":5935987,"comment_status":"open","ping_status":"closed","template":"","meta":[],"product_brand":[3046],"product_cat":[1675],"product_tag":[],"class_list":{"0":"post-5950805","1":"product","2":"type-product","3":"status-publish","4":"has-post-thumbnail","6":"product_brand-johnson-marine-hr","7":"product_cat-brodski-wc","9":"first","10":"instock","11":"shipping-taxable","12":"purchasable","13":"product-type-simple"},"_links":{"self":[{"href":"https:\/\/stoic-curie.212-227-153-4.plesk.page\/hr\/wp-json\/wp\/v2\/product\/5950805","targetHints":{"allow":["GET"]}}],"collection":[{"href":"https:\/\/stoic-curie.212-227-153-4.plesk.page\/hr\/wp-json\/wp\/v2\/product"}],"about":[{"href":"https:\/\/stoic-curie.212-227-153-4.plesk.page\/hr\/wp-json\/wp\/v2\/types\/product"}],"replies":[{"embeddable":true,"href":"https:\/\/stoic-curie.212-227-153-4.plesk.page\/hr\/wp-json\/wp\/v2\/comments?post=5950805"}],"version-history":[{"count":0,"href":"https:\/\/stoic-curie.212-227-153-4.plesk.page\/hr\/wp-json\/wp\/v2\/product\/5950805\/revisions"}],"wp:featuredmedia":[{"embeddable":true,"href":"https:\/\/stoic-curie.212-227-153-4.plesk.page\/hr\/wp-json\/wp\/v2\/media\/5935987"}],"wp:attachment":[{"href":"https:\/\/stoic-curie.212-227-153-4.plesk.page\/hr\/wp-json\/wp\/v2\/media?parent=5950805"}],"wp:term":[{"taxonomy":"product_brand","embeddable":true,"href":"https:\/\/stoic-curie.212-227-153-4.plesk.page\/hr\/wp-json\/wp\/v2\/product_brand?post=5950805"},{"taxonomy":"product_cat","embeddable":true,"href":"https:\/\/stoic-curie.212-227-153-4.plesk.page\/hr\/wp-json\/wp\/v2\/product_cat?post=5950805"},{"taxonomy":"product_tag","embeddable":true,"href":"https:\/\/stoic-curie.212-227-153-4.plesk.page\/hr\/wp-json\/wp\/v2\/product_tag?post=5950805"}],"curies":[{"name":"wp","href":"https:\/\/api.w.org\/{rel}","templated":true}]}}