{"id":5950806,"date":"2026-02-25T00:00:31","date_gmt":"2026-02-24T23:00:31","guid":{"rendered":"https:\/\/stoic-curie.212-227-153-4.plesk.page\/product\/wc-johnson-aquat-standard-elektricni-comfort-24v\/"},"modified":"2026-02-25T00:00:31","modified_gmt":"2026-02-24T23:00:31","slug":"wc-johnson-aquat-standard-elektricni-comfort-24v","status":"publish","type":"product","link":"https:\/\/stoic-curie.212-227-153-4.plesk.page\/hr\/product\/wc-johnson-aquat-standard-elektricni-comfort-24v\/","title":{"rendered":"WC Johnson AquaT Standard elektri\u010dni Comfort 24V"},"content":{"rendered":"<p>WC Johnson AquaT Standard elektri\u010dni Comfort 24V &#8211; <\/p>\n<p>Johnson AquaT Standard WC opremljen je kombiniranom 12V ili 24V pumpom za odvodnju i ispiranje: centrifugalnom pumpom s funkcijom sjeckanja za odvodnju i tihom propeler pumpom za punjenje vodom. Radi s slatkom i slanom vodom i mo\u017ee se montirati iznad ili ispod razine vode.<br \/>Dostupno u tri modela:<br \/>\u2022 Kompaktno \u2013 kompaktnije za ograni\u010den prostor s okruglim sjedalom<br \/>\u2022 Udobnost \u2013 ve\u0107e i udobnije s ovalnim sjedalom<br \/>\u2022 Super kompakt &#8211; manji i lak\u0161i s okruglim sjedalom<br \/>Izra\u0111eno od iznimno kvalitetne bijele staklokeramike za savr\u0161enu higijenu.<br \/>Integrirana pumpa za ispiranje s jakom vrtlo\u017enom akcijom za u\u010dinkovito ispiranje.<br \/>Uklju\u010dena upravlja\u010dka plo\u010da, jedan gumb za vi\u0161efunkcionalno pra\u017enjenje i ispiranje.<br \/>Pristupa\u010dne monta\u017ene to\u010dke za br\u017eu instalaciju bez posebnih alata.<br \/>Fleksibilan uzorak rupa na podno\u017eju, za jednostavnu zamjenu s naj\u010de\u0161\u0107im WC-ima na tr\u017ei\u0161tu. Ulaz \u00c3\u00b8 20 mm \/ izlaz \u00c3\u00b8 25 mm. 3 godine jamstva.<\/p>\n","protected":false},"excerpt":{"rendered":"<p>WC Johnson AquaT Standard elektri\u010dni Comfort 24V &#8211; Johnson AquaT Standard WC opremljen je kombiniranom 12V ili 24V pumpom za<\/p>\n","protected":false},"featured_media":5935990,"comment_status":"open","ping_status":"closed","template":"","meta":[],"product_brand":[3046],"product_cat":[1675],"product_tag":[],"class_list":{"0":"post-5950806","1":"product","2":"type-product","3":"status-publish","4":"has-post-thumbnail","6":"product_brand-johnson-marine-hr","7":"product_cat-brodski-wc","9":"first","10":"instock","11":"shipping-taxable","12":"purchasable","13":"product-type-simple"},"_links":{"self":[{"href":"https:\/\/stoic-curie.212-227-153-4.plesk.page\/hr\/wp-json\/wp\/v2\/product\/5950806","targetHints":{"allow":["GET"]}}],"collection":[{"href":"https:\/\/stoic-curie.212-227-153-4.plesk.page\/hr\/wp-json\/wp\/v2\/product"}],"about":[{"href":"https:\/\/stoic-curie.212-227-153-4.plesk.page\/hr\/wp-json\/wp\/v2\/types\/product"}],"replies":[{"embeddable":true,"href":"https:\/\/stoic-curie.212-227-153-4.plesk.page\/hr\/wp-json\/wp\/v2\/comments?post=5950806"}],"version-history":[{"count":0,"href":"https:\/\/stoic-curie.212-227-153-4.plesk.page\/hr\/wp-json\/wp\/v2\/product\/5950806\/revisions"}],"wp:featuredmedia":[{"embeddable":true,"href":"https:\/\/stoic-curie.212-227-153-4.plesk.page\/hr\/wp-json\/wp\/v2\/media\/5935990"}],"wp:attachment":[{"href":"https:\/\/stoic-curie.212-227-153-4.plesk.page\/hr\/wp-json\/wp\/v2\/media?parent=5950806"}],"wp:term":[{"taxonomy":"product_brand","embeddable":true,"href":"https:\/\/stoic-curie.212-227-153-4.plesk.page\/hr\/wp-json\/wp\/v2\/product_brand?post=5950806"},{"taxonomy":"product_cat","embeddable":true,"href":"https:\/\/stoic-curie.212-227-153-4.plesk.page\/hr\/wp-json\/wp\/v2\/product_cat?post=5950806"},{"taxonomy":"product_tag","embeddable":true,"href":"https:\/\/stoic-curie.212-227-153-4.plesk.page\/hr\/wp-json\/wp\/v2\/product_tag?post=5950806"}],"curies":[{"name":"wp","href":"https:\/\/api.w.org\/{rel}","templated":true}]}}