{"id":5950807,"date":"2026-02-25T00:00:36","date_gmt":"2026-02-24T23:00:36","guid":{"rendered":"https:\/\/stoic-curie.212-227-153-4.plesk.page\/product\/brodski-wc-johnson-aquat-silent-electric-comfort-12-u\/"},"modified":"2026-02-25T00:00:36","modified_gmt":"2026-02-24T23:00:36","slug":"brodski-wc-johnson-aquat-silent-electric-comfort-12-u","status":"publish","type":"product","link":"https:\/\/stoic-curie.212-227-153-4.plesk.page\/hr\/product\/brodski-wc-johnson-aquat-silent-electric-comfort-12-u\/","title":{"rendered":"Brodski WC Johnson AquaT Silent Electric Comfort 12 U"},"content":{"rendered":"<p>Brodski WC Johnson AquaT Silent Electric Comfort 12 U &#8211; <\/p>\n<p>Elektroni\u010dka kontrola ulaz\/izlaz vode SPX Johnson AquaT Silent wc. Uklju\u010dena plo\u010da s dva gumba. Zna\u010dajke: minimalna potro\u0161nja vode, velika udobnost i izuzetno tiha. Punjenje se vr\u0161i vanjskom samousisnom pumpom, dok se pra\u017enjenje vr\u0161i ugra\u0111enom razbijaju\u0107om pumpom. Izvrsna kvaliteta bijele glazirane porculanske zdjele za savr\u0161enu higijenu. Radi s slatkom i slanom vodom te se mo\u017ee montirati iznad ili ispod razine vode. WC dolazi s pumpom za punjenje vode Johnson kod 10-13399-05 (12V) ili 10-13399-06 (24V). Ulaz \u00d8 19 mm (3\/4&#8243;), izlaz \u00d8 38 mm (1&#8243;1\/2), prilagodljiv na 25 mm (1&#8243;). 3 godine garancije.<\/p>\n","protected":false},"excerpt":{"rendered":"<p>Brodski WC Johnson AquaT Silent Electric Comfort 12 U &#8211; Elektroni\u010dka kontrola ulaz\/izlaz vode SPX Johnson AquaT Silent wc. Uklju\u010dena<\/p>\n","protected":false},"featured_media":5937296,"comment_status":"open","ping_status":"closed","template":"","meta":[],"product_brand":[3046],"product_cat":[1675],"product_tag":[],"class_list":{"0":"post-5950807","1":"product","2":"type-product","3":"status-publish","4":"has-post-thumbnail","6":"product_brand-johnson-marine-hr","7":"product_cat-brodski-wc","9":"first","10":"instock","11":"shipping-taxable","12":"purchasable","13":"product-type-simple"},"_links":{"self":[{"href":"https:\/\/stoic-curie.212-227-153-4.plesk.page\/hr\/wp-json\/wp\/v2\/product\/5950807","targetHints":{"allow":["GET"]}}],"collection":[{"href":"https:\/\/stoic-curie.212-227-153-4.plesk.page\/hr\/wp-json\/wp\/v2\/product"}],"about":[{"href":"https:\/\/stoic-curie.212-227-153-4.plesk.page\/hr\/wp-json\/wp\/v2\/types\/product"}],"replies":[{"embeddable":true,"href":"https:\/\/stoic-curie.212-227-153-4.plesk.page\/hr\/wp-json\/wp\/v2\/comments?post=5950807"}],"version-history":[{"count":0,"href":"https:\/\/stoic-curie.212-227-153-4.plesk.page\/hr\/wp-json\/wp\/v2\/product\/5950807\/revisions"}],"wp:featuredmedia":[{"embeddable":true,"href":"https:\/\/stoic-curie.212-227-153-4.plesk.page\/hr\/wp-json\/wp\/v2\/media\/5937296"}],"wp:attachment":[{"href":"https:\/\/stoic-curie.212-227-153-4.plesk.page\/hr\/wp-json\/wp\/v2\/media?parent=5950807"}],"wp:term":[{"taxonomy":"product_brand","embeddable":true,"href":"https:\/\/stoic-curie.212-227-153-4.plesk.page\/hr\/wp-json\/wp\/v2\/product_brand?post=5950807"},{"taxonomy":"product_cat","embeddable":true,"href":"https:\/\/stoic-curie.212-227-153-4.plesk.page\/hr\/wp-json\/wp\/v2\/product_cat?post=5950807"},{"taxonomy":"product_tag","embeddable":true,"href":"https:\/\/stoic-curie.212-227-153-4.plesk.page\/hr\/wp-json\/wp\/v2\/product_tag?post=5950807"}],"curies":[{"name":"wp","href":"https:\/\/api.w.org\/{rel}","templated":true}]}}