{"id":5950808,"date":"2026-02-25T00:00:37","date_gmt":"2026-02-24T23:00:37","guid":{"rendered":"https:\/\/stoic-curie.212-227-153-4.plesk.page\/product\/wc-aquat-silent-elektricni-comfort-12v\/"},"modified":"2026-02-25T00:00:37","modified_gmt":"2026-02-24T23:00:37","slug":"wc-aquat-silent-elektricni-comfort-12v","status":"publish","type":"product","link":"https:\/\/stoic-curie.212-227-153-4.plesk.page\/hr\/product\/wc-aquat-silent-elektricni-comfort-12v\/","title":{"rendered":"WC AquaT Silent elektri\u010dni Comfort 12V"},"content":{"rendered":"<p>WC AquaT Silent elektri\u010dni Comfort 12V &#8211; <\/p>\n<p>Elektronska kontrola ulaz\/izlaz vode SPX Johnson AquaT Silent WC. Uklju\u010duje dvostruk panel za kontrolu. Zna\u010dajke: minimalna potro\u0161nja vode, velika udobnost i vrlo tiho. Punjenje se vr\u0161i vanjskom samopodiznom pumpom, dok se ispu\u0161tanje obavlja integriranom makerator pumpom. Izvrsna kvaliteta bijele staklene porculanske \u0161koljke za savr\u0161enu higijenu. Rad s slatkom i slanom vodom, mo\u017ee biti postavljen iznad ili ispod razine vode. WC dolazi s pumpom za punjenje vode Johnson kod 10-13399-05 (12V) ili 10-13399-06 (24V). Ulaz \u00d8 19 mm (3\/4&#8221;), izlaz \u00d8 38 mm (1&#8221;1\/2) pode\u0161avanje na 25 mm (1&#8221;). 3 godine garancije.<\/p>\n","protected":false},"excerpt":{"rendered":"<p>WC AquaT Silent elektri\u010dni Comfort 12V &#8211; Elektronska kontrola ulaz\/izlaz vode SPX Johnson AquaT Silent WC. Uklju\u010duje dvostruk panel za<\/p>\n","protected":false},"featured_media":5937300,"comment_status":"open","ping_status":"closed","template":"","meta":[],"product_brand":[3046],"product_cat":[1675],"product_tag":[],"class_list":{"0":"post-5950808","1":"product","2":"type-product","3":"status-publish","4":"has-post-thumbnail","6":"product_brand-johnson-marine-hr","7":"product_cat-brodski-wc","9":"first","10":"instock","11":"shipping-taxable","12":"purchasable","13":"product-type-simple"},"_links":{"self":[{"href":"https:\/\/stoic-curie.212-227-153-4.plesk.page\/hr\/wp-json\/wp\/v2\/product\/5950808","targetHints":{"allow":["GET"]}}],"collection":[{"href":"https:\/\/stoic-curie.212-227-153-4.plesk.page\/hr\/wp-json\/wp\/v2\/product"}],"about":[{"href":"https:\/\/stoic-curie.212-227-153-4.plesk.page\/hr\/wp-json\/wp\/v2\/types\/product"}],"replies":[{"embeddable":true,"href":"https:\/\/stoic-curie.212-227-153-4.plesk.page\/hr\/wp-json\/wp\/v2\/comments?post=5950808"}],"version-history":[{"count":0,"href":"https:\/\/stoic-curie.212-227-153-4.plesk.page\/hr\/wp-json\/wp\/v2\/product\/5950808\/revisions"}],"wp:featuredmedia":[{"embeddable":true,"href":"https:\/\/stoic-curie.212-227-153-4.plesk.page\/hr\/wp-json\/wp\/v2\/media\/5937300"}],"wp:attachment":[{"href":"https:\/\/stoic-curie.212-227-153-4.plesk.page\/hr\/wp-json\/wp\/v2\/media?parent=5950808"}],"wp:term":[{"taxonomy":"product_brand","embeddable":true,"href":"https:\/\/stoic-curie.212-227-153-4.plesk.page\/hr\/wp-json\/wp\/v2\/product_brand?post=5950808"},{"taxonomy":"product_cat","embeddable":true,"href":"https:\/\/stoic-curie.212-227-153-4.plesk.page\/hr\/wp-json\/wp\/v2\/product_cat?post=5950808"},{"taxonomy":"product_tag","embeddable":true,"href":"https:\/\/stoic-curie.212-227-153-4.plesk.page\/hr\/wp-json\/wp\/v2\/product_tag?post=5950808"}],"curies":[{"name":"wp","href":"https:\/\/api.w.org\/{rel}","templated":true}]}}