{"id":5950809,"date":"2026-02-25T00:00:38","date_gmt":"2026-02-24T23:00:38","guid":{"rendered":"https:\/\/stoic-curie.212-227-153-4.plesk.page\/product\/wc-johnson-aquat-silent-elektricni-comfort-24v\/"},"modified":"2026-02-25T00:00:38","modified_gmt":"2026-02-24T23:00:38","slug":"wc-johnson-aquat-silent-elektricni-comfort-24v","status":"publish","type":"product","link":"https:\/\/stoic-curie.212-227-153-4.plesk.page\/hr\/product\/wc-johnson-aquat-silent-elektricni-comfort-24v\/","title":{"rendered":"WC Johnson AquaT Silent elektri\u010dni Comfort 24V"},"content":{"rendered":"<p>WC Johnson AquaT Silent elektri\u010dni Comfort 24V &#8211; <\/p>\n<p>Elektronska kontrola ulaz\/izlaz vode SPX Johnson AquaT Silent WC. Uklju\u010dena plo\u010da s dva gumba. Zna\u010dajke: minimalna potro\u0161nja vode, velika udobnost i vrlo tihi rad. Punjenje se vr\u0161i pomo\u0107u vanjske samousisne pumpe, dok se ispu\u0161tanje odvija s ugra\u0111enom pumpom za zgu\u0161njavanje. Izvrsna kvaliteta bijele staklene porculanske \u0161koljke za savr\u0161enu hygienu. Radi s kako slatkom, tako i slanom vodom i mo\u017ee se montirati iznad ili ispod razine vode. Toalet dolazi s kompletnom pumpom za punjenje vode Johnson kod 10-13399-05 (12V) ili 10-13399-06 (24V). Ulaz \u00d8 19 mm (3\/4&#8243;), izlaz \u00d8 38 mm (1&#8243;1\/2), podesiv na 25 mm (1&#8243;). Jamstvo 3 godine.<\/p>\n","protected":false},"excerpt":{"rendered":"<p>WC Johnson AquaT Silent elektri\u010dni Comfort 24V &#8211; Elektronska kontrola ulaz\/izlaz vode SPX Johnson AquaT Silent WC. Uklju\u010dena plo\u010da s<\/p>\n","protected":false},"featured_media":5937300,"comment_status":"open","ping_status":"closed","template":"","meta":[],"product_brand":[3046],"product_cat":[1675],"product_tag":[],"class_list":{"0":"post-5950809","1":"product","2":"type-product","3":"status-publish","4":"has-post-thumbnail","6":"product_brand-johnson-marine-hr","7":"product_cat-brodski-wc","9":"first","10":"instock","11":"shipping-taxable","12":"purchasable","13":"product-type-simple"},"_links":{"self":[{"href":"https:\/\/stoic-curie.212-227-153-4.plesk.page\/hr\/wp-json\/wp\/v2\/product\/5950809","targetHints":{"allow":["GET"]}}],"collection":[{"href":"https:\/\/stoic-curie.212-227-153-4.plesk.page\/hr\/wp-json\/wp\/v2\/product"}],"about":[{"href":"https:\/\/stoic-curie.212-227-153-4.plesk.page\/hr\/wp-json\/wp\/v2\/types\/product"}],"replies":[{"embeddable":true,"href":"https:\/\/stoic-curie.212-227-153-4.plesk.page\/hr\/wp-json\/wp\/v2\/comments?post=5950809"}],"version-history":[{"count":0,"href":"https:\/\/stoic-curie.212-227-153-4.plesk.page\/hr\/wp-json\/wp\/v2\/product\/5950809\/revisions"}],"wp:featuredmedia":[{"embeddable":true,"href":"https:\/\/stoic-curie.212-227-153-4.plesk.page\/hr\/wp-json\/wp\/v2\/media\/5937300"}],"wp:attachment":[{"href":"https:\/\/stoic-curie.212-227-153-4.plesk.page\/hr\/wp-json\/wp\/v2\/media?parent=5950809"}],"wp:term":[{"taxonomy":"product_brand","embeddable":true,"href":"https:\/\/stoic-curie.212-227-153-4.plesk.page\/hr\/wp-json\/wp\/v2\/product_brand?post=5950809"},{"taxonomy":"product_cat","embeddable":true,"href":"https:\/\/stoic-curie.212-227-153-4.plesk.page\/hr\/wp-json\/wp\/v2\/product_cat?post=5950809"},{"taxonomy":"product_tag","embeddable":true,"href":"https:\/\/stoic-curie.212-227-153-4.plesk.page\/hr\/wp-json\/wp\/v2\/product_tag?post=5950809"}],"curies":[{"name":"wp","href":"https:\/\/api.w.org\/{rel}","templated":true}]}}