{"id":5950810,"date":"2026-02-25T00:00:39","date_gmt":"2026-02-24T23:00:39","guid":{"rendered":"https:\/\/stoic-curie.212-227-153-4.plesk.page\/product\/brodski-wc-johnson-aquat-silent-electric-comfort-24-v\/"},"modified":"2026-02-25T00:00:39","modified_gmt":"2026-02-24T23:00:39","slug":"brodski-wc-johnson-aquat-silent-electric-comfort-24-v","status":"publish","type":"product","link":"https:\/\/stoic-curie.212-227-153-4.plesk.page\/hr\/product\/brodski-wc-johnson-aquat-silent-electric-comfort-24-v\/","title":{"rendered":"Brodski WC Johnson AquaT Silent Electric Comfort 24 V"},"content":{"rendered":"<p>Brodski WC Johnson AquaT Silent Electric Comfort 24 V &#8211; <\/p>\n<p>Elektroni\u010dka kontrola ulaz\/izlaz vode SPX Johnson AquaT Silent WC. Uklju\u010dena su dva gumba na kontrolnoj plo\u010di. Karakteristike: minimalna potro\u0161nja vode, velika udobnost i vrlo tiho. Punjenje se odvija putem vanjske samousisne pumpe, dok se ispu\u0161tanje odvija putem ugra\u0111ene razvalne pumpe. Izvrsna kvaliteta bijele staklene porculanske zdjele za savr\u0161enu higijenu. Radi s slatkom i slanom vodom i mo\u017ee se montirati iznad ili ispod vodene linije. WC dolazi s pumpom za punjenje vode Johnson kod 10-13399-05 (12V) ili 10-13399-06 (24V). Ulaz \u00c3\u00b8 19 mm (3\/4&#8243;), izlaz \u00c3\u00b8 38 mm (1&#8243;1\/2), podesivo na 25 mm (1&#8243;). 3-godi\u0161nje jamstvo.<\/p>\n","protected":false},"excerpt":{"rendered":"<p>Brodski WC Johnson AquaT Silent Electric Comfort 24 V &#8211; Elektroni\u010dka kontrola ulaz\/izlaz vode SPX Johnson AquaT Silent WC. Uklju\u010dena<\/p>\n","protected":false},"featured_media":5937494,"comment_status":"open","ping_status":"closed","template":"","meta":[],"product_brand":[3046],"product_cat":[1675],"product_tag":[],"class_list":{"0":"post-5950810","1":"product","2":"type-product","3":"status-publish","4":"has-post-thumbnail","6":"product_brand-johnson-marine-hr","7":"product_cat-brodski-wc","9":"first","10":"instock","11":"shipping-taxable","12":"purchasable","13":"product-type-simple"},"_links":{"self":[{"href":"https:\/\/stoic-curie.212-227-153-4.plesk.page\/hr\/wp-json\/wp\/v2\/product\/5950810","targetHints":{"allow":["GET"]}}],"collection":[{"href":"https:\/\/stoic-curie.212-227-153-4.plesk.page\/hr\/wp-json\/wp\/v2\/product"}],"about":[{"href":"https:\/\/stoic-curie.212-227-153-4.plesk.page\/hr\/wp-json\/wp\/v2\/types\/product"}],"replies":[{"embeddable":true,"href":"https:\/\/stoic-curie.212-227-153-4.plesk.page\/hr\/wp-json\/wp\/v2\/comments?post=5950810"}],"version-history":[{"count":0,"href":"https:\/\/stoic-curie.212-227-153-4.plesk.page\/hr\/wp-json\/wp\/v2\/product\/5950810\/revisions"}],"wp:featuredmedia":[{"embeddable":true,"href":"https:\/\/stoic-curie.212-227-153-4.plesk.page\/hr\/wp-json\/wp\/v2\/media\/5937494"}],"wp:attachment":[{"href":"https:\/\/stoic-curie.212-227-153-4.plesk.page\/hr\/wp-json\/wp\/v2\/media?parent=5950810"}],"wp:term":[{"taxonomy":"product_brand","embeddable":true,"href":"https:\/\/stoic-curie.212-227-153-4.plesk.page\/hr\/wp-json\/wp\/v2\/product_brand?post=5950810"},{"taxonomy":"product_cat","embeddable":true,"href":"https:\/\/stoic-curie.212-227-153-4.plesk.page\/hr\/wp-json\/wp\/v2\/product_cat?post=5950810"},{"taxonomy":"product_tag","embeddable":true,"href":"https:\/\/stoic-curie.212-227-153-4.plesk.page\/hr\/wp-json\/wp\/v2\/product_tag?post=5950810"}],"curies":[{"name":"wp","href":"https:\/\/api.w.org\/{rel}","templated":true}]}}