{"id":5950811,"date":"2026-02-25T00:01:12","date_gmt":"2026-02-24T23:01:12","guid":{"rendered":"https:\/\/stoic-curie.212-227-153-4.plesk.page\/product\/wc-johnson-aquat-standardni-elektricni-superkompakt-12v\/"},"modified":"2026-02-25T00:01:12","modified_gmt":"2026-02-24T23:01:12","slug":"wc-johnson-aquat-standardni-elektricni-superkompakt-12v","status":"publish","type":"product","link":"https:\/\/stoic-curie.212-227-153-4.plesk.page\/hr\/product\/wc-johnson-aquat-standardni-elektricni-superkompakt-12v\/","title":{"rendered":"WC Johnson Aquat Standardni elektricni superkompakt 12V"},"content":{"rendered":"<p>WC Johnson Aquat Standardni elektricni superkompakt 12V &#8211; <\/p>\n<p>Johnson AquaT Standard WC je opremljen kombiniranom 12V ili 24V pumpom za odvodnju i ispiranje: centrifugalnom pumpom s funkcijom sjeckanja za odvodnju i tihom impeler pumpom za punjenje vodom. Funkcionira s slatkom i slanom vodom i mo\u017ee se montirati iznad ili ispod razine vode. Dostupno u tri modela: \u00e2\u0080\u00a2 Kompaktno \u2013 kompaktno za ograni\u010dene prostore s okruglim sjedi\u0161tem \u00e2\u0080\u00a2 Udobnost \u2013 ve\u0107e i udobnije s ovalnim sjedi\u0161tem \u00e2\u0080\u00a2 Super kompakt &#8211; manji i lak\u0161i s okruglim sjedi\u0161tem. Izra\u0111eno od iznimno kvalitetne bijele vitrificirane porculane za savr\u0161enu higijenu. Ugra\u0111ena pumpa za pranje s jakim vrtlogom za u\u010dinkovito ispiranje. Uklju\u010dena kontrolna plo\u010da, jedan gumb za vi\u0161efunkcionalno pra\u017enjenje i ispiranje. Pristupa\u010dne to\u010dke za monta\u017eu za br\u017eu instalaciju bez posebnog alata. Fleksibilan uzorak rupa na bazi za jednostavnu zamjenu s naj\u010de\u0161\u0107im WC-ima na tr\u017ei\u0161tu. Ulaz \u00c3\u00b8 20 mm \/ izlaz \u00c3\u00b8 25 mm. Garancija od 3 godine.<\/p>\n","protected":false},"excerpt":{"rendered":"<p>WC Johnson Aquat Standardni elektricni superkompakt 12V &#8211; Johnson AquaT Standard WC je opremljen kombiniranom 12V ili 24V pumpom za<\/p>\n","protected":false},"featured_media":5946354,"comment_status":"open","ping_status":"closed","template":"","meta":[],"product_brand":[3046],"product_cat":[1675],"product_tag":[],"class_list":{"0":"post-5950811","1":"product","2":"type-product","3":"status-publish","4":"has-post-thumbnail","6":"product_brand-johnson-marine-hr","7":"product_cat-brodski-wc","9":"first","10":"instock","11":"shipping-taxable","12":"purchasable","13":"product-type-simple"},"_links":{"self":[{"href":"https:\/\/stoic-curie.212-227-153-4.plesk.page\/hr\/wp-json\/wp\/v2\/product\/5950811","targetHints":{"allow":["GET"]}}],"collection":[{"href":"https:\/\/stoic-curie.212-227-153-4.plesk.page\/hr\/wp-json\/wp\/v2\/product"}],"about":[{"href":"https:\/\/stoic-curie.212-227-153-4.plesk.page\/hr\/wp-json\/wp\/v2\/types\/product"}],"replies":[{"embeddable":true,"href":"https:\/\/stoic-curie.212-227-153-4.plesk.page\/hr\/wp-json\/wp\/v2\/comments?post=5950811"}],"version-history":[{"count":0,"href":"https:\/\/stoic-curie.212-227-153-4.plesk.page\/hr\/wp-json\/wp\/v2\/product\/5950811\/revisions"}],"wp:featuredmedia":[{"embeddable":true,"href":"https:\/\/stoic-curie.212-227-153-4.plesk.page\/hr\/wp-json\/wp\/v2\/media\/5946354"}],"wp:attachment":[{"href":"https:\/\/stoic-curie.212-227-153-4.plesk.page\/hr\/wp-json\/wp\/v2\/media?parent=5950811"}],"wp:term":[{"taxonomy":"product_brand","embeddable":true,"href":"https:\/\/stoic-curie.212-227-153-4.plesk.page\/hr\/wp-json\/wp\/v2\/product_brand?post=5950811"},{"taxonomy":"product_cat","embeddable":true,"href":"https:\/\/stoic-curie.212-227-153-4.plesk.page\/hr\/wp-json\/wp\/v2\/product_cat?post=5950811"},{"taxonomy":"product_tag","embeddable":true,"href":"https:\/\/stoic-curie.212-227-153-4.plesk.page\/hr\/wp-json\/wp\/v2\/product_tag?post=5950811"}],"curies":[{"name":"wp","href":"https:\/\/api.w.org\/{rel}","templated":true}]}}