{"id":5950812,"date":"2026-02-25T00:01:24","date_gmt":"2026-02-24T23:01:24","guid":{"rendered":"https:\/\/stoic-curie.212-227-153-4.plesk.page\/product\/elektricni-wc-jabsco-quiet-e2-12v\/"},"modified":"2026-02-25T00:01:24","modified_gmt":"2026-02-24T23:01:24","slug":"elektricni-wc-jabsco-quiet-e2-12v","status":"publish","type":"product","link":"https:\/\/stoic-curie.212-227-153-4.plesk.page\/hr\/product\/elektricni-wc-jabsco-quiet-e2-12v\/","title":{"rendered":"Elektri\u010dni WC Jabsco Quiet E2 12v"},"content":{"rendered":"<p>Elektri\u010dni WC Jabsco Quiet E2 12v &#8211; <\/p>\n<p>Jabsco Quiet E2 37245 serija elektri\u010dni WC je opremljen kerami\u010dkom \u0161koljkom, posebno dizajniran za tihu funkcionalnost i u\u010dinkovito upravljanje otpadom. Ovaj model je opremljen kontrolnom plo\u010dom i samopodiznom pumpom za vodu koja uklju\u010duje filter, \u0161to ga \u010dini pogodnim za kori\u0161tenje u slatkoj i slanoj vodi. Ima priklju\u010dke za ulaz vode od 19 mm i postolje koje se mo\u017ee instalirati u razli\u010ditim orijentacijama kako bi se zadovoljile razli\u010dite prostorne potrebe. Priklju\u010dak za odvod od 25 mm mo\u017ee se postaviti lijevo ili desno od maceratora, \u0161to pru\u017ea fleksibilnost tijekom instalacije.<\/p>\n<p>Bilo da se koristi na prometnim \u010darterskim brodovima ili konkurentskim olimpijskim jahtama, Jabsco Quiet Flush E2 elektri\u010dni pomorski WC u\u010dinkovito rje\u0161ava zna\u010dajne probleme upravljanja otpadom s kojima se susre\u0107u vlasnici brodova i proizvo\u0111a\u010di. Njegov jednostavan postupak instalacije, laka odr\u017eavanje i moderna kontrola putem dodirnog senzora pridonose pobolj\u0161anoj udobnosti i prakti\u010dnosti dok ste na vodi.<\/p>\n<p><strong>Klju\u010dne zna\u010dajke:<\/strong><\/p>\n<ul>\n<li><strong>Pokretna baza i pumpa za ispu\u0161tanje:<\/strong> Osigurava prilagodljivost u sku\u010denim prostorima.<\/li>\n<li><strong>Sistem brzog otpu\u0161tanja:<\/strong> Osigurava jednostavan pristup pumpi za ispu\u0161tanje za zadatke odr\u017eavanja.<\/li>\n<li><strong>Plo\u010da s dodirnim senzorom:<\/strong> Uklju\u010duje tri postavke, s ciklusom ispiranja ekolo\u0161kom \u0161tednjom vode.<\/li>\n<li><strong>Tih WC sjedalo s mekim zatvaranjem:<\/strong> Dostupno za standardne modele \u0161koljki.<\/li>\n<li><strong>Veli\u010dine \u0161koljki:<\/strong> Dostupne u kompaktnim i redovnim dimenzijama.<\/li>\n<li><strong>Modeli ispiranja:<\/strong> Dostupni za primjenu u slatkoj i morskoj vodi.<\/li>\n<li><strong>Lako \u010dista za\u0161titna navlaka:<\/strong> Olak\u0161ava odr\u017eavanje.<\/li>\n<\/ul>\n<p><strong>Jednostavna instalacija<\/strong><\/p>\n<p>Baza Quiet Flush E2 WC-a mo\u017ee se rotirati lijevo, desno ili prema stra\u017enjem dijelu \u0161koljke, omogu\u0107uju\u0107i razne konfiguracije instalacije. Pumpa za ispu\u0161tanje tako\u0111er se mo\u017ee rotirati 180 stupnjeva kako bi se uskladila s orijentacijom baze, osiguravaju\u0107i da voda ide prema stra\u017enjem dijelu WC-a. Dostupni su ravni i 90-stupnjeviti priklju\u010dci za ispu\u0161tanje za jednostavnu instalaciju.<\/p>\n<p><strong>Jednostavno odr\u017eavanje<\/strong><\/p>\n<p>Quiet Flush E2 je dizajniran s sistemom brzog otpu\u0161tanja koji omogu\u0107ava brzo uklanjanje pumpe za ispu\u0161tanje i crijeva kada je potrebno odr\u017eavanje. Dizajn C-Clip omogu\u0107ava odvajanje skupa pumpe od baze WC-a bez potrebe za alatom, \u0161to rezultira u\u010dinkovitim vremenima servisa.<\/p>\n<p><strong>Jednostavno kori\u0161tenje<\/strong><\/p>\n<p>Elegantni, niskoprofilni dizajn vi\u0161efunkcionalne dodirne plo\u010de namijenjen je instalacijama u vla\u017enim prostorima i podr\u017eava funkcije ekolo\u0161kog ispira i punog ispira. U ekolo\u0161kom re\u017eimu, koristi se samo 1 litra (1 kvart) vode po ispiranju. Touch panel tako\u0111er ima funkciju &#8216;pra\u017enjenja&#8217; bez prolijevanja kako bi \u0161koljka ostala suha dok je brod u pokretu.<\/p>\n<p><strong>Opcije ispiranja<\/strong><\/p>\n<p>Za ispiranje morskom, jezerskom ili rijekom vodom, Quiet Flush E2 elektri\u010dni WC uklju\u010duje 12V ili 24V 3GPM (11 LPM) Jabsco Par-Max 3 pumpu za ispiranje, 40 mre\u017eica u linijskom filtru i priklju\u010dke od \u00bd in\u010da (15 mm) za crijevo.<\/p>\n<p>Za ispiranje slatkom vodom na brodu, Quiet Flush E2 je opremljen solenoidnom ventilom, brzim spojnim port priklju\u010dcima, ulazom od \u00bd in\u010da (15 mm), izlazom od \u00be in\u010da (19 mm) i integriranim mre\u017eastim filtrom. Uklju\u010deni su i dvostruci povratni ventil kako bi se sprije\u010dila kontaminacija pitkom vodom, a sustav se mo\u017ee instalirati u bilo kojoj orijentaciji.<\/p>\n","protected":false},"excerpt":{"rendered":"<p>Elektri\u010dni WC Jabsco Quiet E2 12v &#8211; Jabsco Quiet E2 37245 serija elektri\u010dni WC je opremljen kerami\u010dkom \u0161koljkom, posebno dizajniran<\/p>\n","protected":false},"featured_media":5948950,"comment_status":"open","ping_status":"closed","template":"","meta":[],"product_brand":[3031],"product_cat":[1675],"product_tag":[],"class_list":{"0":"post-5950812","1":"product","2":"type-product","3":"status-publish","4":"has-post-thumbnail","6":"product_brand-jabsco-marine-hr","7":"product_cat-brodski-wc","9":"first","10":"instock","11":"shipping-taxable","12":"purchasable","13":"product-type-simple"},"_links":{"self":[{"href":"https:\/\/stoic-curie.212-227-153-4.plesk.page\/hr\/wp-json\/wp\/v2\/product\/5950812","targetHints":{"allow":["GET"]}}],"collection":[{"href":"https:\/\/stoic-curie.212-227-153-4.plesk.page\/hr\/wp-json\/wp\/v2\/product"}],"about":[{"href":"https:\/\/stoic-curie.212-227-153-4.plesk.page\/hr\/wp-json\/wp\/v2\/types\/product"}],"replies":[{"embeddable":true,"href":"https:\/\/stoic-curie.212-227-153-4.plesk.page\/hr\/wp-json\/wp\/v2\/comments?post=5950812"}],"version-history":[{"count":0,"href":"https:\/\/stoic-curie.212-227-153-4.plesk.page\/hr\/wp-json\/wp\/v2\/product\/5950812\/revisions"}],"wp:featuredmedia":[{"embeddable":true,"href":"https:\/\/stoic-curie.212-227-153-4.plesk.page\/hr\/wp-json\/wp\/v2\/media\/5948950"}],"wp:attachment":[{"href":"https:\/\/stoic-curie.212-227-153-4.plesk.page\/hr\/wp-json\/wp\/v2\/media?parent=5950812"}],"wp:term":[{"taxonomy":"product_brand","embeddable":true,"href":"https:\/\/stoic-curie.212-227-153-4.plesk.page\/hr\/wp-json\/wp\/v2\/product_brand?post=5950812"},{"taxonomy":"product_cat","embeddable":true,"href":"https:\/\/stoic-curie.212-227-153-4.plesk.page\/hr\/wp-json\/wp\/v2\/product_cat?post=5950812"},{"taxonomy":"product_tag","embeddable":true,"href":"https:\/\/stoic-curie.212-227-153-4.plesk.page\/hr\/wp-json\/wp\/v2\/product_tag?post=5950812"}],"curies":[{"name":"wp","href":"https:\/\/api.w.org\/{rel}","templated":true}]}}