{"id":5950813,"date":"2026-02-25T00:01:24","date_gmt":"2026-02-24T23:01:24","guid":{"rendered":"https:\/\/stoic-curie.212-227-153-4.plesk.page\/product\/elektricni-wc-jabsco-quiet-e2-24v\/"},"modified":"2026-02-25T00:01:24","modified_gmt":"2026-02-24T23:01:24","slug":"elektricni-wc-jabsco-quiet-e2-24v","status":"publish","type":"product","link":"https:\/\/stoic-curie.212-227-153-4.plesk.page\/hr\/product\/elektricni-wc-jabsco-quiet-e2-24v\/","title":{"rendered":"Elektricni WC Jabsco Quiet E2 24v"},"content":{"rendered":"<p>Elektricni WC Jabsco Quiet E2 24v &#8211; <\/p>\n<p>Jabsco Quiet E2 37245 serija je elektri\u010dni WC s kerami\u010dkom zdjelom dizajniran za tiho funkcioniranje i u\u010dinkovito upravljanje otpadom. Ovaj model dolazi s kontrolnom plo\u010dom i samopodiznom pumpom za vodu opremljenom filtrima, \u0161to ga \u010dini pogodnim za kori\u0161tenje u slatkoj i morskoj vodi. Ima ulaze za vodu promjera 19 mm, a baza se mo\u017ee montirati u razli\u010ditim smjerovima kako bi odgovarala razli\u010ditim prostornim zahtjevima. Izlazni priklju\u010dak za odvod promjera 25 mm mo\u017ee se postaviti lijevo ili desno od maceratora, \u0161to pru\u017ea fleksibilnost pri instalaciji.<\/p>\n<p>Bilo da se nalazi na prepunim charter brodovima ili regatnim jahtama, Jabsco Quiet Flush E2 elektri\u010dni morski WC rje\u0161ava zna\u010dajne izazove upravljanja otpadom s kojima se susre\u0107u vlasnici i proizvo\u0111a\u010di brodova. Njegova jednostavna instalacija, lako\u0107a odr\u017eavanja i elegantna kontrola na dodir pove\u0107avaju prakti\u010dnost i udobnost na vodi.<\/p>\n<p><strong>Klju\u010dne zna\u010dajke:<\/strong><\/p>\n<ul>\n<li><strong>Rotiraju\u0107a baza i pumpa za odvod:<\/strong> Pru\u017ea fleksibilnost u sku\u010denim prostorima.<\/li>\n<li><strong>Sustav brze otpu\u0161tanja:<\/strong> Omogu\u0107uje lak pristup pumpi za odvod radi odr\u017eavanja.<\/li>\n<li><strong>Plo\u010da s dodirnom kontrolom:<\/strong> Ima tri postavke, uklju\u010duju\u0107i ekolo\u0161ki na\u010din ispiranja vode.<\/li>\n<li><strong>Tihi meki poklopac:<\/strong> Dostupan na modelima s redovnom zdjelom.<\/li>\n<li><strong>Veli\u010dine zdjele:<\/strong> Dostupne u kompaktnim ili redovnim veli\u010dinama.<\/li>\n<li><strong>Modeli za ispiranje:<\/strong> Dostupni za slatku i sirovu vodu.<\/li>\n<li><strong>Jednostavna navlaka za \u010di\u0161\u0107enje:<\/strong> P pojednostavljuje odr\u017eavanje.<\/li>\n<\/ul>\n<p><strong>Jednostavna instalacija<\/strong><\/p>\n<p>Baza toaleta Quiet Flush E2 mo\u017ee se rotirati lijevo, desno ili prema stra\u017enjoj strani zdjele, omogu\u0107uju\u0107i vi\u0161e opcija instalacije. Pumpa za odvod tako\u0111er se mo\u017ee rotirati 180 stupnjeva kako bi odgovarala orijentaciji baze, osiguravaju\u0107i da vodovod bude usmjeren prema stra\u017enjoj strani toaleta. Dostupni su kako ravni tako i 90-stupanjski priklju\u010dci za jednostavnu instalaciju.<\/p>\n<p><strong>Jednostavno odr\u017eavanje<\/strong><\/p>\n<p>Quiet Flush E2 ima sustav brze otpu\u0161tanja koji omogu\u0107uje brzo uklanjanje pumpe za odvod i crijeva kada je potrebna usluga. Dizajn C-Clip omogu\u0107uje odvajanje sklopnog sklopa pumpe od baze toaleta bez alata, \u0161to rezultira br\u017eim vremenima servisiranja.<\/p>\n<p><strong>Jednostavno upravljanje<\/strong><\/p>\n<p>Elegantni, niskoprofilni dizajn vi\u0161efunkcionalne dodirne plo\u010de dizajniran je za mokre prostorije i omogu\u0107ava obavljanje ekolo\u0161kih i punih ispiranja. U ekolo\u0161kom na\u010dinu koristi se samo 1 litra (1 kvart) vode po ispiranju. Dodirna plo\u010da tako\u0111er uklju\u010duje funkciju &#8216;isprazni&#8217; koja ne prolijeva kako bi zadr\u017eala zdjelu suhom dok je brod u pokretu.<\/p>\n<p><strong>Mogu\u0107nosti ispiranja<\/strong><\/p>\n<p>Za ispiranje morem, jezerskom ili rijekom, elektri\u010dni WC Quiet Flush E2 uklju\u010duje 12V ili 24V 3GPM (11 LPM) Jabsco Par-Max 3 pumpu za ispiranje, 40-mre\u017eni in-line filtar i \u00bd in\u010dne (15 mm) priklju\u010dke za crijeva.<\/p>\n<p>Za ispiranje svje\u017eom vodom na brodu, Quiet Flush E2 dolazi s solenoidnom ventilom, brzim priklju\u010dnim priklju\u010dcima, \u00bd in\u010dnim (15 mm) ulazom, \u00be in\u010dnim (19 mm) izlazom i integralnim mre\u017eastim filtarom. Uklju\u010dena je dvostruka povratna ventilacija kako bi se sprije\u010dila kontaminacija pitke vode, a sustav se mo\u017ee montirati u bilo kojoj orijentaciji.<\/p>\n","protected":false},"excerpt":{"rendered":"<p>Elektricni WC Jabsco Quiet E2 24v &#8211; Jabsco Quiet E2 37245 serija je elektri\u010dni WC s kerami\u010dkom zdjelom dizajniran za<\/p>\n","protected":false},"featured_media":5948950,"comment_status":"open","ping_status":"closed","template":"","meta":[],"product_brand":[3031],"product_cat":[1675],"product_tag":[],"class_list":{"0":"post-5950813","1":"product","2":"type-product","3":"status-publish","4":"has-post-thumbnail","6":"product_brand-jabsco-marine-hr","7":"product_cat-brodski-wc","9":"first","10":"instock","11":"shipping-taxable","12":"purchasable","13":"product-type-simple"},"_links":{"self":[{"href":"https:\/\/stoic-curie.212-227-153-4.plesk.page\/hr\/wp-json\/wp\/v2\/product\/5950813","targetHints":{"allow":["GET"]}}],"collection":[{"href":"https:\/\/stoic-curie.212-227-153-4.plesk.page\/hr\/wp-json\/wp\/v2\/product"}],"about":[{"href":"https:\/\/stoic-curie.212-227-153-4.plesk.page\/hr\/wp-json\/wp\/v2\/types\/product"}],"replies":[{"embeddable":true,"href":"https:\/\/stoic-curie.212-227-153-4.plesk.page\/hr\/wp-json\/wp\/v2\/comments?post=5950813"}],"version-history":[{"count":0,"href":"https:\/\/stoic-curie.212-227-153-4.plesk.page\/hr\/wp-json\/wp\/v2\/product\/5950813\/revisions"}],"wp:featuredmedia":[{"embeddable":true,"href":"https:\/\/stoic-curie.212-227-153-4.plesk.page\/hr\/wp-json\/wp\/v2\/media\/5948950"}],"wp:attachment":[{"href":"https:\/\/stoic-curie.212-227-153-4.plesk.page\/hr\/wp-json\/wp\/v2\/media?parent=5950813"}],"wp:term":[{"taxonomy":"product_brand","embeddable":true,"href":"https:\/\/stoic-curie.212-227-153-4.plesk.page\/hr\/wp-json\/wp\/v2\/product_brand?post=5950813"},{"taxonomy":"product_cat","embeddable":true,"href":"https:\/\/stoic-curie.212-227-153-4.plesk.page\/hr\/wp-json\/wp\/v2\/product_cat?post=5950813"},{"taxonomy":"product_tag","embeddable":true,"href":"https:\/\/stoic-curie.212-227-153-4.plesk.page\/hr\/wp-json\/wp\/v2\/product_tag?post=5950813"}],"curies":[{"name":"wp","href":"https:\/\/api.w.org\/{rel}","templated":true}]}}